{"id":97,"date":"2015-06-01T19:06:44","date_gmt":"2015-06-01T17:06:44","guid":{"rendered":"http:\/\/dariusz-muszer.de\/pl\/?page_id=97"},"modified":"2019-09-11T22:42:24","modified_gmt":"2019-09-11T20:42:24","slug":"niebieski","status":"publish","type":"page","link":"https:\/\/dariusz-muszer.de\/pl\/proza\/niebieski\/","title":{"rendered":"Niebieski"},"content":{"rendered":"<p><a href=\"https:\/\/dariusz-muszer.de\/pl\/wp-content\/uploads\/sites\/2\/2015\/06\/niebieski.jpg\" rel=\"lightbox[97]\"><img loading=\"lazy\" decoding=\"async\" class=\"alignleft wp-image-447 size-medium\" src=\"https:\/\/dariusz-muszer.de\/pl\/wp-content\/uploads\/sites\/2\/2015\/06\/niebieski-300x300.jpg\" alt=\"Niebieski\" width=\"300\" height=\"300\" srcset=\"https:\/\/dariusz-muszer.de\/pl\/wp-content\/uploads\/sites\/2\/2015\/06\/niebieski-300x300.jpg 300w, https:\/\/dariusz-muszer.de\/pl\/wp-content\/uploads\/sites\/2\/2015\/06\/niebieski-200x200.jpg 200w, https:\/\/dariusz-muszer.de\/pl\/wp-content\/uploads\/sites\/2\/2015\/06\/niebieski.jpg 600w\" sizes=\"auto, (max-width: 300px) 100vw, 300px\" \/><\/a>Dariusz Muszer<br \/>\n<strong>Niebieski<\/strong><br \/>\npowie\u015b\u0107<\/p>\n<p><a href=\"http:\/\/www.wforma.eu\/muszer-dariusz,60.html\">Wydawnictwo Forma<\/a><br \/>\nSzczecin 2006<\/p>\n<p>158 stron<\/p>\n<p>ISBN 83-922577-2-3<\/p>\n<p>&nbsp;<\/p>\n<p>&nbsp;<\/p>\n<hr \/>\n<h3>Nota wydawcy:<\/h3>\n<p>Niebieski to utrzymana w konwencji absurdu, pe\u0142na humoru i sarkazmu powie\u015b\u0107 o ponownym przybyciu zbawiciela na Ziemi\u0119. Niebieski jest niczym apokryficzna ba\u015b\u0144, w kt\u00f3rej mity, legendy i tradycja religijna poddane zosta\u0142y konfrontacji z rzeczywisto\u015bci\u0105 i sta\u0142y si\u0119 elementami przewrotnej gry, kt\u00f3r\u0105 autor prowadzi z czytelnikiem. Ksi\u0105\u017cka ta, zmusza wi\u0119c do zastanowienia i refleksji, cho\u0107 tak\u017ce bawi, mimo i\u017c miejscami jest przera\u017caj\u0105ca. Nic dziwnego, \u017ce niemiecka krytyka literacka uwa\u017ca, i\u017c \u201eprzebywanie z Dariuszem Muszerem w jednym pomieszczeniu jest mniej wi\u0119cej tak samo przyjemne, jak z bra\u0107mi Kliczko w windzie.\u201d<\/p>\n<hr \/>\n<h3>G\u0142osy krytyki:<\/h3>\n<blockquote><p>Znana z NT historia zosta\u0142a tym razem odmalowana jakby w krzywym zwierciadle i oprawiona w bogaty ornament poga\u0144skich mit\u00f3w i ba\u015bni ludowych. Staro\u017cytny motyw ka\u017ani bo\u017cego pomaza\u0144ca ubogacono epizodami rodem z II wojny \u015bwiatowej \u2013 nocnym desantem cichociemnego czy brutaln\u0105 pacyfikacj\u0105 P\u00f3\u0142nocnej Wioski. Bezpo\u015brednie starcie Niebieskiego z siedmiog\u0142owym monstrum \u017cywcem przypomina alegori\u0119 walki \u015bw. Jerzego ze smokiem. Oto typowy postmodernistyczny miszmasz, przywo\u0142uj\u0105cy na my\u015bl pomys\u0142y Stanis\u0142awa Lema czy te\u017c S\u0142awomira Mro\u017cka. Istotn\u0105 rol\u0119 w tych powi\u0105zaniach odgrywa szlif satyryczny. (&#8230;) Ksi\u0105\u017cka Dariusza Muszera jest wsp\u00f3\u0142czesnym apokryfem, kt\u00f3ry w zakresie reinterpretacji biblijnych tre\u015bci nawi\u0105zuje do popularnych koncepcji Ericha von D\u00e4nikena. (&#8230;) Warto zwr\u00f3ci\u0107 szczeg\u00f3ln\u0105 uwag\u0119 na stricte literackie walory tej opowie\u015bci. Muszer jest znakomitym gaw\u0119dziarzem.<br \/>\n<strong><a href=\"https:\/\/dariusz-muszer.de\/pl\/stanislaw-chyczynski-apokryf-o-niebieskim\/\">Stanis\u0142aw Chyczy\u0144ski, LATARNIA MORSKA<\/a><\/strong><\/p>\n<p>Niczego u Muszera z tradycji biblijnej nie zabrak\u0142o. Pojawia si\u0119 nawet p\u00f3\u0142naga wszetecznica i niewierni, cho\u0107 tym razem Jadzia i Zdzisiu, a nie Tomasz jak przed dwoma tysi\u0105cami lat, ale wszystko pojawia si\u0119 tu nie na swoim miejscu, ka\u017cdy symbol jest tu zdeformowany. Ubrany w kombinezon nie\u015bmiertelno\u015bci i pomalowany najnowszym cudem techniki, Niebieski bardziej przypomina Marsjanina ni\u017c boskiego dziedzica, maj\u0105cego przynie\u015b\u0107 ludziom wyzwolenie. \u015awi\u0119t\u0105 relikwi\u0105 jest w powie\u015bci spadochron, a na miejscu os\u0142a pojawia si\u0119 bia\u0142a koza, kt\u00f3ra przecie\u017c w tradycji europejskiej zwi\u0105zana jest z ide\u0105 grzechu i z legendami o diab\u0142ach. W w\u0105tki biblijne pisarz wplata mity i ba\u015bnie ludowego pochodzenia, jak legend\u0119 o kwiecie paproci czy o bli\u017aniakach Walig\u00f3rze i Wyrwid\u0119bie, nazywanych przez Niebieskiego Walig\u00f3rzysko i Wyrwid\u0119bczak i razem z nim udrabinowanych. Pojawia si\u0119 te\u017c w\u0105tek z Wesela Wyspia\u0144skiego. St\u0105d j\u0119zyk stylizowany jest zar\u00f3wno na biblijny, jak i na ludowy. Jak trafnie zauwa\u017ca czarownica, \u201eWszystko na tym \u015bwiecie jest zaczarowane\u201d. (&#8230;)<br \/>\nDariusz Muszer pisze, aby nie zdechn\u0105\u0107 z nud\u00f3w we wsp\u00f3\u0142czesnym \u015bwiecie. \u201eNiebieski\u201d to ksi\u0105\u017cka dla tych, kt\u00f3rzy podobnie jak jej autor nie chc\u0105 zanudzi\u0107 si\u0119 na \u015bmier\u0107 w dzisiejszych niepoetyckich czasach, kiedy \u201eprzoduj\u0105 kultury bladych twarzy\u201d.<br \/>\n<strong><a href=\"https:\/\/dariusz-muszer.de\/pl\/anna-dobiegala-zeby-nie-zdechnac-z-nudow\/\">Anna Dobiega\u0142a, PORTRET ONLINE<\/a><\/strong><\/p>\n<p>Jedn\u0105 z ba\u015bni, przypowie\u015bci\u0105, nieodkrytym dot\u0105d apokryfem jest Niebieski, historia zbawiciela wys\u0142anego na ziemi\u0119 raz jeszcze, kt\u00f3ry jednak znacznie bardziej wpisuje si\u0119 w konwencj\u0119 \u017bywotu Briana Monthy Pythona ni\u017c w natchnione Pismo. Przypomniana historia wci\u015bni\u0119ta w specyficzny kontekst dzisiejszych polskich reali\u00f3w, przedstawianych z punktu widzenia samego odkupiciela jest przyk\u0142adem specyficznych cech obecnej u Muszera ba\u015bniowo\u015bci, kt\u00f3ra wt\u0142oczona w fizyczne, zbrutalizowane ramy \u015bwiata przestaje by\u0107 zawieszon\u0105 w powietrzu bajk\u0105, podaniem czy legend\u0105, nabieraj\u0105c krwistych znamion rzeczywisto\u015bci.<br \/>\n<strong>Grzegorz Gorzechowski, PRO LIBRIS<\/strong><\/p>\n<p>(&#8230;) ma powie\u015b\u0107 Muszera du\u017co bardzo swoistego uroku. (&#8230;) Niebieskiego czyta si\u0119 bardzo przyjemnie. I, jak to zwykle bywa, jest to takie uczucie przyjemno\u015bci, kt\u00f3rego, jak na z\u0142o\u015b\u0107, nie spos\u00f3b przekonywuj\u0105co wyja\u015bni\u0107.<br \/>\n<strong><a href=\"https:\/\/dariusz-muszer.de\/pl\/arkadiusz-faltyn-odcienie-niebieskiego\/\">Arkadiusz Faltyn, POGRANICZA<\/a><\/strong><\/p>\n<p>Niebieski\/Jezus zst\u0119puje na ten pad\u00f3\u0142 \u0142ez, aby za\u017cegna\u0107 od dawien dawna trwaj\u0105cy konflikt i przep\u0119dzi\u0107 r\u00f3\u017cnorakie niecnoty. \u015awiat wygl\u0105da jednak inaczej ni\u017c napisano w pi\u015bmie: na Zbawc\u0119 nikt nie czeka, wszyscy \u017cyj\u0105 w\u0142asnym \u017cyciem, z przymru\u017ceniem oka spogl\u0105daj\u0105 na kolorowego przybysza upatruj\u0105c w nim jednego z setek prorok\u00f3w. Szlachetna misja naprawy \u015bwiata bierze wi\u0119c w \u0142eb. Nieodwo\u0142alnie.<br \/>\n<strong>Bartosz Staszczyszyn, LAMPA<\/strong><\/p>\n<p>Mimo \u017ce Niebieski jest powie\u015bci\u0105 fikcyjn\u0105, to jej sens i przes\u0142anie jak najbardziej odnosi si\u0119 r\u00f3wnie\u017c do \u015bwiata wsp\u00f3\u0142czesnego. To proza, kt\u00f3ra ma zach\u0119ci\u0107 do zadawania pyta\u0144. Zastosowany w niej humor, trywializacja i elementy absurdu stanowi\u0105 jedynie narz\u0119dzia, kt\u00f3rymi autor zdecydowa\u0142 si\u0119 pos\u0142u\u017cy\u0107, aby trafi\u0107 do \u015bwiadomo\u015bci swojego odbiorcy. Wed\u0142ug mnie narz\u0119dzia te wybra\u0142 doskonale, tworz\u0105c w ten spos\u00f3b co\u015b naprawd\u0119 niebanalnego.<br \/>\n<strong><a href=\"https:\/\/dariusz-muszer.de\/pl\/kamil-nowak-wielki-powrot-niebieskiego\/\">Kamil Nowak, Papierowe My\u015bli<\/a><\/strong><\/p><\/blockquote>\n","protected":false},"excerpt":{"rendered":"<p>Dariusz Muszer Niebieski powie\u015b\u0107 Wydawnictwo Forma Szczecin 2006 158 stron ISBN 83-922577-2-3 &nbsp; &nbsp; Nota wydawcy: Niebieski to utrzymana w konwencji absurdu, pe\u0142na humoru i sarkazmu powie\u015b\u0107 o ponownym przybyciu zbawiciela na Ziemi\u0119. Niebieski jest niczym apokryficzna ba\u015b\u0144, w kt\u00f3rej mity, legendy i tradycja religijna poddane zosta\u0142y konfrontacji z rzeczywisto\u015bci\u0105 i sta\u0142y si\u0119 elementami przewrotnej [&hellip;]<\/p>\n","protected":false},"author":1,"featured_media":0,"parent":92,"menu_order":7,"comment_status":"closed","ping_status":"closed","template":"","meta":{"footnotes":""},"class_list":["post-97","page","type-page","status-publish","hentry"],"yoast_head":"<!-- This site is optimized with the Yoast SEO plugin v27.0 - https:\/\/yoast.com\/product\/yoast-seo-wordpress\/ -->\n<title>Niebieski - Dariusz Muszer<\/title>\n<meta name=\"description\" content=\"&quot;Niebieski&quot; Dariusza Muszera to utrzymana w konwencji absurdu, pe\u0142na humoru i sarkazmu powie\u015b\u0107 o ponownym przybyciu zbawiciela na Ziemi\u0119.\" \/>\n<meta name=\"robots\" content=\"index, follow, max-snippet:-1, max-image-preview:large, max-video-preview:-1\" \/>\n<link rel=\"canonical\" href=\"https:\/\/dariusz-muszer.de\/pl\/proza\/niebieski\/\" \/>\n<meta property=\"og:locale\" content=\"pl_PL\" \/>\n<meta property=\"og:type\" content=\"article\" \/>\n<meta property=\"og:title\" content=\"Niebieski - Dariusz Muszer\" \/>\n<meta property=\"og:description\" content=\"&quot;Niebieski&quot; Dariusza Muszera to utrzymana w konwencji absurdu, pe\u0142na humoru i sarkazmu powie\u015b\u0107 o ponownym przybyciu zbawiciela na Ziemi\u0119.\" \/>\n<meta property=\"og:url\" content=\"https:\/\/dariusz-muszer.de\/pl\/proza\/niebieski\/\" \/>\n<meta property=\"og:site_name\" content=\"Dariusz Muszer\" \/>\n<meta property=\"article:modified_time\" content=\"2019-09-11T20:42:24+00:00\" \/>\n<meta property=\"og:image\" content=\"http:\/\/dariusz-muszer.de\/pl\/wp-content\/uploads\/sites\/2\/2015\/06\/niebieski-300x300.jpg\" \/>\n<meta name=\"twitter:card\" content=\"summary_large_image\" \/>\n<meta name=\"twitter:label1\" content=\"Szacowany czas czytania\" \/>\n\t<meta name=\"twitter:data1\" content=\"4 minuty\" \/>\n<script type=\"application\/ld+json\" class=\"yoast-schema-graph\">{\"@context\":\"https:\/\/schema.org\",\"@graph\":[{\"@type\":\"WebPage\",\"@id\":\"https:\/\/dariusz-muszer.de\/pl\/proza\/niebieski\/\",\"url\":\"https:\/\/dariusz-muszer.de\/pl\/proza\/niebieski\/\",\"name\":\"Niebieski - Dariusz Muszer\",\"isPartOf\":{\"@id\":\"https:\/\/dariusz-muszer.de\/pl\/#website\"},\"primaryImageOfPage\":{\"@id\":\"https:\/\/dariusz-muszer.de\/pl\/proza\/niebieski\/#primaryimage\"},\"image\":{\"@id\":\"https:\/\/dariusz-muszer.de\/pl\/proza\/niebieski\/#primaryimage\"},\"thumbnailUrl\":\"http:\/\/dariusz-muszer.de\/pl\/wp-content\/uploads\/sites\/2\/2015\/06\/niebieski-300x300.jpg\",\"datePublished\":\"2015-06-01T17:06:44+00:00\",\"dateModified\":\"2019-09-11T20:42:24+00:00\",\"description\":\"\\\"Niebieski\\\" Dariusza Muszera to utrzymana w konwencji absurdu, pe\u0142na humoru i sarkazmu powie\u015b\u0107 o ponownym przybyciu zbawiciela na Ziemi\u0119.\",\"breadcrumb\":{\"@id\":\"https:\/\/dariusz-muszer.de\/pl\/proza\/niebieski\/#breadcrumb\"},\"inLanguage\":\"pl-PL\",\"potentialAction\":[{\"@type\":\"ReadAction\",\"target\":[\"https:\/\/dariusz-muszer.de\/pl\/proza\/niebieski\/\"]}]},{\"@type\":\"ImageObject\",\"inLanguage\":\"pl-PL\",\"@id\":\"https:\/\/dariusz-muszer.de\/pl\/proza\/niebieski\/#primaryimage\",\"url\":\"http:\/\/dariusz-muszer.de\/pl\/wp-content\/uploads\/sites\/2\/2015\/06\/niebieski-300x300.jpg\",\"contentUrl\":\"http:\/\/dariusz-muszer.de\/pl\/wp-content\/uploads\/sites\/2\/2015\/06\/niebieski-300x300.jpg\"},{\"@type\":\"BreadcrumbList\",\"@id\":\"https:\/\/dariusz-muszer.de\/pl\/proza\/niebieski\/#breadcrumb\",\"itemListElement\":[{\"@type\":\"ListItem\",\"position\":1,\"name\":\"Strona g\u0142\u00f3wna\",\"item\":\"https:\/\/dariusz-muszer.de\/pl\/\"},{\"@type\":\"ListItem\",\"position\":2,\"name\":\"Proza\",\"item\":\"https:\/\/dariusz-muszer.de\/pl\/proza\/\"},{\"@type\":\"ListItem\",\"position\":3,\"name\":\"Niebieski\"}]},{\"@type\":\"WebSite\",\"@id\":\"https:\/\/dariusz-muszer.de\/pl\/#website\",\"url\":\"https:\/\/dariusz-muszer.de\/pl\/\",\"name\":\"Dariusz Muszer\",\"description\":\"pisarz\",\"potentialAction\":[{\"@type\":\"SearchAction\",\"target\":{\"@type\":\"EntryPoint\",\"urlTemplate\":\"https:\/\/dariusz-muszer.de\/pl\/?s={search_term_string}\"},\"query-input\":{\"@type\":\"PropertyValueSpecification\",\"valueRequired\":true,\"valueName\":\"search_term_string\"}}],\"inLanguage\":\"pl-PL\"}]}<\/script>\n<!-- \/ Yoast SEO plugin. -->","yoast_head_json":{"title":"Niebieski - Dariusz Muszer","description":"\"Niebieski\" Dariusza Muszera to utrzymana w konwencji absurdu, pe\u0142na humoru i sarkazmu powie\u015b\u0107 o ponownym przybyciu zbawiciela na Ziemi\u0119.","robots":{"index":"index","follow":"follow","max-snippet":"max-snippet:-1","max-image-preview":"max-image-preview:large","max-video-preview":"max-video-preview:-1"},"canonical":"https:\/\/dariusz-muszer.de\/pl\/proza\/niebieski\/","og_locale":"pl_PL","og_type":"article","og_title":"Niebieski - Dariusz Muszer","og_description":"\"Niebieski\" Dariusza Muszera to utrzymana w konwencji absurdu, pe\u0142na humoru i sarkazmu powie\u015b\u0107 o ponownym przybyciu zbawiciela na Ziemi\u0119.","og_url":"https:\/\/dariusz-muszer.de\/pl\/proza\/niebieski\/","og_site_name":"Dariusz Muszer","article_modified_time":"2019-09-11T20:42:24+00:00","og_image":[{"url":"http:\/\/dariusz-muszer.de\/pl\/wp-content\/uploads\/sites\/2\/2015\/06\/niebieski-300x300.jpg","type":"","width":"","height":""}],"twitter_card":"summary_large_image","twitter_misc":{"Szacowany czas czytania":"4 minuty"},"schema":{"@context":"https:\/\/schema.org","@graph":[{"@type":"WebPage","@id":"https:\/\/dariusz-muszer.de\/pl\/proza\/niebieski\/","url":"https:\/\/dariusz-muszer.de\/pl\/proza\/niebieski\/","name":"Niebieski - Dariusz Muszer","isPartOf":{"@id":"https:\/\/dariusz-muszer.de\/pl\/#website"},"primaryImageOfPage":{"@id":"https:\/\/dariusz-muszer.de\/pl\/proza\/niebieski\/#primaryimage"},"image":{"@id":"https:\/\/dariusz-muszer.de\/pl\/proza\/niebieski\/#primaryimage"},"thumbnailUrl":"http:\/\/dariusz-muszer.de\/pl\/wp-content\/uploads\/sites\/2\/2015\/06\/niebieski-300x300.jpg","datePublished":"2015-06-01T17:06:44+00:00","dateModified":"2019-09-11T20:42:24+00:00","description":"\"Niebieski\" Dariusza Muszera to utrzymana w konwencji absurdu, pe\u0142na humoru i sarkazmu powie\u015b\u0107 o ponownym przybyciu zbawiciela na Ziemi\u0119.","breadcrumb":{"@id":"https:\/\/dariusz-muszer.de\/pl\/proza\/niebieski\/#breadcrumb"},"inLanguage":"pl-PL","potentialAction":[{"@type":"ReadAction","target":["https:\/\/dariusz-muszer.de\/pl\/proza\/niebieski\/"]}]},{"@type":"ImageObject","inLanguage":"pl-PL","@id":"https:\/\/dariusz-muszer.de\/pl\/proza\/niebieski\/#primaryimage","url":"http:\/\/dariusz-muszer.de\/pl\/wp-content\/uploads\/sites\/2\/2015\/06\/niebieski-300x300.jpg","contentUrl":"http:\/\/dariusz-muszer.de\/pl\/wp-content\/uploads\/sites\/2\/2015\/06\/niebieski-300x300.jpg"},{"@type":"BreadcrumbList","@id":"https:\/\/dariusz-muszer.de\/pl\/proza\/niebieski\/#breadcrumb","itemListElement":[{"@type":"ListItem","position":1,"name":"Strona g\u0142\u00f3wna","item":"https:\/\/dariusz-muszer.de\/pl\/"},{"@type":"ListItem","position":2,"name":"Proza","item":"https:\/\/dariusz-muszer.de\/pl\/proza\/"},{"@type":"ListItem","position":3,"name":"Niebieski"}]},{"@type":"WebSite","@id":"https:\/\/dariusz-muszer.de\/pl\/#website","url":"https:\/\/dariusz-muszer.de\/pl\/","name":"Dariusz Muszer","description":"pisarz","potentialAction":[{"@type":"SearchAction","target":{"@type":"EntryPoint","urlTemplate":"https:\/\/dariusz-muszer.de\/pl\/?s={search_term_string}"},"query-input":{"@type":"PropertyValueSpecification","valueRequired":true,"valueName":"search_term_string"}}],"inLanguage":"pl-PL"}]}},"_links":{"self":[{"href":"https:\/\/dariusz-muszer.de\/pl\/wp-json\/wp\/v2\/pages\/97","targetHints":{"allow":["GET"]}}],"collection":[{"href":"https:\/\/dariusz-muszer.de\/pl\/wp-json\/wp\/v2\/pages"}],"about":[{"href":"https:\/\/dariusz-muszer.de\/pl\/wp-json\/wp\/v2\/types\/page"}],"author":[{"embeddable":true,"href":"https:\/\/dariusz-muszer.de\/pl\/wp-json\/wp\/v2\/users\/1"}],"replies":[{"embeddable":true,"href":"https:\/\/dariusz-muszer.de\/pl\/wp-json\/wp\/v2\/comments?post=97"}],"version-history":[{"count":1,"href":"https:\/\/dariusz-muszer.de\/pl\/wp-json\/wp\/v2\/pages\/97\/revisions"}],"predecessor-version":[{"id":1029,"href":"https:\/\/dariusz-muszer.de\/pl\/wp-json\/wp\/v2\/pages\/97\/revisions\/1029"}],"up":[{"embeddable":true,"href":"https:\/\/dariusz-muszer.de\/pl\/wp-json\/wp\/v2\/pages\/92"}],"wp:attachment":[{"href":"https:\/\/dariusz-muszer.de\/pl\/wp-json\/wp\/v2\/media?parent=97"}],"curies":[{"name":"wp","href":"https:\/\/api.w.org\/{rel}","templated":true}]}}