{"id":94,"date":"2015-06-01T18:15:05","date_gmt":"2015-06-01T16:15:05","guid":{"rendered":"http:\/\/dariusz-muszer.de\/pl\/?page_id=94"},"modified":"2019-09-11T22:42:25","modified_gmt":"2019-09-11T20:42:25","slug":"ludziojad","status":"publish","type":"page","link":"https:\/\/dariusz-muszer.de\/pl\/proza\/ludziojad\/","title":{"rendered":"Ludziojad"},"content":{"rendered":"<p><a href=\"https:\/\/dariusz-muszer.de\/pl\/wp-content\/uploads\/sites\/2\/2015\/06\/ludziojad.jpg\" rel=\"lightbox[94]\"><img loading=\"lazy\" decoding=\"async\" class=\"alignleft wp-image-439 size-medium\" src=\"https:\/\/dariusz-muszer.de\/pl\/wp-content\/uploads\/sites\/2\/2015\/06\/ludziojad-209x300.jpg\" alt=\"Ludziojad\" width=\"209\" height=\"300\" srcset=\"https:\/\/dariusz-muszer.de\/pl\/wp-content\/uploads\/sites\/2\/2015\/06\/ludziojad-209x300.jpg 209w, https:\/\/dariusz-muszer.de\/pl\/wp-content\/uploads\/sites\/2\/2015\/06\/ludziojad-139x200.jpg 139w, https:\/\/dariusz-muszer.de\/pl\/wp-content\/uploads\/sites\/2\/2015\/06\/ludziojad.jpg 600w\" sizes=\"auto, (max-width: 209px) 100vw, 209px\" \/><\/a>Dariusz Muszer<br \/>\n<strong>Ludziojad<\/strong><br \/>\npowie\u015b\u0107<\/p>\n<p>Projekt ok\u0142adki: Yngwarr Aptrgoengumenn<br \/>\nGrafika na ok\u0142adce: Marek Benczewski<br \/>\nArchipel Verlag<br \/>\nHannover 1993<\/p>\n<p>Nak\u0142ad wyczerpany<\/p>\n<p>&nbsp;<\/p>\n<p>&nbsp;<\/p>\n<hr \/>\n<p><a href=\"https:\/\/dariusz-muszer.de\/pl\/wp-content\/uploads\/sites\/2\/2015\/06\/zwischen-den-linien-eine-polnische-anthologie-tumb.jpg\" rel=\"lightbox[94]\"><img loading=\"lazy\" decoding=\"async\" class=\" size-full wp-image-171 alignright\" src=\"https:\/\/dariusz-muszer.de\/pl\/wp-content\/uploads\/sites\/2\/2015\/06\/zwischen-den-linien-eine-polnische-anthologie-tumb.jpg\" alt=\"Zwischen den Linien. Eine polnische Anthologie\" width=\"70\" height=\"129\" \/><\/a>Trzy pocz\u0105tkowe rozdzia\u0142y &#8222;Ludziojada&#8221; (&#8222;Der Menschenesser&#8221;) opublikowane zosta\u0142y po niemiecku w antologii &#8222;Zwischen den Linien. Eine polnische Anthologie&#8221; (Postskriptum Verlag 1996, Hannover, str. 154-169) w t\u0142umaczneniu <a href=\"http:\/\/pl.wikipedia.org\/wiki\/Henryk_Bereska\">Henryka Bereski<\/a> i Evy Tietz.<\/p>\n<h3>G\u0142osy krytyki:<\/h3>\n<blockquote><p>Wspania\u0142y, ironiczny i opanowany jest j\u0119zyk tego Dariusza Muszera.<br \/>\n<strong>Henryk Bereska, Pos\u0142owie do: Zwischen den Linien. Eine polnische Anthologie<\/strong><\/p>\n<p>\u201cLudziojad\u201d to powie\u015b\u0107 w konwencji \u0142otrzykowskiej \u2013 przygodowa, brawurowa, nonszalancka, z charakterystycznym humorem i dystansem podmiotu do innych i do siebie. Styl jej mocno jest zanurzony w stylistyce Gombrowicza \u2013 kpina, hiperbola j\u0119zykowa, powt\u00f3rzenia, ironia, etc.<br \/>\nZwi\u0105zki z problematyk\u0105 Gombrowicza te\u017c istniej\u0105, cho\u015b w w\u0119\u017cszym zakresie. Podobny jest obrazoburczy stosunek do bogoojczy\u017anianych obsesji. Gombrowiczowska \u201ckupa\u201d u Muszera idzie na \u017cywio\u0142. \u201cLudziojad\u201d to busz, obficie zasadzony w tw\u00f3rczej ekstazie.<br \/>\n<strong>Ewa Borkowska, TOPOS<\/strong><\/p>\n<p>\u201cLudziojad\u201d jest powie\u015bci\u0105 o spotkaniu nieznanych \u015bwiat\u00f3w. Kiedy uprowadzony z PGR-u samolot do rozsiewania nawoz\u00f3w l\u0105duje na pustyni, musi oczywi\u015bcie spotka\u0107 ludo\u017cerc\u00f3w obwieszonych naszyjnikami z ludzkich piszczeli i pos\u0142uguj\u0105cych si\u0119 j\u0119zykiem z\u0142o\u017conym wy\u0142\u0105cznie ze s\u0142owa \u201cchrum\u201d, a p\u00f3\u017aniej obdarzone ognistym temperamentem Amazonki (jedna z nich nosi typowo \u201ctubylcze\u201d imi\u0119 Umma-Gumma) w wiadomych celach uprowadzaj\u0105 m\u0119\u017cczyzn. Nieuniknione jest te\u017c pojawienie si\u0119 \u0142owc\u00f3w niewolnik\u00f3w \u2013 ale o tym p\u00f3\u017aniej. Na razie bohater \u2013 jak na bia\u0142ego cz\u0142owieka przysta\u0142o \u2013 ma do wype\u0142nienia \u201cmisj\u0119 cywilizacyjn\u0105\u201d wobec \u201ctubylc\u00f3w\u201d. Poniewa\u017c jednak jest to bia\u0142y cz\u0142owiek przyby\u0142y z pa\u0144stwa o nazwie PRL, rozpoczyna t\u0119 misj\u0119 od integrowania ich (czy mo\u017ce kszta\u0142towania jedno\u015bci moralno-politycznej?) przy pomocy pie\u015bni masowych z \u201cMi\u0119dzynarod\u00f3wk\u0105\u201d na czele, a nast\u0119pnie wprowadza reglamentacj\u0119 (najpierw dzid bojowych, potem ludzkiego mi\u0119sa z kot\u0142a).<br \/>\nZa spraw\u0105 \u0142owcy niewolnik\u00f3w bohater-narrator trafia w ko\u0144cu do zupe\u0142nie innego \u015bwiata, reprezentowanego przez jego nabywc\u0119, farmera Franka Angera, kt\u00f3ry \u201crano m\u00f3wi\u0142 tak raczej z niemiecka, w po\u0142udnie z francuska, a po po\u0142udniu tak jakby z angielska\u201d.<br \/>\nPolsko\u015b\u0107 wlecze si\u0119 za bohaterem w dw\u00f3ch postaciach: w formie stereotyp\u00f3w, poprzez kt\u00f3re postrzega nieznan\u0105 rzeczywisto\u015b\u0107, i w jego j\u0119zyku. Cz\u0119sto co wypowied\u0107, to strawestowany cytat \u2013 od krakowiak\u00f3w i \u201csz\u0142a dzieweczka do laseczka\u201d, poprzez trzech wieszcz\u00f3w i \u017beromskiego a\u017c po zbitki s\u0142owne z \u201cTrybuny Ludu\u201d. Bohater Muszera szarpie si\u0119 z cy\u0142ym tym przytarganym znad Wis\u0142y baga\u017cem po gombowiczowsku, ale z wi\u0119ksz\u0105 dezynwoltur\u0105, bardziej na weso\u0142o \u2013 bawi\u0105c si\u0119 s\u0142owami, cytatami, stereotypami jak \u017congler kulkami.<br \/>\n<strong>A.Grabowski, St. Truchan, SZANSA i TY<\/strong><\/p><\/blockquote>\n","protected":false},"excerpt":{"rendered":"<p>Dariusz Muszer Ludziojad powie\u015b\u0107 Projekt ok\u0142adki: Yngwarr Aptrgoengumenn Grafika na ok\u0142adce: Marek Benczewski Archipel Verlag Hannover 1993 Nak\u0142ad wyczerpany &nbsp; &nbsp; Trzy pocz\u0105tkowe rozdzia\u0142y &#8222;Ludziojada&#8221; (&#8222;Der Menschenesser&#8221;) opublikowane zosta\u0142y po niemiecku w antologii &#8222;Zwischen den Linien. Eine polnische Anthologie&#8221; (Postskriptum Verlag 1996, Hannover, str. 154-169) w t\u0142umaczneniu Henryka Bereski i Evy Tietz. G\u0142osy krytyki: Wspania\u0142y, [&hellip;]<\/p>\n","protected":false},"author":1,"featured_media":0,"parent":92,"menu_order":8,"comment_status":"closed","ping_status":"closed","template":"","meta":{"footnotes":""},"class_list":["post-94","page","type-page","status-publish","hentry"],"yoast_head":"<!-- This site is optimized with the Yoast SEO plugin v27.5 - https:\/\/yoast.com\/product\/yoast-seo-wordpress\/ -->\n<title>Ludziojad - Dariusz Muszer<\/title>\n<meta name=\"description\" content=\"Dariusz Muszer, Ludziojad. To powie\u015b\u0107 w konwencji \u0142otrzykowskiej \u2013 przygodowa, brawurowa, nonszalancka, z humorem i dystansem do innych i do siebie.\" \/>\n<meta name=\"robots\" content=\"index, follow, max-snippet:-1, max-image-preview:large, max-video-preview:-1\" \/>\n<link rel=\"canonical\" href=\"https:\/\/dariusz-muszer.de\/pl\/proza\/ludziojad\/\" \/>\n<meta property=\"og:locale\" content=\"pl_PL\" \/>\n<meta property=\"og:type\" content=\"article\" \/>\n<meta property=\"og:title\" content=\"Ludziojad - Dariusz Muszer\" \/>\n<meta property=\"og:description\" content=\"Dariusz Muszer, Ludziojad. To powie\u015b\u0107 w konwencji \u0142otrzykowskiej \u2013 przygodowa, brawurowa, nonszalancka, z humorem i dystansem do innych i do siebie.\" \/>\n<meta property=\"og:url\" content=\"https:\/\/dariusz-muszer.de\/pl\/proza\/ludziojad\/\" \/>\n<meta property=\"og:site_name\" content=\"Dariusz Muszer\" \/>\n<meta property=\"article:modified_time\" content=\"2019-09-11T20:42:25+00:00\" \/>\n<meta property=\"og:image\" content=\"http:\/\/dariusz-muszer.de\/pl\/wp-content\/uploads\/sites\/2\/2015\/06\/ludziojad-209x300.jpg\" \/>\n<meta name=\"twitter:card\" content=\"summary_large_image\" \/>\n<meta name=\"twitter:label1\" content=\"Szacowany czas czytania\" \/>\n\t<meta name=\"twitter:data1\" content=\"2 minuty\" \/>\n<script type=\"application\/ld+json\" class=\"yoast-schema-graph\">{\"@context\":\"https:\\\/\\\/schema.org\",\"@graph\":[{\"@type\":\"WebPage\",\"@id\":\"https:\\\/\\\/dariusz-muszer.de\\\/pl\\\/proza\\\/ludziojad\\\/\",\"url\":\"https:\\\/\\\/dariusz-muszer.de\\\/pl\\\/proza\\\/ludziojad\\\/\",\"name\":\"Ludziojad - Dariusz Muszer\",\"isPartOf\":{\"@id\":\"https:\\\/\\\/dariusz-muszer.de\\\/pl\\\/#website\"},\"primaryImageOfPage\":{\"@id\":\"https:\\\/\\\/dariusz-muszer.de\\\/pl\\\/proza\\\/ludziojad\\\/#primaryimage\"},\"image\":{\"@id\":\"https:\\\/\\\/dariusz-muszer.de\\\/pl\\\/proza\\\/ludziojad\\\/#primaryimage\"},\"thumbnailUrl\":\"http:\\\/\\\/dariusz-muszer.de\\\/pl\\\/wp-content\\\/uploads\\\/sites\\\/2\\\/2015\\\/06\\\/ludziojad-209x300.jpg\",\"datePublished\":\"2015-06-01T16:15:05+00:00\",\"dateModified\":\"2019-09-11T20:42:25+00:00\",\"description\":\"Dariusz Muszer, Ludziojad. To powie\u015b\u0107 w konwencji \u0142otrzykowskiej \u2013 przygodowa, brawurowa, nonszalancka, z humorem i dystansem do innych i do siebie.\",\"breadcrumb\":{\"@id\":\"https:\\\/\\\/dariusz-muszer.de\\\/pl\\\/proza\\\/ludziojad\\\/#breadcrumb\"},\"inLanguage\":\"pl-PL\",\"potentialAction\":[{\"@type\":\"ReadAction\",\"target\":[\"https:\\\/\\\/dariusz-muszer.de\\\/pl\\\/proza\\\/ludziojad\\\/\"]}]},{\"@type\":\"ImageObject\",\"inLanguage\":\"pl-PL\",\"@id\":\"https:\\\/\\\/dariusz-muszer.de\\\/pl\\\/proza\\\/ludziojad\\\/#primaryimage\",\"url\":\"http:\\\/\\\/dariusz-muszer.de\\\/pl\\\/wp-content\\\/uploads\\\/sites\\\/2\\\/2015\\\/06\\\/ludziojad-209x300.jpg\",\"contentUrl\":\"http:\\\/\\\/dariusz-muszer.de\\\/pl\\\/wp-content\\\/uploads\\\/sites\\\/2\\\/2015\\\/06\\\/ludziojad-209x300.jpg\"},{\"@type\":\"BreadcrumbList\",\"@id\":\"https:\\\/\\\/dariusz-muszer.de\\\/pl\\\/proza\\\/ludziojad\\\/#breadcrumb\",\"itemListElement\":[{\"@type\":\"ListItem\",\"position\":1,\"name\":\"Strona g\u0142\u00f3wna\",\"item\":\"https:\\\/\\\/dariusz-muszer.de\\\/pl\\\/\"},{\"@type\":\"ListItem\",\"position\":2,\"name\":\"Proza\",\"item\":\"https:\\\/\\\/dariusz-muszer.de\\\/pl\\\/proza\\\/\"},{\"@type\":\"ListItem\",\"position\":3,\"name\":\"Ludziojad\"}]},{\"@type\":\"WebSite\",\"@id\":\"https:\\\/\\\/dariusz-muszer.de\\\/pl\\\/#website\",\"url\":\"https:\\\/\\\/dariusz-muszer.de\\\/pl\\\/\",\"name\":\"Dariusz Muszer\",\"description\":\"pisarz\",\"potentialAction\":[{\"@type\":\"SearchAction\",\"target\":{\"@type\":\"EntryPoint\",\"urlTemplate\":\"https:\\\/\\\/dariusz-muszer.de\\\/pl\\\/?s={search_term_string}\"},\"query-input\":{\"@type\":\"PropertyValueSpecification\",\"valueRequired\":true,\"valueName\":\"search_term_string\"}}],\"inLanguage\":\"pl-PL\"}]}<\/script>\n<!-- \/ Yoast SEO plugin. -->","yoast_head_json":{"title":"Ludziojad - Dariusz Muszer","description":"Dariusz Muszer, Ludziojad. To powie\u015b\u0107 w konwencji \u0142otrzykowskiej \u2013 przygodowa, brawurowa, nonszalancka, z humorem i dystansem do innych i do siebie.","robots":{"index":"index","follow":"follow","max-snippet":"max-snippet:-1","max-image-preview":"max-image-preview:large","max-video-preview":"max-video-preview:-1"},"canonical":"https:\/\/dariusz-muszer.de\/pl\/proza\/ludziojad\/","og_locale":"pl_PL","og_type":"article","og_title":"Ludziojad - Dariusz Muszer","og_description":"Dariusz Muszer, Ludziojad. To powie\u015b\u0107 w konwencji \u0142otrzykowskiej \u2013 przygodowa, brawurowa, nonszalancka, z humorem i dystansem do innych i do siebie.","og_url":"https:\/\/dariusz-muszer.de\/pl\/proza\/ludziojad\/","og_site_name":"Dariusz Muszer","article_modified_time":"2019-09-11T20:42:25+00:00","og_image":[{"url":"http:\/\/dariusz-muszer.de\/pl\/wp-content\/uploads\/sites\/2\/2015\/06\/ludziojad-209x300.jpg","type":"","width":"","height":""}],"twitter_card":"summary_large_image","twitter_misc":{"Szacowany czas czytania":"2 minuty"},"schema":{"@context":"https:\/\/schema.org","@graph":[{"@type":"WebPage","@id":"https:\/\/dariusz-muszer.de\/pl\/proza\/ludziojad\/","url":"https:\/\/dariusz-muszer.de\/pl\/proza\/ludziojad\/","name":"Ludziojad - Dariusz Muszer","isPartOf":{"@id":"https:\/\/dariusz-muszer.de\/pl\/#website"},"primaryImageOfPage":{"@id":"https:\/\/dariusz-muszer.de\/pl\/proza\/ludziojad\/#primaryimage"},"image":{"@id":"https:\/\/dariusz-muszer.de\/pl\/proza\/ludziojad\/#primaryimage"},"thumbnailUrl":"http:\/\/dariusz-muszer.de\/pl\/wp-content\/uploads\/sites\/2\/2015\/06\/ludziojad-209x300.jpg","datePublished":"2015-06-01T16:15:05+00:00","dateModified":"2019-09-11T20:42:25+00:00","description":"Dariusz Muszer, Ludziojad. To powie\u015b\u0107 w konwencji \u0142otrzykowskiej \u2013 przygodowa, brawurowa, nonszalancka, z humorem i dystansem do innych i do siebie.","breadcrumb":{"@id":"https:\/\/dariusz-muszer.de\/pl\/proza\/ludziojad\/#breadcrumb"},"inLanguage":"pl-PL","potentialAction":[{"@type":"ReadAction","target":["https:\/\/dariusz-muszer.de\/pl\/proza\/ludziojad\/"]}]},{"@type":"ImageObject","inLanguage":"pl-PL","@id":"https:\/\/dariusz-muszer.de\/pl\/proza\/ludziojad\/#primaryimage","url":"http:\/\/dariusz-muszer.de\/pl\/wp-content\/uploads\/sites\/2\/2015\/06\/ludziojad-209x300.jpg","contentUrl":"http:\/\/dariusz-muszer.de\/pl\/wp-content\/uploads\/sites\/2\/2015\/06\/ludziojad-209x300.jpg"},{"@type":"BreadcrumbList","@id":"https:\/\/dariusz-muszer.de\/pl\/proza\/ludziojad\/#breadcrumb","itemListElement":[{"@type":"ListItem","position":1,"name":"Strona g\u0142\u00f3wna","item":"https:\/\/dariusz-muszer.de\/pl\/"},{"@type":"ListItem","position":2,"name":"Proza","item":"https:\/\/dariusz-muszer.de\/pl\/proza\/"},{"@type":"ListItem","position":3,"name":"Ludziojad"}]},{"@type":"WebSite","@id":"https:\/\/dariusz-muszer.de\/pl\/#website","url":"https:\/\/dariusz-muszer.de\/pl\/","name":"Dariusz Muszer","description":"pisarz","potentialAction":[{"@type":"SearchAction","target":{"@type":"EntryPoint","urlTemplate":"https:\/\/dariusz-muszer.de\/pl\/?s={search_term_string}"},"query-input":{"@type":"PropertyValueSpecification","valueRequired":true,"valueName":"search_term_string"}}],"inLanguage":"pl-PL"}]}},"_links":{"self":[{"href":"https:\/\/dariusz-muszer.de\/pl\/wp-json\/wp\/v2\/pages\/94","targetHints":{"allow":["GET"]}}],"collection":[{"href":"https:\/\/dariusz-muszer.de\/pl\/wp-json\/wp\/v2\/pages"}],"about":[{"href":"https:\/\/dariusz-muszer.de\/pl\/wp-json\/wp\/v2\/types\/page"}],"author":[{"embeddable":true,"href":"https:\/\/dariusz-muszer.de\/pl\/wp-json\/wp\/v2\/users\/1"}],"replies":[{"embeddable":true,"href":"https:\/\/dariusz-muszer.de\/pl\/wp-json\/wp\/v2\/comments?post=94"}],"version-history":[{"count":1,"href":"https:\/\/dariusz-muszer.de\/pl\/wp-json\/wp\/v2\/pages\/94\/revisions"}],"predecessor-version":[{"id":1030,"href":"https:\/\/dariusz-muszer.de\/pl\/wp-json\/wp\/v2\/pages\/94\/revisions\/1030"}],"up":[{"embeddable":true,"href":"https:\/\/dariusz-muszer.de\/pl\/wp-json\/wp\/v2\/pages\/92"}],"wp:attachment":[{"href":"https:\/\/dariusz-muszer.de\/pl\/wp-json\/wp\/v2\/media?parent=94"}],"curies":[{"name":"wp","href":"https:\/\/api.w.org\/{rel}","templated":true}]}}