{"id":57,"date":"2015-06-01T17:02:59","date_gmt":"2015-06-01T15:02:59","guid":{"rendered":"http:\/\/dariusz-muszer.de\/pl\/?page_id=57"},"modified":"2015-06-09T11:41:07","modified_gmt":"2015-06-09T09:41:07","slug":"wszyscy-moi-nieznajomi","status":"publish","type":"page","link":"https:\/\/dariusz-muszer.de\/pl\/poezja\/wszyscy-moi-nieznajomi\/","title":{"rendered":"Wszyscy moi nieznajomi"},"content":{"rendered":"<p><a href=\"https:\/\/dariusz-muszer.de\/pl\/wp-content\/uploads\/sites\/2\/2015\/06\/wszyscy-moi-nieznajomi.jpg\" rel=\"lightbox[57]\"><img loading=\"lazy\" decoding=\"async\" class=\"alignleft wp-image-442 size-medium\" src=\"https:\/\/dariusz-muszer.de\/pl\/wp-content\/uploads\/sites\/2\/2015\/06\/wszyscy-moi-nieznajomi-216x300.jpg\" alt=\"Wszyscy moi nieznajomi\" width=\"216\" height=\"300\" srcset=\"https:\/\/dariusz-muszer.de\/pl\/wp-content\/uploads\/sites\/2\/2015\/06\/wszyscy-moi-nieznajomi-216x300.jpg 216w, https:\/\/dariusz-muszer.de\/pl\/wp-content\/uploads\/sites\/2\/2015\/06\/wszyscy-moi-nieznajomi-144x200.jpg 144w, https:\/\/dariusz-muszer.de\/pl\/wp-content\/uploads\/sites\/2\/2015\/06\/wszyscy-moi-nieznajomi.jpg 600w\" sizes=\"auto, (max-width: 216px) 100vw, 216px\" \/><\/a><\/p>\n<p>Dariusz Muszer<br \/>\n<strong>Wszyscy moi nieznajomi<\/strong><\/p>\n<p>75 stron<br \/>\nProjekt ok\u0142adki: Yngwarr Aptrgoengumenn, Wies\u0142aw Racki<\/p>\n<p>Wydawnictwo 13 Muz<br \/>\nSzczecin 2004<br \/>\nSeria: Biblioteka \u201cPograniczy\u201d<\/p>\n<p>ISBN 83-916661-4-X<\/p>\n<p>&nbsp;<\/p>\n<hr \/>\n<h2>O ksi\u0105\u017cce:<\/h2>\n<p>O tw\u00f3rczo\u015bci Dariusza Muszera, poety i prozaika od kilkunastu lat mieszkaj\u0105cego w Niemczech, powiedzie\u0107 mo\u017cna, i\u017c mimo krytycznoliterackiego rezonansu, jaki zyska\u0142 po obu (!) stronach Odry, wci\u0105\u017c czeka na swojego polskiego czytelnika. Ksi\u0105\u017ck\u0105, a w\u0142a\u015bciwie ksi\u0105\u017ckami, kt\u00f3re bez w\u0105tpienia maj\u0105 szans\u0119 zmieni\u0107 ten stan, s\u0105 dwa, wydane r\u00f3wnocze\u015bnie w Bibliotece \u201ePograniczy\u201d tomy wierszy: &#8222;Jestem ch\u0142op&#8221; i &#8222;Wszyscy moi nieznajomi&#8221;. Dzi\u0119ki ksi\u0105\u017ckom tym wyra\u017anie wida\u0107 odr\u0119bno\u015b\u0107, oryginalno\u015b\u0107 poetyckiej mowy autora Ksi\u0119gi zielonej kamizelki na tle panuj\u0105cych nam (niemi\u0142o\u015bciwie) m\u00f3d literackich: Muszer jako poeta dysponuje bowiem takim rodzajem s\u0142uchu, jakiego na og\u00f3\u0142 wymaga si\u0119 od prozaika czy dramatopisarza. W jednym z wywiad\u00f3w, stwierdzi\u0142 on, i\u017c \u201episz\u0119 po to, aby wyrazi\u0107 tych, kt\u00f3rym nie dana zosta\u0142a zdolno\u015b\u0107 pisania\u201d i w tej deklaracji mie\u015bci si\u0119 clou poetyckiej (i moralnej) strategii Muszera: si\u0119ga on w rejony (j\u0119zyka) na og\u00f3\u0142 pomijane przez poet\u00f3w, dzi\u0119ki czemu ws\u0142uchuj\u0105c si\u0119 w t\u0119, par excellence polifoniczn\u0105, poezj\u0119, us\u0142yszymy g\u0142osy taks\u00f3wkarzy, rybak\u00f3w, gospody\u0144 domowych i \u201ewszystkich innych nieznajomych\u201d. Muszerowi uda\u0142o si\u0119 odnale\u017a\u0107 poezj\u0119 za granic\u0105 tego, co \u201epoetyckie\u201d.<br \/>\n<strong>Piotr Krupi\u0144ski<\/strong><\/p>\n<hr \/>\n<h2>\u00a0G\u0142osy krytyki:<\/h2>\n<blockquote><p>Dariusz Muszer (&#8230;) w najnowszych dw\u00f3ch zbiorach swych wierszy postawi\u0142 na to, co od zawsze by\u0142o najmocniejsz\u0105 stron\u0105 jego tw\u00f3rczo\u015bci. Na totalny realizm bez znieczulenia. Na spostrzegawczo\u015b\u0107. R\u00f3wny szacunek \u017cywi do fakt\u00f3w zaobserwowanych naocznie, co do poznawanych za po\u015brednictwem cudzych opowie\u015bci. Ale nie by\u0142by sob\u0105, gdyby nie przyzna\u0142 racji tak\u017ce temu, co dyktuj\u0105 mu pospo\u0142u: intuicja oraz zmys\u0142 paradoksu.<br \/>\n<strong>Piotr W. Lorkowski, FRAZA<\/strong><\/p>\n<p>(&#8230;) Takich ludzi \u0142atwo spotka\u0107 na ulicy i w sklepie, czasem nawet we w\u0142asnym mieszkaniu, za to du\u017co trudniej w literaturze, a ju\u017c w poezji szczeg\u00f3lnie. (&#8230;) Muszer natomiast znalaz\u0142 \u2013 co ostatnio bywa trudne \u2013 i niewyeksploatowany temat, i spos\u00f3b na jego opisanie. (&#8230;)<br \/>\nNajwa\u017cniejsze, \u017ce Dariuszowi Muszerowi uda\u0142o si\u0119 przejmuj\u0105co i sprawnie opowiedzie\u0107 oko\u0142o setki \u017cywych historii \u2013 od kilkunastoletniego onanisty po szcz\u0119\u015bliw\u0105 w mi\u0142o\u015bci staruszk\u0119. Jednym z sens\u00f3w literatury jest w\u0142a\u015bnie opisanie pozornie obcych, jakby si\u0119 by\u0142o nimi wszystkimi po kolei, opisanie innych czas\u00f3w i przestrzeni, jakby si\u0119 wtedy tam istnia\u0142o, cierpia\u0142o i kocha\u0142o. Gdyby wczuwanie si\u0119 we wszystkich naszych nieznajomych by\u0142o na porz\u0105dku dziennym \u2013 to niewykluczone, \u017ce \u017cyliby\u015bmy jak w ba\u015bni o Gerdzie i Kayu w wersji Muszera.<br \/>\n<strong>Ewa Schilling, BORUSSIA<\/strong><\/p>\n<p>Dwa zbiory wierszy \u015bwiadomie wydane r\u00f3wnolegle, wzajemnie si\u0119 dope\u0142niaj\u0105ce. W pierwszym \u2013 \u201eWszyscy moi nieznajomi\u201d \u2013 dwa (lub trzy) s\u0105siaduj\u0105ce z sob\u0105 wiersze tworz\u0105 dwug\u0142os na temat tej samej sprawy. To refleksje kobiety i m\u0119\u017cczyzny (czasami tak\u017ce tej\/tego trzeciej\/trzeciego) na temat wsp\u00f3lnego \u017cycia i uczu\u0107. W zasadzie s\u0105 to ca\u0142e powie\u015bci, ba, sagi rodzinne, opowiedziane poetyckim j\u0119zykiem. Du\u017co w nich seksu, jak to u doros\u0142ych, tak\u017ce du\u017co subtelnych uczu\u0107, kt\u00f3re widzi poeta. W drugim \u2013 \u201eJestem ch\u0142op\u201d \u2013 zgodnie z tytu\u0142em opis \u015bwiata z m\u0119skiej perspektywy. Du\u017co seksu, du\u017co uczu\u0107, brutalna prawda o samczym widzeniu \u015bwiata. Bardzo dobre dwie ksi\u0105\u017cki.<br \/>\n<strong>Krystyna Kami\u0144ska, PEGAZ LUBUSKI<\/strong><\/p>\n<p>(&#8230;) dawno ju\u017c nie czyta\u0142em tak rozwa\u017cnie skomponowanych poetyckich ksi\u0105\u017cek (&#8230;), oba tomy wierszy Muszera s\u0105 jednym z najbardziej konsekwentnych w najnowszej polskiej poezji (i nie tylko) przyk\u0142ad\u00f3w zastosowania liryki roli: osobliwo\u015b\u0107 propozycji autora Ludziojada polega (&#8230;) na niezwyk\u0142ym bogactwie, r\u00f3\u017cnorodno\u015bci wykreowanych przez niego postaci.<br \/>\n<strong>Piotr Krupi\u0144ski, POGRANICZA<\/strong><\/p>\n<p>(&#8230;) autor bez zahamowa\u0144 wystawia si\u0119 na \u0142atwe, bo obiegowe, zarzuty, zw\u0142aszcza machizmu, czyli tego, co w rozpowszechnionym \u017cargonie nazywa si\u0119 \u201cm\u0119skim szowinizmem\u201d. Muszer bowiem (auto)portretu p\u0142ci nie idealizuje, ale porywa si\u0119 na drastyczn\u0105 wiwisekcj\u0119 \u201cja\u201d, rozwarstwianego na zwierz\u0119ce atawizmy, na psychoanalityczn\u0105 konfesj\u0119, kt\u00f3rej nie trzeba postrzega\u0107 jako autodestrukcj\u0119 czy masochizm, ale d\u0105\u017cenie do swego rodzaju badawczego obiektywizmu.<br \/>\n<strong>Piotr Micha\u0142owski, KRESY<\/strong><\/p>\n<p>Muszer \u2013 jak przys\u0142owiowy przyjaciel porzuconych przez bog\u00f3w \u2013 \u015bledzi w ludziach \u00f3w mechanizm degradacji i podejmuje si\u0119 trudnej sztuki jego upoetyzowania. W jego wierszach s\u0142ycha\u0107 wi\u0119c prawie autentyczne rozmowy, awantury, skargi, \u017cale, kt\u00f3re zrodzi\u0142y bezkompromisowy egoizm, strach, osamotnienie, wzmagaj\u0105ce d\u0105\u017cenie ludzi do wsp\u00f3lnoty, w kt\u00f3rej nie znajduj\u0105 zrozumienia, a jedynie poni\u017cenie. Nawet demonstrowana przyja\u017a\u0144, pomoc, ja\u0142mu\u017cna maj\u0105 w tych wierszach zatarte oblicze. Alienacja, samotno\u015b\u0107, niedopasowanie wsp\u00f3\u0142czesnego cz\u0142owieka \u2013 s\u0105 tu tymi motywami, kt\u00f3rych stara si\u0119 wykorzysta\u0107 poeta, by przy pomocy gry estetycznym nastawieniem do \u015bwiata wstrz\u0105sn\u0105\u0107 lud\u017ami; by poezja by\u0142a kluczem, kt\u00f3ry otwiera oczy na te dziedziny \u017cycia, kt\u00f3re zosta\u0142y odes\u0142ane w traum\u0119 zapomnienia.<br \/>\n<strong>Ignacy S. Fiut, FORUM MY\u015aLI WOLNEJ<\/strong><\/p>\n<p>Do tych opowie\u015bci pasowa\u0142oby stwierdzenie: do piek\u0142a idzie si\u0119 parami.<br \/>\n<strong>Piotr Wiktor Lorkowski, POETICA<\/strong><\/p>\n<p>Mamy tu jednak do czynienia z czym\u015b na kszta\u0142t wsp\u00f3\u0142czesnej &#8222;Dziad\u00f3w cz\u0119\u015bci II&#8221;, w kt\u00f3rej w roli Gu\u015blarza wyst\u0119puje polski pisarz na obczy\u017anie. (&#8230;) Muszer konsekwentnie rezygnuje z ozdabiania wierszy metaforami, nie bawi si\u0119 w poszukiwania formalne. D\u0105\u017cy jak najkr\u00f3tsz\u0105 drog\u0105 \u2013 jak Bukowski \u2013 do ukazania ludzkiego dramatu.<br \/>\n<strong>Jaros\u0142aw Jakubowski, TOPOS<\/strong><\/p><\/blockquote>\n","protected":false},"excerpt":{"rendered":"<p>Dariusz Muszer Wszyscy moi nieznajomi 75 stron Projekt ok\u0142adki: Yngwarr Aptrgoengumenn, Wies\u0142aw Racki Wydawnictwo 13 Muz Szczecin 2004 Seria: Biblioteka \u201cPograniczy\u201d ISBN 83-916661-4-X &nbsp; O ksi\u0105\u017cce: O tw\u00f3rczo\u015bci Dariusza Muszera, poety i prozaika od kilkunastu lat mieszkaj\u0105cego w Niemczech, powiedzie\u0107 mo\u017cna, i\u017c mimo krytycznoliterackiego rezonansu, jaki zyska\u0142 po obu (!) stronach Odry, wci\u0105\u017c czeka na [&hellip;]<\/p>\n","protected":false},"author":1,"featured_media":0,"parent":5,"menu_order":3,"comment_status":"closed","ping_status":"closed","template":"","meta":{"footnotes":""},"class_list":["post-57","page","type-page","status-publish","hentry"],"yoast_head":"<!-- This site is optimized with the Yoast SEO plugin v27.0 - https:\/\/yoast.com\/product\/yoast-seo-wordpress\/ -->\n<title>Wszyscy moi nieznajomi - Dariusz Muszer<\/title>\n<meta name=\"description\" content=\"Dariusz Muszer: Wszyscy moi nieznajomi. Do tych opowie\u015bci pasowa\u0142oby stwierdzenie: do piek\u0142a idzie si\u0119 parami.\" \/>\n<meta name=\"robots\" content=\"index, follow, max-snippet:-1, max-image-preview:large, max-video-preview:-1\" \/>\n<link rel=\"canonical\" href=\"https:\/\/dariusz-muszer.de\/pl\/poezja\/wszyscy-moi-nieznajomi\/\" \/>\n<meta property=\"og:locale\" content=\"pl_PL\" \/>\n<meta property=\"og:type\" content=\"article\" \/>\n<meta property=\"og:title\" content=\"Wszyscy moi nieznajomi - Dariusz Muszer\" \/>\n<meta property=\"og:description\" content=\"Dariusz Muszer: Wszyscy moi nieznajomi. Do tych opowie\u015bci pasowa\u0142oby stwierdzenie: do piek\u0142a idzie si\u0119 parami.\" \/>\n<meta property=\"og:url\" content=\"https:\/\/dariusz-muszer.de\/pl\/poezja\/wszyscy-moi-nieznajomi\/\" \/>\n<meta property=\"og:site_name\" content=\"Dariusz Muszer\" \/>\n<meta property=\"article:modified_time\" content=\"2015-06-09T09:41:07+00:00\" \/>\n<meta property=\"og:image\" content=\"http:\/\/dariusz-muszer.de\/pl\/wp-content\/uploads\/sites\/2\/2015\/06\/wszyscy-moi-nieznajomi-216x300.jpg\" \/>\n<meta name=\"twitter:card\" content=\"summary_large_image\" \/>\n<meta name=\"twitter:label1\" content=\"Szacowany czas czytania\" \/>\n\t<meta name=\"twitter:data1\" content=\"5 minut\" \/>\n<script type=\"application\/ld+json\" class=\"yoast-schema-graph\">{\"@context\":\"https:\/\/schema.org\",\"@graph\":[{\"@type\":\"WebPage\",\"@id\":\"https:\/\/dariusz-muszer.de\/pl\/poezja\/wszyscy-moi-nieznajomi\/\",\"url\":\"https:\/\/dariusz-muszer.de\/pl\/poezja\/wszyscy-moi-nieznajomi\/\",\"name\":\"Wszyscy moi nieznajomi - Dariusz Muszer\",\"isPartOf\":{\"@id\":\"https:\/\/dariusz-muszer.de\/pl\/#website\"},\"primaryImageOfPage\":{\"@id\":\"https:\/\/dariusz-muszer.de\/pl\/poezja\/wszyscy-moi-nieznajomi\/#primaryimage\"},\"image\":{\"@id\":\"https:\/\/dariusz-muszer.de\/pl\/poezja\/wszyscy-moi-nieznajomi\/#primaryimage\"},\"thumbnailUrl\":\"http:\/\/dariusz-muszer.de\/pl\/wp-content\/uploads\/sites\/2\/2015\/06\/wszyscy-moi-nieznajomi-216x300.jpg\",\"datePublished\":\"2015-06-01T15:02:59+00:00\",\"dateModified\":\"2015-06-09T09:41:07+00:00\",\"description\":\"Dariusz Muszer: Wszyscy moi nieznajomi. Do tych opowie\u015bci pasowa\u0142oby stwierdzenie: do piek\u0142a idzie si\u0119 parami.\",\"breadcrumb\":{\"@id\":\"https:\/\/dariusz-muszer.de\/pl\/poezja\/wszyscy-moi-nieznajomi\/#breadcrumb\"},\"inLanguage\":\"pl-PL\",\"potentialAction\":[{\"@type\":\"ReadAction\",\"target\":[\"https:\/\/dariusz-muszer.de\/pl\/poezja\/wszyscy-moi-nieznajomi\/\"]}]},{\"@type\":\"ImageObject\",\"inLanguage\":\"pl-PL\",\"@id\":\"https:\/\/dariusz-muszer.de\/pl\/poezja\/wszyscy-moi-nieznajomi\/#primaryimage\",\"url\":\"http:\/\/dariusz-muszer.de\/pl\/wp-content\/uploads\/sites\/2\/2015\/06\/wszyscy-moi-nieznajomi-216x300.jpg\",\"contentUrl\":\"http:\/\/dariusz-muszer.de\/pl\/wp-content\/uploads\/sites\/2\/2015\/06\/wszyscy-moi-nieznajomi-216x300.jpg\"},{\"@type\":\"BreadcrumbList\",\"@id\":\"https:\/\/dariusz-muszer.de\/pl\/poezja\/wszyscy-moi-nieznajomi\/#breadcrumb\",\"itemListElement\":[{\"@type\":\"ListItem\",\"position\":1,\"name\":\"Strona g\u0142\u00f3wna\",\"item\":\"https:\/\/dariusz-muszer.de\/pl\/\"},{\"@type\":\"ListItem\",\"position\":2,\"name\":\"Poezja\",\"item\":\"https:\/\/dariusz-muszer.de\/pl\/poezja\/\"},{\"@type\":\"ListItem\",\"position\":3,\"name\":\"Wszyscy moi nieznajomi\"}]},{\"@type\":\"WebSite\",\"@id\":\"https:\/\/dariusz-muszer.de\/pl\/#website\",\"url\":\"https:\/\/dariusz-muszer.de\/pl\/\",\"name\":\"Dariusz Muszer\",\"description\":\"pisarz\",\"potentialAction\":[{\"@type\":\"SearchAction\",\"target\":{\"@type\":\"EntryPoint\",\"urlTemplate\":\"https:\/\/dariusz-muszer.de\/pl\/?s={search_term_string}\"},\"query-input\":{\"@type\":\"PropertyValueSpecification\",\"valueRequired\":true,\"valueName\":\"search_term_string\"}}],\"inLanguage\":\"pl-PL\"}]}<\/script>\n<!-- \/ Yoast SEO plugin. -->","yoast_head_json":{"title":"Wszyscy moi nieznajomi - Dariusz Muszer","description":"Dariusz Muszer: Wszyscy moi nieznajomi. Do tych opowie\u015bci pasowa\u0142oby stwierdzenie: do piek\u0142a idzie si\u0119 parami.","robots":{"index":"index","follow":"follow","max-snippet":"max-snippet:-1","max-image-preview":"max-image-preview:large","max-video-preview":"max-video-preview:-1"},"canonical":"https:\/\/dariusz-muszer.de\/pl\/poezja\/wszyscy-moi-nieznajomi\/","og_locale":"pl_PL","og_type":"article","og_title":"Wszyscy moi nieznajomi - Dariusz Muszer","og_description":"Dariusz Muszer: Wszyscy moi nieznajomi. Do tych opowie\u015bci pasowa\u0142oby stwierdzenie: do piek\u0142a idzie si\u0119 parami.","og_url":"https:\/\/dariusz-muszer.de\/pl\/poezja\/wszyscy-moi-nieznajomi\/","og_site_name":"Dariusz Muszer","article_modified_time":"2015-06-09T09:41:07+00:00","og_image":[{"url":"http:\/\/dariusz-muszer.de\/pl\/wp-content\/uploads\/sites\/2\/2015\/06\/wszyscy-moi-nieznajomi-216x300.jpg","type":"","width":"","height":""}],"twitter_card":"summary_large_image","twitter_misc":{"Szacowany czas czytania":"5 minut"},"schema":{"@context":"https:\/\/schema.org","@graph":[{"@type":"WebPage","@id":"https:\/\/dariusz-muszer.de\/pl\/poezja\/wszyscy-moi-nieznajomi\/","url":"https:\/\/dariusz-muszer.de\/pl\/poezja\/wszyscy-moi-nieznajomi\/","name":"Wszyscy moi nieznajomi - Dariusz Muszer","isPartOf":{"@id":"https:\/\/dariusz-muszer.de\/pl\/#website"},"primaryImageOfPage":{"@id":"https:\/\/dariusz-muszer.de\/pl\/poezja\/wszyscy-moi-nieznajomi\/#primaryimage"},"image":{"@id":"https:\/\/dariusz-muszer.de\/pl\/poezja\/wszyscy-moi-nieznajomi\/#primaryimage"},"thumbnailUrl":"http:\/\/dariusz-muszer.de\/pl\/wp-content\/uploads\/sites\/2\/2015\/06\/wszyscy-moi-nieznajomi-216x300.jpg","datePublished":"2015-06-01T15:02:59+00:00","dateModified":"2015-06-09T09:41:07+00:00","description":"Dariusz Muszer: Wszyscy moi nieznajomi. Do tych opowie\u015bci pasowa\u0142oby stwierdzenie: do piek\u0142a idzie si\u0119 parami.","breadcrumb":{"@id":"https:\/\/dariusz-muszer.de\/pl\/poezja\/wszyscy-moi-nieznajomi\/#breadcrumb"},"inLanguage":"pl-PL","potentialAction":[{"@type":"ReadAction","target":["https:\/\/dariusz-muszer.de\/pl\/poezja\/wszyscy-moi-nieznajomi\/"]}]},{"@type":"ImageObject","inLanguage":"pl-PL","@id":"https:\/\/dariusz-muszer.de\/pl\/poezja\/wszyscy-moi-nieznajomi\/#primaryimage","url":"http:\/\/dariusz-muszer.de\/pl\/wp-content\/uploads\/sites\/2\/2015\/06\/wszyscy-moi-nieznajomi-216x300.jpg","contentUrl":"http:\/\/dariusz-muszer.de\/pl\/wp-content\/uploads\/sites\/2\/2015\/06\/wszyscy-moi-nieznajomi-216x300.jpg"},{"@type":"BreadcrumbList","@id":"https:\/\/dariusz-muszer.de\/pl\/poezja\/wszyscy-moi-nieznajomi\/#breadcrumb","itemListElement":[{"@type":"ListItem","position":1,"name":"Strona g\u0142\u00f3wna","item":"https:\/\/dariusz-muszer.de\/pl\/"},{"@type":"ListItem","position":2,"name":"Poezja","item":"https:\/\/dariusz-muszer.de\/pl\/poezja\/"},{"@type":"ListItem","position":3,"name":"Wszyscy moi nieznajomi"}]},{"@type":"WebSite","@id":"https:\/\/dariusz-muszer.de\/pl\/#website","url":"https:\/\/dariusz-muszer.de\/pl\/","name":"Dariusz Muszer","description":"pisarz","potentialAction":[{"@type":"SearchAction","target":{"@type":"EntryPoint","urlTemplate":"https:\/\/dariusz-muszer.de\/pl\/?s={search_term_string}"},"query-input":{"@type":"PropertyValueSpecification","valueRequired":true,"valueName":"search_term_string"}}],"inLanguage":"pl-PL"}]}},"_links":{"self":[{"href":"https:\/\/dariusz-muszer.de\/pl\/wp-json\/wp\/v2\/pages\/57","targetHints":{"allow":["GET"]}}],"collection":[{"href":"https:\/\/dariusz-muszer.de\/pl\/wp-json\/wp\/v2\/pages"}],"about":[{"href":"https:\/\/dariusz-muszer.de\/pl\/wp-json\/wp\/v2\/types\/page"}],"author":[{"embeddable":true,"href":"https:\/\/dariusz-muszer.de\/pl\/wp-json\/wp\/v2\/users\/1"}],"replies":[{"embeddable":true,"href":"https:\/\/dariusz-muszer.de\/pl\/wp-json\/wp\/v2\/comments?post=57"}],"version-history":[{"count":0,"href":"https:\/\/dariusz-muszer.de\/pl\/wp-json\/wp\/v2\/pages\/57\/revisions"}],"up":[{"embeddable":true,"href":"https:\/\/dariusz-muszer.de\/pl\/wp-json\/wp\/v2\/pages\/5"}],"wp:attachment":[{"href":"https:\/\/dariusz-muszer.de\/pl\/wp-json\/wp\/v2\/media?parent=57"}],"curies":[{"name":"wp","href":"https:\/\/api.w.org\/{rel}","templated":true}]}}