{"id":35,"date":"2015-06-01T13:03:00","date_gmt":"2015-06-01T11:03:00","guid":{"rendered":"http:\/\/dariusz-muszer.de\/pl\/?page_id=35"},"modified":"2015-06-07T11:43:10","modified_gmt":"2015-06-07T09:43:10","slug":"pestki-i-ogryzki","status":"publish","type":"page","link":"https:\/\/dariusz-muszer.de\/pl\/poezja\/pestki-i-ogryzki\/","title":{"rendered":"Pestki i ogryzki"},"content":{"rendered":"<p><a href=\"https:\/\/dariusz-muszer.de\/pl\/wp-content\/uploads\/sites\/2\/2015\/06\/pestki-i-ogryzki.jpg\" rel=\"lightbox[35]\"><img loading=\"lazy\" decoding=\"async\" class=\"alignleft wp-image-441 size-medium\" src=\"https:\/\/dariusz-muszer.de\/pl\/wp-content\/uploads\/sites\/2\/2015\/06\/pestki-i-ogryzki-213x300.jpg\" alt=\"Pestki i ogryzki\" width=\"213\" height=\"300\" srcset=\"https:\/\/dariusz-muszer.de\/pl\/wp-content\/uploads\/sites\/2\/2015\/06\/pestki-i-ogryzki-213x300.jpg 213w, https:\/\/dariusz-muszer.de\/pl\/wp-content\/uploads\/sites\/2\/2015\/06\/pestki-i-ogryzki-142x200.jpg 142w, https:\/\/dariusz-muszer.de\/pl\/wp-content\/uploads\/sites\/2\/2015\/06\/pestki-i-ogryzki.jpg 600w\" sizes=\"auto, (max-width: 213px) 100vw, 213px\" \/><\/a>Dariusz Muszer<br \/>\n<strong>Pestki i ogryzki<\/strong><br \/>\nwiersze<\/p>\n<p>MAW<br \/>\nWarszawa 1989<br \/>\nISBN 83-203-3073-4<br \/>\n32 strony<\/p>\n<p>Nak\u0142ad wyczerpany<\/p>\n<p>&nbsp;<\/p>\n<p>&nbsp;<\/p>\n<hr \/>\n<h3>O ksi\u0105\u017cce:<\/h3>\n<p>Trzy cz\u0119\u015bci tomiku Dariusz Muszera to trzy pr\u00f3by pokazania poetyckich mo\u017cliwo\u015bci autora, to jednocze\u015bnie trzy sposoby wyra\u017cania \u017cycia wewn\u0119trznego i opisania \u015bwiata. Ka\u017cda z cz\u0119\u015bci zosta\u0142a napisana nieco inaczej, dotyczy te\u017c innego zakresu pojedynczego \u017cycia ludzkiego i spo\u0142ecznego. Sp\u00f3jrzmy na to.<\/p>\n<p>I cz\u0119\u015b\u0107 \u2013 \u201eMa\u0142a Kinga\u201d \u2013 zrealizowana zosta\u0142a herbertowsk\u0105 metod\u0105 \u201ePana Cogito\u201d i stosownie do wzorca zawiera filozoficzne wyznaczniki my\u015blenia poety. Czytelny jest tu stosunek D. Muszera do historii narodu, jego pacyfizm, odszuka\u0107 mo\u017cna zapisy przemijania w wymiarze historycznym i spo\u0142ecznym (w dalszej cz\u0119\u015bci tomiku te same zapisy dotycz\u0105ce wymiaru jednostkowego); pojawia si\u0119 w\u0105tpienie jako zasada my\u015blenia.<\/p>\n<p>Kolejny niewielki rozdzia\u0142 to \u201ePestki\u201d. Wiersze pomieszczone tutaj s\u0105 zwarte, skondensowana jest ich tre\u015b\u0107, s\u0105 bardzo \u201ewewn\u0119trzne\u201d, zawieraj\u0105 \u0142adunek ciep\u0142a, liryki, ale i gorzkich egzystencjanych konstatacji. W opisie sytuacji dwojga ludzi zn\u00f3w znajdujemy czas. Trafnie by\u0142oby powiedzie\u0107, \u017ce wyp\u0142ywa on z wierszy. Autor ma \u015bwiadomo\u015b\u0107 przemijania, niepowtarzalno\u015bci ka\u017cdej \u2013 w tym wypadku indywidualnej \u2013 sytuacji. Jest tak, jakby \u201eza ka\u017cdym razem\u201d by\u0142o \u201epo raz ostatni\u201d.<\/p>\n<p>Wreszcie ko\u0144cowy fragment zatytu\u0142owany \u201eOgryzki\u201d. Mo\u017cna go okre\u015bli\u0107 mianem poetyckiego reporta\u017cu. Odkrywa wra\u017cliwo\u015b\u0107 poety na sytuacj\u0119 spo\u0142eczn\u0105, m\u00f3wi o jego wewn\u0119trznych nastrojach. Wiersze staraj\u0105 si\u0119 by\u0107 obiektywne. Wyra\u017anie jednak da si\u0119 odczyta\u0107 pod t\u0105 warstw\u0105 emocje poety, najcz\u0119\u015bciej jest to tak\u017ce bezsilno\u015b\u0107.<\/p>\n<p>W inicjacyjnym wierszu tomiku D. Muszer okre\u015bla sw\u00f3j status \u2013 bycie zwyk\u0142ym, normalnym, przeci\u0119tnym. Ale to tylko (zewn\u0119trzne) umiejscowienie si\u0119 w otaczaj\u0105cej rzeczywisto\u015bci. Z tego, \u017ce jest \u201ezwykle\u201d, przeci\u0119tnie na zewn\u0105trz ma wynika\u0107 niezwyk\u0142o\u015b\u0107 spraw prze\u017cywanych, czyli dziej\u0105cych si\u0119 wewn\u0105trz. Zapisy tego mamy na kilkudziesi\u0119ciu stronach zbiorku. Zamiarem Muszera jest burzy\u0107 zastany \u015bwiat oboj\u0119tno\u015bci, z\u0142a. Mimo, i\u017c w \u201em\u0142odo\u015bci nikt nie kaza\u0142 mi wierzy\u0107, \u017ce istnieje co\u015b wi\u0119cej opr\u00f3cz wieczornego uk\u0142adania si\u0119 do snu\u201d. Mimo? A mo\u017ce dlatego.<br \/>\nPoezja Muszera to zapisy tego, co jest i dzieje si\u0119 dooko\u0142a, zapisy pozornie niezbyt wysokich wzlot\u00f3w i takich\u017ce samych upadk\u00f3w. Ale w tym w\u0142a\u015bnie opisie pozornie przeci\u0119tnej rzeczywisto\u015bci tkwi warto\u015b\u0107. Pokazuj\u0105c szaro\u015b\u0107 ma\u0142ych tragedii ludzkich, autor \u201ePestek i ogryzk\u00f3w\u201d odkrywa jednocze\u015bnie tragedi\u0119 ca\u0142ej naszej szaro\u015bci dookolnej.<br \/>\n<strong>Eugeniusz Kurzawa<\/strong><\/p>\n<hr \/>\n<h4>Dariusz Muszer<\/h4>\n<h2>Gwiazdka Ma\u0142ej Kingi<\/h2>\n<p>Sypie si\u0119 sztuczne igliwie<br \/>\nna choince p\u0142on\u0105 dzwonki lampek<br \/>\na wargi oblizuj\u0105 si\u0119 po uszkach w barszczu<br \/>\nmakie\u0142kach i panierowanym morszczuku<br \/>\nOrzechy otwieraj\u0105 prognoz\u0119 przysz\u0142ego roku<br \/>\nstrasz\u0105 zwi\u0119d\u0142e czarn\u0105 ple\u015bni\u0105<br \/>\nZa oknem tygodniowe b\u0142oto<br \/>\nprzez kt\u00f3re brnie \u015awi\u0119ty Miko\u0142aj<\/p>\n<p>O p\u00f3\u0142nocy pies krzyczy<br \/>\n\u017ceby go te\u017c zabra\u0107 na Pasterk\u0119<br \/>\nale jako\u015b nikt nie chce si\u0119 podnie\u015b\u0107<br \/>\ni wy\u0142\u0105czy\u0107 telewizora<\/p>\n<h2>Tamta strona ka\u0142u\u017cy<\/h2>\n<p>Ma\u0142a Kinga pochyla si\u0119 nad ka\u0142u\u017c\u0105<br \/>\nby zobaczy\u0107 co jest z drugiej strony<br \/>\nA tam gruby g\u0142os m\u00f3wi:<br \/>\nZnowu przemoczy\u0142a\u015b buty<br \/>\nAle to tylko z\u0142udzenie<br \/>\ngdy\u017c naprawd\u0119 siedz\u0105 tam puszyste kr\u00f3liki<br \/>\ni bezw\u0142adne szczurze ogonki<br \/>\na Lewis Carroll przegl\u0105da swoje ma\u0142e archiwum<br \/>\nw kt\u00f3rym dwa i p\u00f3\u0142 tysi\u0105ca ma\u0142ych dziewczynek<br \/>\npozuje nago do jednego przej\u015bcia Alicji<br \/>\nprzez pr\u00f3g wysokiego lustra<\/p>\n<p>W ka\u0142u\u017cy wybucha po\u017car<br \/>\nkt\u00f3ry trawi spadek po zdj\u0119ciach<br \/>\naby nie kala\u0107 pami\u0119ci krainy lustra<\/p>\n<p>Ma\u0142a Kinga po cichu g\u0142aszcze kr\u00f3lika<br \/>\ni wcale jeszcze si\u0119 nie boi<\/p>\n","protected":false},"excerpt":{"rendered":"<p>Dariusz Muszer Pestki i ogryzki wiersze MAW Warszawa 1989 ISBN 83-203-3073-4 32 strony Nak\u0142ad wyczerpany &nbsp; &nbsp; O ksi\u0105\u017cce: Trzy cz\u0119\u015bci tomiku Dariusz Muszera to trzy pr\u00f3by pokazania poetyckich mo\u017cliwo\u015bci autora, to jednocze\u015bnie trzy sposoby wyra\u017cania \u017cycia wewn\u0119trznego i opisania \u015bwiata. Ka\u017cda z cz\u0119\u015bci zosta\u0142a napisana nieco inaczej, dotyczy te\u017c innego zakresu pojedynczego \u017cycia ludzkiego [&hellip;]<\/p>\n","protected":false},"author":1,"featured_media":0,"parent":5,"menu_order":6,"comment_status":"closed","ping_status":"closed","template":"","meta":{"footnotes":""},"class_list":["post-35","page","type-page","status-publish","hentry"],"yoast_head":"<!-- This site is optimized with the Yoast SEO plugin v27.0 - https:\/\/yoast.com\/product\/yoast-seo-wordpress\/ -->\n<title>Pestki i ogryzki - Dariusz Muszer<\/title>\n<meta name=\"description\" content=\"Pestki i ogryzki: Trzy cz\u0119\u015bci tomiku Dariusz Muszera to trzy pr\u00f3by pokazania poetyckich mo\u017cliwo\u015bci autora, to jednocze\u015bnie trzy sposoby wyra\u017cania \u017cycia wewn\u0119trznego...\" \/>\n<meta name=\"robots\" content=\"index, follow, max-snippet:-1, max-image-preview:large, max-video-preview:-1\" \/>\n<link rel=\"canonical\" href=\"https:\/\/dariusz-muszer.de\/pl\/poezja\/pestki-i-ogryzki\/\" \/>\n<meta property=\"og:locale\" content=\"pl_PL\" \/>\n<meta property=\"og:type\" content=\"article\" \/>\n<meta property=\"og:title\" content=\"Pestki i ogryzki - Dariusz Muszer\" \/>\n<meta property=\"og:description\" content=\"Pestki i ogryzki: Trzy cz\u0119\u015bci tomiku Dariusz Muszera to trzy pr\u00f3by pokazania poetyckich mo\u017cliwo\u015bci autora, to jednocze\u015bnie trzy sposoby wyra\u017cania \u017cycia wewn\u0119trznego...\" \/>\n<meta property=\"og:url\" content=\"https:\/\/dariusz-muszer.de\/pl\/poezja\/pestki-i-ogryzki\/\" \/>\n<meta property=\"og:site_name\" content=\"Dariusz Muszer\" \/>\n<meta property=\"article:modified_time\" content=\"2015-06-07T09:43:10+00:00\" \/>\n<meta property=\"og:image\" content=\"http:\/\/dariusz-muszer.de\/pl\/wp-content\/uploads\/sites\/2\/2015\/06\/pestki-i-ogryzki-213x300.jpg\" \/>\n<meta name=\"twitter:card\" content=\"summary_large_image\" \/>\n<meta name=\"twitter:label1\" content=\"Szacowany czas czytania\" \/>\n\t<meta name=\"twitter:data1\" content=\"3 minuty\" \/>\n<script type=\"application\/ld+json\" class=\"yoast-schema-graph\">{\"@context\":\"https:\/\/schema.org\",\"@graph\":[{\"@type\":\"WebPage\",\"@id\":\"https:\/\/dariusz-muszer.de\/pl\/poezja\/pestki-i-ogryzki\/\",\"url\":\"https:\/\/dariusz-muszer.de\/pl\/poezja\/pestki-i-ogryzki\/\",\"name\":\"Pestki i ogryzki - Dariusz Muszer\",\"isPartOf\":{\"@id\":\"https:\/\/dariusz-muszer.de\/pl\/#website\"},\"primaryImageOfPage\":{\"@id\":\"https:\/\/dariusz-muszer.de\/pl\/poezja\/pestki-i-ogryzki\/#primaryimage\"},\"image\":{\"@id\":\"https:\/\/dariusz-muszer.de\/pl\/poezja\/pestki-i-ogryzki\/#primaryimage\"},\"thumbnailUrl\":\"http:\/\/dariusz-muszer.de\/pl\/wp-content\/uploads\/sites\/2\/2015\/06\/pestki-i-ogryzki-213x300.jpg\",\"datePublished\":\"2015-06-01T11:03:00+00:00\",\"dateModified\":\"2015-06-07T09:43:10+00:00\",\"description\":\"Pestki i ogryzki: Trzy cz\u0119\u015bci tomiku Dariusz Muszera to trzy pr\u00f3by pokazania poetyckich mo\u017cliwo\u015bci autora, to jednocze\u015bnie trzy sposoby wyra\u017cania \u017cycia wewn\u0119trznego...\",\"breadcrumb\":{\"@id\":\"https:\/\/dariusz-muszer.de\/pl\/poezja\/pestki-i-ogryzki\/#breadcrumb\"},\"inLanguage\":\"pl-PL\",\"potentialAction\":[{\"@type\":\"ReadAction\",\"target\":[\"https:\/\/dariusz-muszer.de\/pl\/poezja\/pestki-i-ogryzki\/\"]}]},{\"@type\":\"ImageObject\",\"inLanguage\":\"pl-PL\",\"@id\":\"https:\/\/dariusz-muszer.de\/pl\/poezja\/pestki-i-ogryzki\/#primaryimage\",\"url\":\"http:\/\/dariusz-muszer.de\/pl\/wp-content\/uploads\/sites\/2\/2015\/06\/pestki-i-ogryzki-213x300.jpg\",\"contentUrl\":\"http:\/\/dariusz-muszer.de\/pl\/wp-content\/uploads\/sites\/2\/2015\/06\/pestki-i-ogryzki-213x300.jpg\"},{\"@type\":\"BreadcrumbList\",\"@id\":\"https:\/\/dariusz-muszer.de\/pl\/poezja\/pestki-i-ogryzki\/#breadcrumb\",\"itemListElement\":[{\"@type\":\"ListItem\",\"position\":1,\"name\":\"Strona g\u0142\u00f3wna\",\"item\":\"https:\/\/dariusz-muszer.de\/pl\/\"},{\"@type\":\"ListItem\",\"position\":2,\"name\":\"Poezja\",\"item\":\"https:\/\/dariusz-muszer.de\/pl\/poezja\/\"},{\"@type\":\"ListItem\",\"position\":3,\"name\":\"Pestki i ogryzki\"}]},{\"@type\":\"WebSite\",\"@id\":\"https:\/\/dariusz-muszer.de\/pl\/#website\",\"url\":\"https:\/\/dariusz-muszer.de\/pl\/\",\"name\":\"Dariusz Muszer\",\"description\":\"pisarz\",\"potentialAction\":[{\"@type\":\"SearchAction\",\"target\":{\"@type\":\"EntryPoint\",\"urlTemplate\":\"https:\/\/dariusz-muszer.de\/pl\/?s={search_term_string}\"},\"query-input\":{\"@type\":\"PropertyValueSpecification\",\"valueRequired\":true,\"valueName\":\"search_term_string\"}}],\"inLanguage\":\"pl-PL\"}]}<\/script>\n<!-- \/ Yoast SEO plugin. -->","yoast_head_json":{"title":"Pestki i ogryzki - Dariusz Muszer","description":"Pestki i ogryzki: Trzy cz\u0119\u015bci tomiku Dariusz Muszera to trzy pr\u00f3by pokazania poetyckich mo\u017cliwo\u015bci autora, to jednocze\u015bnie trzy sposoby wyra\u017cania \u017cycia wewn\u0119trznego...","robots":{"index":"index","follow":"follow","max-snippet":"max-snippet:-1","max-image-preview":"max-image-preview:large","max-video-preview":"max-video-preview:-1"},"canonical":"https:\/\/dariusz-muszer.de\/pl\/poezja\/pestki-i-ogryzki\/","og_locale":"pl_PL","og_type":"article","og_title":"Pestki i ogryzki - Dariusz Muszer","og_description":"Pestki i ogryzki: Trzy cz\u0119\u015bci tomiku Dariusz Muszera to trzy pr\u00f3by pokazania poetyckich mo\u017cliwo\u015bci autora, to jednocze\u015bnie trzy sposoby wyra\u017cania \u017cycia wewn\u0119trznego...","og_url":"https:\/\/dariusz-muszer.de\/pl\/poezja\/pestki-i-ogryzki\/","og_site_name":"Dariusz Muszer","article_modified_time":"2015-06-07T09:43:10+00:00","og_image":[{"url":"http:\/\/dariusz-muszer.de\/pl\/wp-content\/uploads\/sites\/2\/2015\/06\/pestki-i-ogryzki-213x300.jpg","type":"","width":"","height":""}],"twitter_card":"summary_large_image","twitter_misc":{"Szacowany czas czytania":"3 minuty"},"schema":{"@context":"https:\/\/schema.org","@graph":[{"@type":"WebPage","@id":"https:\/\/dariusz-muszer.de\/pl\/poezja\/pestki-i-ogryzki\/","url":"https:\/\/dariusz-muszer.de\/pl\/poezja\/pestki-i-ogryzki\/","name":"Pestki i ogryzki - Dariusz Muszer","isPartOf":{"@id":"https:\/\/dariusz-muszer.de\/pl\/#website"},"primaryImageOfPage":{"@id":"https:\/\/dariusz-muszer.de\/pl\/poezja\/pestki-i-ogryzki\/#primaryimage"},"image":{"@id":"https:\/\/dariusz-muszer.de\/pl\/poezja\/pestki-i-ogryzki\/#primaryimage"},"thumbnailUrl":"http:\/\/dariusz-muszer.de\/pl\/wp-content\/uploads\/sites\/2\/2015\/06\/pestki-i-ogryzki-213x300.jpg","datePublished":"2015-06-01T11:03:00+00:00","dateModified":"2015-06-07T09:43:10+00:00","description":"Pestki i ogryzki: Trzy cz\u0119\u015bci tomiku Dariusz Muszera to trzy pr\u00f3by pokazania poetyckich mo\u017cliwo\u015bci autora, to jednocze\u015bnie trzy sposoby wyra\u017cania \u017cycia wewn\u0119trznego...","breadcrumb":{"@id":"https:\/\/dariusz-muszer.de\/pl\/poezja\/pestki-i-ogryzki\/#breadcrumb"},"inLanguage":"pl-PL","potentialAction":[{"@type":"ReadAction","target":["https:\/\/dariusz-muszer.de\/pl\/poezja\/pestki-i-ogryzki\/"]}]},{"@type":"ImageObject","inLanguage":"pl-PL","@id":"https:\/\/dariusz-muszer.de\/pl\/poezja\/pestki-i-ogryzki\/#primaryimage","url":"http:\/\/dariusz-muszer.de\/pl\/wp-content\/uploads\/sites\/2\/2015\/06\/pestki-i-ogryzki-213x300.jpg","contentUrl":"http:\/\/dariusz-muszer.de\/pl\/wp-content\/uploads\/sites\/2\/2015\/06\/pestki-i-ogryzki-213x300.jpg"},{"@type":"BreadcrumbList","@id":"https:\/\/dariusz-muszer.de\/pl\/poezja\/pestki-i-ogryzki\/#breadcrumb","itemListElement":[{"@type":"ListItem","position":1,"name":"Strona g\u0142\u00f3wna","item":"https:\/\/dariusz-muszer.de\/pl\/"},{"@type":"ListItem","position":2,"name":"Poezja","item":"https:\/\/dariusz-muszer.de\/pl\/poezja\/"},{"@type":"ListItem","position":3,"name":"Pestki i ogryzki"}]},{"@type":"WebSite","@id":"https:\/\/dariusz-muszer.de\/pl\/#website","url":"https:\/\/dariusz-muszer.de\/pl\/","name":"Dariusz Muszer","description":"pisarz","potentialAction":[{"@type":"SearchAction","target":{"@type":"EntryPoint","urlTemplate":"https:\/\/dariusz-muszer.de\/pl\/?s={search_term_string}"},"query-input":{"@type":"PropertyValueSpecification","valueRequired":true,"valueName":"search_term_string"}}],"inLanguage":"pl-PL"}]}},"_links":{"self":[{"href":"https:\/\/dariusz-muszer.de\/pl\/wp-json\/wp\/v2\/pages\/35","targetHints":{"allow":["GET"]}}],"collection":[{"href":"https:\/\/dariusz-muszer.de\/pl\/wp-json\/wp\/v2\/pages"}],"about":[{"href":"https:\/\/dariusz-muszer.de\/pl\/wp-json\/wp\/v2\/types\/page"}],"author":[{"embeddable":true,"href":"https:\/\/dariusz-muszer.de\/pl\/wp-json\/wp\/v2\/users\/1"}],"replies":[{"embeddable":true,"href":"https:\/\/dariusz-muszer.de\/pl\/wp-json\/wp\/v2\/comments?post=35"}],"version-history":[{"count":0,"href":"https:\/\/dariusz-muszer.de\/pl\/wp-json\/wp\/v2\/pages\/35\/revisions"}],"up":[{"embeddable":true,"href":"https:\/\/dariusz-muszer.de\/pl\/wp-json\/wp\/v2\/pages\/5"}],"wp:attachment":[{"href":"https:\/\/dariusz-muszer.de\/pl\/wp-json\/wp\/v2\/media?parent=35"}],"curies":[{"name":"wp","href":"https:\/\/api.w.org\/{rel}","templated":true}]}}