{"id":1639,"date":"2026-05-02T12:35:52","date_gmt":"2026-05-02T10:35:52","guid":{"rendered":"https:\/\/dariusz-muszer.de\/pl\/?page_id=1639"},"modified":"2026-05-02T12:54:47","modified_gmt":"2026-05-02T10:54:47","slug":"basnie-norweskie-tom-2","status":"publish","type":"page","link":"https:\/\/dariusz-muszer.de\/pl\/proza\/basnie-norweskie-tom-2\/","title":{"rendered":"Ba\u015bnie norweskie. Tom 2"},"content":{"rendered":"<p><img loading=\"lazy\" decoding=\"async\" class=\"wp-image-1643 size-medium alignleft\" src=\"https:\/\/dariusz-muszer.de\/pl\/wp-content\/uploads\/sites\/2\/2026\/05\/basnie-norweskie-2-229x300.jpg\" alt=\"Ba\u015bnie norweskie tom 2\" width=\"229\" height=\"300\" srcset=\"https:\/\/dariusz-muszer.de\/pl\/wp-content\/uploads\/sites\/2\/2026\/05\/basnie-norweskie-2-229x300.jpg 229w, https:\/\/dariusz-muszer.de\/pl\/wp-content\/uploads\/sites\/2\/2026\/05\/basnie-norweskie-2.jpg 762w\" sizes=\"auto, (max-width: 229px) 100vw, 229px\" \/><\/p>\n<p><strong>Ba\u015bnie norweskie. Tom 2 <\/strong><br \/>\nopowiedzia\u0142<br \/>\nDariusz Muszer<\/p>\n<p><a href=\"http:\/\/www.wforma.eu\/dariusz-muszer-wybor.html\">Wydawnictwo Forma<\/a><br \/>\nSzczecin, Bezrzecze 2022<br \/>\n340 str.<\/p>\n<p>&nbsp;<\/p>\n<p>ISBN 978-83-66759-76-3<\/p>\n<p>&nbsp;<\/p>\n<hr \/>\n<h2>Nota wydawcy:<\/h2>\n<p>Ba\u015bnie przekazywane s\u0105 ustnie z pokolenia na pokolenie i spotyka si\u0119 je we wszystkich kr\u0119gach kulturowych. Stanowi\u0105 jeden z element\u00f3w niematerialnego dziedzictwa kulturowego. Kiedy powsta\u0142y, tego nikt nie wie. Domniemywa si\u0119, \u017ce towarzysz\u0105 cz\u0142owiekowi od bardzo, bardzo dawna, od zamierzch\u0142ych czas\u00f3w.<br \/>\nW Norwegii ba\u015bnie \u2013 bajki magiczne, zwierz\u0119ce i komiczne, a tak\u017ce klechdy \u2013 \u017cyj\u0105 do dzi\u015b i zajmuj\u0105 wa\u017cne miejsce w tamtejszej kulturze. S\u0105 to swobodne, pe\u0142ne fantazji, ale jednocze\u015bnie mocno osadzone w skandynawskich realiach i trudnej codzienno\u015bci opowie\u015bci, w kt\u00f3rych pojawiaj\u0105 si\u0119 nadprzyrodzone elementy: trolle, huldry (nimfy), nissy (skrzaty), tussy (podziemni), dvergi (kar\u0142y), Stary Erik (diabe\u0142), Z\u0142y czy potrafi\u0105ce m\u00f3wi\u0107 i dobrze radzi\u0107 bohaterom zwierz\u0119ta. Charakterystyczn\u0105 cech\u0105 tych ba\u015bni jest to, \u017ce otwieraj\u0105 oczy, lecz nie pouczaj\u0105. Jak ka\u017cda tw\u00f3rczo\u015b\u0107 ludowa, s\u0105 pe\u0142ne uproszcze\u0144 i schemat\u00f3w, a kr\u0105g wyst\u0119puj\u0105cych w nich postaci jest ograniczony. Jednym z najwa\u017cniejszych bohater\u00f3w pozostaje Askeladden, nazywany niekiedy Espen Askeladden lub Tyrihans, kt\u00f3rego por\u00f3wna\u0107 mo\u017cna do naszego G\u0142upiego Jasia. On to, zazwyczaj trzeci, ostatni syn w rodzinie, odtr\u0105cony przez braci, niekiedy przez ojca i matk\u0119, prze\u017cywa mn\u00f3stwo przyg\u00f3d, by na koniec cieszy\u0107 si\u0119 ze zdobycia ksi\u0119\u017cniczki, uznania w spo\u0142eczno\u015bci i bogactwa.<\/p>\n<p>&nbsp;<\/p>\n<hr \/>\n<p>&nbsp;<\/p>\n","protected":false},"excerpt":{"rendered":"<p>Ba\u015bnie norweskie. Tom 2 opowiedzia\u0142 Dariusz Muszer Wydawnictwo Forma Szczecin, Bezrzecze 2022 340 str. &nbsp; ISBN 978-83-66759-76-3 &nbsp; Nota wydawcy: Ba\u015bnie przekazywane s\u0105 ustnie z pokolenia na pokolenie i spotyka si\u0119 je we wszystkich kr\u0119gach kulturowych. Stanowi\u0105 jeden z element\u00f3w niematerialnego dziedzictwa kulturowego. Kiedy powsta\u0142y, tego nikt nie wie. Domniemywa si\u0119, \u017ce towarzysz\u0105 cz\u0142owiekowi od [&hellip;]<\/p>\n","protected":false},"author":1,"featured_media":0,"parent":92,"menu_order":1,"comment_status":"closed","ping_status":"closed","template":"","meta":{"footnotes":""},"class_list":["post-1639","page","type-page","status-publish","hentry"],"yoast_head":"<!-- This site is optimized with the Yoast SEO plugin v27.5 - https:\/\/yoast.com\/product\/yoast-seo-wordpress\/ -->\n<title>Ba\u015bnie norweskie. Tom 2 - Dariusz Muszer<\/title>\n<meta name=\"robots\" content=\"index, follow, max-snippet:-1, max-image-preview:large, max-video-preview:-1\" \/>\n<link rel=\"canonical\" href=\"https:\/\/dariusz-muszer.de\/pl\/proza\/basnie-norweskie-tom-2\/\" \/>\n<meta property=\"og:locale\" content=\"pl_PL\" \/>\n<meta property=\"og:type\" content=\"article\" \/>\n<meta property=\"og:title\" content=\"Ba\u015bnie norweskie. Tom 2 - Dariusz Muszer\" \/>\n<meta property=\"og:description\" content=\"Ba\u015bnie norweskie. Tom 2 opowiedzia\u0142 Dariusz Muszer Wydawnictwo Forma Szczecin, Bezrzecze 2022 340 str. &nbsp; ISBN 978-83-66759-76-3 &nbsp; Nota wydawcy: Ba\u015bnie przekazywane s\u0105 ustnie z pokolenia na pokolenie i spotyka si\u0119 je we wszystkich kr\u0119gach kulturowych. Stanowi\u0105 jeden z element\u00f3w niematerialnego dziedzictwa kulturowego. Kiedy powsta\u0142y, tego nikt nie wie. Domniemywa si\u0119, \u017ce towarzysz\u0105 cz\u0142owiekowi od [&hellip;]\" \/>\n<meta property=\"og:url\" content=\"https:\/\/dariusz-muszer.de\/pl\/proza\/basnie-norweskie-tom-2\/\" \/>\n<meta property=\"og:site_name\" content=\"Dariusz Muszer\" \/>\n<meta property=\"article:modified_time\" content=\"2026-05-02T10:54:47+00:00\" \/>\n<meta property=\"og:image\" content=\"https:\/\/dariusz-muszer.de\/pl\/wp-content\/uploads\/sites\/2\/2026\/05\/basnie-norweskie-2.jpg\" \/>\n\t<meta property=\"og:image:width\" content=\"762\" \/>\n\t<meta property=\"og:image:height\" content=\"1000\" \/>\n\t<meta property=\"og:image:type\" content=\"image\/jpeg\" \/>\n<meta name=\"twitter:card\" content=\"summary_large_image\" \/>\n<meta name=\"twitter:label1\" content=\"Szacowany czas czytania\" \/>\n\t<meta name=\"twitter:data1\" content=\"2 minuty\" \/>\n<script type=\"application\/ld+json\" class=\"yoast-schema-graph\">{\"@context\":\"https:\\\/\\\/schema.org\",\"@graph\":[{\"@type\":\"WebPage\",\"@id\":\"https:\\\/\\\/dariusz-muszer.de\\\/pl\\\/proza\\\/basnie-norweskie-tom-2\\\/\",\"url\":\"https:\\\/\\\/dariusz-muszer.de\\\/pl\\\/proza\\\/basnie-norweskie-tom-2\\\/\",\"name\":\"Ba\u015bnie norweskie. Tom 2 - Dariusz Muszer\",\"isPartOf\":{\"@id\":\"https:\\\/\\\/dariusz-muszer.de\\\/pl\\\/#website\"},\"primaryImageOfPage\":{\"@id\":\"https:\\\/\\\/dariusz-muszer.de\\\/pl\\\/proza\\\/basnie-norweskie-tom-2\\\/#primaryimage\"},\"image\":{\"@id\":\"https:\\\/\\\/dariusz-muszer.de\\\/pl\\\/proza\\\/basnie-norweskie-tom-2\\\/#primaryimage\"},\"thumbnailUrl\":\"https:\\\/\\\/dariusz-muszer.de\\\/pl\\\/wp-content\\\/uploads\\\/sites\\\/2\\\/2026\\\/05\\\/basnie-norweskie-2-229x300.jpg\",\"datePublished\":\"2026-05-02T10:35:52+00:00\",\"dateModified\":\"2026-05-02T10:54:47+00:00\",\"breadcrumb\":{\"@id\":\"https:\\\/\\\/dariusz-muszer.de\\\/pl\\\/proza\\\/basnie-norweskie-tom-2\\\/#breadcrumb\"},\"inLanguage\":\"pl-PL\",\"potentialAction\":[{\"@type\":\"ReadAction\",\"target\":[\"https:\\\/\\\/dariusz-muszer.de\\\/pl\\\/proza\\\/basnie-norweskie-tom-2\\\/\"]}]},{\"@type\":\"ImageObject\",\"inLanguage\":\"pl-PL\",\"@id\":\"https:\\\/\\\/dariusz-muszer.de\\\/pl\\\/proza\\\/basnie-norweskie-tom-2\\\/#primaryimage\",\"url\":\"https:\\\/\\\/dariusz-muszer.de\\\/pl\\\/wp-content\\\/uploads\\\/sites\\\/2\\\/2026\\\/05\\\/basnie-norweskie-2.jpg\",\"contentUrl\":\"https:\\\/\\\/dariusz-muszer.de\\\/pl\\\/wp-content\\\/uploads\\\/sites\\\/2\\\/2026\\\/05\\\/basnie-norweskie-2.jpg\",\"width\":762,\"height\":1000,\"caption\":\"Ba\u015bnie norweskie tom 2\"},{\"@type\":\"BreadcrumbList\",\"@id\":\"https:\\\/\\\/dariusz-muszer.de\\\/pl\\\/proza\\\/basnie-norweskie-tom-2\\\/#breadcrumb\",\"itemListElement\":[{\"@type\":\"ListItem\",\"position\":1,\"name\":\"Strona g\u0142\u00f3wna\",\"item\":\"https:\\\/\\\/dariusz-muszer.de\\\/pl\\\/\"},{\"@type\":\"ListItem\",\"position\":2,\"name\":\"Proza\",\"item\":\"https:\\\/\\\/dariusz-muszer.de\\\/pl\\\/proza\\\/\"},{\"@type\":\"ListItem\",\"position\":3,\"name\":\"Ba\u015bnie norweskie. Tom 2\"}]},{\"@type\":\"WebSite\",\"@id\":\"https:\\\/\\\/dariusz-muszer.de\\\/pl\\\/#website\",\"url\":\"https:\\\/\\\/dariusz-muszer.de\\\/pl\\\/\",\"name\":\"Dariusz Muszer\",\"description\":\"pisarz\",\"potentialAction\":[{\"@type\":\"SearchAction\",\"target\":{\"@type\":\"EntryPoint\",\"urlTemplate\":\"https:\\\/\\\/dariusz-muszer.de\\\/pl\\\/?s={search_term_string}\"},\"query-input\":{\"@type\":\"PropertyValueSpecification\",\"valueRequired\":true,\"valueName\":\"search_term_string\"}}],\"inLanguage\":\"pl-PL\"}]}<\/script>\n<!-- \/ Yoast SEO plugin. -->","yoast_head_json":{"title":"Ba\u015bnie norweskie. Tom 2 - Dariusz Muszer","robots":{"index":"index","follow":"follow","max-snippet":"max-snippet:-1","max-image-preview":"max-image-preview:large","max-video-preview":"max-video-preview:-1"},"canonical":"https:\/\/dariusz-muszer.de\/pl\/proza\/basnie-norweskie-tom-2\/","og_locale":"pl_PL","og_type":"article","og_title":"Ba\u015bnie norweskie. Tom 2 - Dariusz Muszer","og_description":"Ba\u015bnie norweskie. Tom 2 opowiedzia\u0142 Dariusz Muszer Wydawnictwo Forma Szczecin, Bezrzecze 2022 340 str. &nbsp; ISBN 978-83-66759-76-3 &nbsp; Nota wydawcy: Ba\u015bnie przekazywane s\u0105 ustnie z pokolenia na pokolenie i spotyka si\u0119 je we wszystkich kr\u0119gach kulturowych. Stanowi\u0105 jeden z element\u00f3w niematerialnego dziedzictwa kulturowego. Kiedy powsta\u0142y, tego nikt nie wie. Domniemywa si\u0119, \u017ce towarzysz\u0105 cz\u0142owiekowi od [&hellip;]","og_url":"https:\/\/dariusz-muszer.de\/pl\/proza\/basnie-norweskie-tom-2\/","og_site_name":"Dariusz Muszer","article_modified_time":"2026-05-02T10:54:47+00:00","og_image":[{"width":762,"height":1000,"url":"https:\/\/dariusz-muszer.de\/pl\/wp-content\/uploads\/sites\/2\/2026\/05\/basnie-norweskie-2.jpg","type":"image\/jpeg"}],"twitter_card":"summary_large_image","twitter_misc":{"Szacowany czas czytania":"2 minuty"},"schema":{"@context":"https:\/\/schema.org","@graph":[{"@type":"WebPage","@id":"https:\/\/dariusz-muszer.de\/pl\/proza\/basnie-norweskie-tom-2\/","url":"https:\/\/dariusz-muszer.de\/pl\/proza\/basnie-norweskie-tom-2\/","name":"Ba\u015bnie norweskie. Tom 2 - Dariusz Muszer","isPartOf":{"@id":"https:\/\/dariusz-muszer.de\/pl\/#website"},"primaryImageOfPage":{"@id":"https:\/\/dariusz-muszer.de\/pl\/proza\/basnie-norweskie-tom-2\/#primaryimage"},"image":{"@id":"https:\/\/dariusz-muszer.de\/pl\/proza\/basnie-norweskie-tom-2\/#primaryimage"},"thumbnailUrl":"https:\/\/dariusz-muszer.de\/pl\/wp-content\/uploads\/sites\/2\/2026\/05\/basnie-norweskie-2-229x300.jpg","datePublished":"2026-05-02T10:35:52+00:00","dateModified":"2026-05-02T10:54:47+00:00","breadcrumb":{"@id":"https:\/\/dariusz-muszer.de\/pl\/proza\/basnie-norweskie-tom-2\/#breadcrumb"},"inLanguage":"pl-PL","potentialAction":[{"@type":"ReadAction","target":["https:\/\/dariusz-muszer.de\/pl\/proza\/basnie-norweskie-tom-2\/"]}]},{"@type":"ImageObject","inLanguage":"pl-PL","@id":"https:\/\/dariusz-muszer.de\/pl\/proza\/basnie-norweskie-tom-2\/#primaryimage","url":"https:\/\/dariusz-muszer.de\/pl\/wp-content\/uploads\/sites\/2\/2026\/05\/basnie-norweskie-2.jpg","contentUrl":"https:\/\/dariusz-muszer.de\/pl\/wp-content\/uploads\/sites\/2\/2026\/05\/basnie-norweskie-2.jpg","width":762,"height":1000,"caption":"Ba\u015bnie norweskie tom 2"},{"@type":"BreadcrumbList","@id":"https:\/\/dariusz-muszer.de\/pl\/proza\/basnie-norweskie-tom-2\/#breadcrumb","itemListElement":[{"@type":"ListItem","position":1,"name":"Strona g\u0142\u00f3wna","item":"https:\/\/dariusz-muszer.de\/pl\/"},{"@type":"ListItem","position":2,"name":"Proza","item":"https:\/\/dariusz-muszer.de\/pl\/proza\/"},{"@type":"ListItem","position":3,"name":"Ba\u015bnie norweskie. Tom 2"}]},{"@type":"WebSite","@id":"https:\/\/dariusz-muszer.de\/pl\/#website","url":"https:\/\/dariusz-muszer.de\/pl\/","name":"Dariusz Muszer","description":"pisarz","potentialAction":[{"@type":"SearchAction","target":{"@type":"EntryPoint","urlTemplate":"https:\/\/dariusz-muszer.de\/pl\/?s={search_term_string}"},"query-input":{"@type":"PropertyValueSpecification","valueRequired":true,"valueName":"search_term_string"}}],"inLanguage":"pl-PL"}]}},"_links":{"self":[{"href":"https:\/\/dariusz-muszer.de\/pl\/wp-json\/wp\/v2\/pages\/1639","targetHints":{"allow":["GET"]}}],"collection":[{"href":"https:\/\/dariusz-muszer.de\/pl\/wp-json\/wp\/v2\/pages"}],"about":[{"href":"https:\/\/dariusz-muszer.de\/pl\/wp-json\/wp\/v2\/types\/page"}],"author":[{"embeddable":true,"href":"https:\/\/dariusz-muszer.de\/pl\/wp-json\/wp\/v2\/users\/1"}],"replies":[{"embeddable":true,"href":"https:\/\/dariusz-muszer.de\/pl\/wp-json\/wp\/v2\/comments?post=1639"}],"version-history":[{"count":14,"href":"https:\/\/dariusz-muszer.de\/pl\/wp-json\/wp\/v2\/pages\/1639\/revisions"}],"predecessor-version":[{"id":1659,"href":"https:\/\/dariusz-muszer.de\/pl\/wp-json\/wp\/v2\/pages\/1639\/revisions\/1659"}],"up":[{"embeddable":true,"href":"https:\/\/dariusz-muszer.de\/pl\/wp-json\/wp\/v2\/pages\/92"}],"wp:attachment":[{"href":"https:\/\/dariusz-muszer.de\/pl\/wp-json\/wp\/v2\/media?parent=1639"}],"curies":[{"name":"wp","href":"https:\/\/api.w.org\/{rel}","templated":true}]}}