{"id":1311,"date":"2019-09-11T21:59:37","date_gmt":"2019-09-11T19:59:37","guid":{"rendered":"http:\/\/dariusz-muszer.de\/pl\/?page_id=1311"},"modified":"2021-05-29T17:07:58","modified_gmt":"2021-05-29T15:07:58","slug":"wiersze-poniemieckie","status":"publish","type":"page","link":"https:\/\/dariusz-muszer.de\/pl\/poezja\/wiersze-poniemieckie\/","title":{"rendered":"Wiersze poniemieckie"},"content":{"rendered":"<p><img loading=\"lazy\" decoding=\"async\" class=\"alignleft size-medium wp-image-1308\" src=\"https:\/\/dariusz-muszer.de\/pl\/wp-content\/uploads\/sites\/2\/2019\/09\/muszer-wiersze-poniemieckie-229x300.jpg\" alt=\"Muszer Wiersze poniemieckie\" width=\"229\" height=\"300\" srcset=\"https:\/\/dariusz-muszer.de\/pl\/wp-content\/uploads\/sites\/2\/2019\/09\/muszer-wiersze-poniemieckie-229x300.jpg 229w, https:\/\/dariusz-muszer.de\/pl\/wp-content\/uploads\/sites\/2\/2019\/09\/muszer-wiersze-poniemieckie.jpg 732w\" sizes=\"auto, (max-width: 229px) 100vw, 229px\" \/>Dariusz Muszer<br \/>\n<strong>Wiersze poniemieckie<\/strong><\/p>\n<p>92 strony<\/p>\n<p>obraz na ok\u0142adce: Nina Zieli\u0144ska-Krudysz<\/p>\n<p>Wydawnictwo Forma<br \/>\nSzczecin 2019<br \/>\nISBN 978-83-66180-34-5<\/p>\n<p>&nbsp;<\/p>\n<p>&nbsp;<\/p>\n<hr \/>\n<h1>O ksi\u0105\u017cce:<\/h1>\n<p>To nie spogl\u0105danie w okno \u015bwiata. To defenestracja, chocia\u017c tym razem \u2013 inaczej ni\u017c w wypadku swoich poprzednich tom\u00f3w wierszy \u2013 Muszer jak gdyby si\u0119 waha\u0142. Jest nostalgiczny (gdy powraca do Rzepina, miasta swojego dzieci\u0144stwa), bywa r\u00f3wnie\u017c uwa\u017cny i ostro\u017cny (kiedy my\u015bli o Hanowerze, mie\u015bcie, kt\u00f3re go przyj\u0119\u0142o). Niezwykle rzadko \u2013 ale jednak \u2013 \u201eponiemiecko\u015bci\u201d zdarza si\u0119 w tych wierszach by\u0107 \u0142agodnym przezroczem, na kt\u00f3rym rozpina si\u0119 nieoczekiwany liryzm. Ostatecznie jednak piek\u0142o tak szczelne, jak \u201eprzy\u201d Sartre\u2019owskich \u201edrzwiach zamkni\u0119tych\u201d triumfuje, wi\u0119c \u2013 wci\u0105ga nas z powrotem do siebie. I l\u0105dujemy (znowu) w jednym pokoju z diab\u0142em smutku, tym, kt\u00f3ry Muszera prze\u015bladuje od lat, diab\u0142em tak \u015bwietnych i przejmuj\u0105cych wierszy, jak\u00a0<em>Piersi Ewy<\/em>\u00a0lub\u00a0<em>Kalafiory<\/em>.<br \/>\n<a href=\"https:\/\/pl.wikipedia.org\/wiki\/Karol_Samsel\"><strong>Karol Samsel<\/strong><\/a><\/p>\n<hr \/>\n<h1>G\u0142osy krytyki:<\/h1>\n<blockquote><p>Czytelnika znaj\u0105cego autora g\u0142\u00f3wnie z jego prozy na pewno zaskoczy liryzm wierszy mi\u0142osnych, miejscami pastelowy, miejscami gorzki (&#8222;Rozchodzimy si\u0119 powoli&#8221;), ale obecny w nich nie za spraw\u0105 pisarskiej techniki, lecz elementarnej si\u0142y poetyckiego <em>ingenium<\/em> Dariusza Muszera, kt\u00f3ry jest nie tylko prozaikiem <em>von Gottes Gnaden<\/em> (co po polsku ju\u017c niezupe\u0142nie to samo znaczy), ale i poet\u0105 rzadkiej pr\u00f3by.<br \/>\n<a href=\"http:\/\/www.wforma.eu\/-troll-odra-4-2020.html\"><strong>Marek Zybura, Odra<\/strong><\/a><\/p>\n<p>Podmiot Muszera, bezceremonialny, obcesowy, pozostaje zarazem wra\u017cliwy, \u015bwiadomy egzystencjalnie (&#8222;Kamienie&#8221;). Za\u015b jego &#8222;autor wirtulany&#8221; ma spory dystans do w\u0142asnego pisarstwa i bynajmniej go nie celebruje. Na opinie krytyki nie zawa\u017ca ni troch\u0119, co artyku\u0142uje dosadnie w wierszu &#8222;O pierdoleniu&#8221; (sic!). Ko\u0144cz\u0105c wi\u0119c swoje nad jego transgranicznymi poezjami rozwa\u017cania, prosz\u0119 o \u0142agodny wymiar kary.<br \/>\n<a href=\"http:\/\/www.wforma.eu\/-poezje-transgraniczne-topos-3-2020.html\"><strong>Piotr W. Lorkowski, Topos<\/strong><\/a><\/p>\n<p>Dariusz Muszer u\u015bwiadamia nam jedno: takie zak\u0142amane czasy pradziadk\u00f3w, dziadk\u00f3w i ojc\u00f3w ludzi \u017cyj\u0105cych potrzebuj\u0105 wielu pokole\u0144, bezemocjonalnego podej\u015bcia do sprawy, aby odkry\u0107 ca\u0142e z\u0142o wojny, bo \u015bwiadkowie k\u0142ami\u0105, idealizuj\u0105, wybielaj\u0105 siebie i bliskich. I ta idealizacja, to wybielanie naznacza codzienno\u015b\u0107 podmiotu lirycznego chc\u0105cego \u017cy\u0107 bez ca\u0142ego tego baga\u017cu z\u0142ych czyn\u00f3w, owo odchodzenia od z\u0142a sprawia, \u017ce wsp\u00f3\u0142czesne Niemcy w wierszach Muszera to \u015bwiat pomieszanych kultur, w kt\u00f3rych pok\u00f3j i konsumpcjonizm id\u0105 w parze, w kt\u00f3rym wizje wojny i po\u015bwi\u0119cenia za ojczyzn\u0119 wydaj\u0105 si\u0119 \u015bmieszne. Historyczne d\u0105\u017cenie do czysto\u015bci rasy w wierszach Muszera zderza si\u0119 ze wsp\u00f3\u0142czesnym tyglem kulturowym. Mo\u017cna by powiedzie\u0107: oto mamy chichot dziej\u00f3w, bo d\u0105\u017cenie do oczyszczenia rasy zmieni\u0142o si\u0119 w tworzenie mieszanki, eliminacji czysto\u015bci, wypierania Niemc\u00f3w. I tym sposobem wszystko, co otacza ludzi tam mieszkaj\u0105cych staje si\u0119 poniemieckie. Miejsca zamieszka\u0142e przez przybysz\u00f3w z r\u00f3\u017cnych zak\u0105tk\u00f3w ziemi ju\u017c nie nale\u017c\u0105 i nie s\u0105 przyznawane tubylcom, ale przybyszom czyni\u0105c miejsce granicznym, sprawiaj\u0105cym, \u017ce nic nie mo\u017ce by\u0107 oceniane jednoznacznie, poniewa\u017c bohaterzy liryczni s\u0105 rozdarci, przynale\u017c\u0105 do r\u00f3\u017cnych miejsc i narodowo\u015bci daj\u0105cej sporo swobody, b\u0119d\u0105cej zaprzeczeniem zniewalaj\u0105cej \u201ebia\u0142ej koszuli\u201d, kt\u00f3rej nie mo\u017cna pobrudzi\u0107. Wiersz o niej to swoista alegoria los\u00f3w niemieckiego narodu wychowanego w tzw. kindersztubie i pr\u00f3buj\u0105cego si\u0119 od tego uwolni\u0107.<br \/>\n<a href=\"http:\/\/www.wforma.eu\/-wiersze-poniemieckie-http-annasikorskablogspotcom-09022020.html\"><strong>Anna Sikorska, annasikorska.blogspot.com<\/strong><\/a><\/p>\n<p>Muszer, chc\u0105c pogodzi\u0107 w \u201eWierszach poniemieckich\u201d mi\u0119dzy innymi wol\u0119, (z)my\u015blenie, intuicj\u0119 i czynniki determinuj\u0105ce \u201eja\u201d, kreuje podmiot, kt\u00f3ry przypomina uciekiniera ze \u015bwiata \u2013 kogo\u015b, kto nie mo\u017ce odnale\u017a\u0107 swojego miejsca mi\u0119dzy opozycj\u0105: rygorystyczny obiektywizm \u015bwiata a w\u0142asna, delikatna ja\u017a\u0144 czuj\u0105ca. \u00d3w cz\u0142owiek dodaje do rzeczywisto\u015bci interpretacje, kt\u00f3re zaburzaj\u0105 podstawowy tok wydarze\u0144. Jego wizje, wspomnienia, wyobra\u017cenia i obraz tera\u017aniejszo\u015bci, jaki powstaje w umy\u015ble, ustanawiaj\u0105 wszystkie warianty tak przecie\u017c urozmaiconych u Muszera poetyckich \u0142adunk\u00f3w oraz buduj\u0105 wiersze b\u0119d\u0105ce konfiguracjami scen zapami\u0119tanych przez liryczne \u201eja\u201d w formie wypaczonej. Dzi\u0119ki tym procesom wiersz Muszera jest integralny, konsekwentnie budowany jako suwerenny, zamkni\u0119ty w sobie i nieposzerzany przez zb\u0119dne, znaczeniowe suplementy. W kontek\u015bcie tej tezy uderzaj\u0105ca jest tak charakterystyczna dla tych wierszy fascynacja rzek\u0105, kt\u00f3ra \u201epoprawi\u0142a si\u0119 w korycie odda\u0142a kawa\u0142ek pola \/ i wessa\u0142a na zawsze trzy strumienie\u201d, \u201ezabiera\u0142a ze sob\u0105 wszystkie milczenia i s\u0142owa\u201d. Jest ona symbolem si\u0142y poezji Muszera, kt\u00f3ra oddaje i zabiera, przywraca do \u017cycia i skraca czas dany tym, kt\u00f3rzy istniej\u0105. Dzieje si\u0119 tak, gdy\u017c ten poeta wyr\u00f3\u017cnia si\u0119 zdroworozs\u0105dkowym my\u015bleniem i instynktem, kt\u00f3ry pozwala mu uwzgl\u0119dnia\u0107 blaski i cienie \u017cycia, w\u0142\u0105cznie z jego zmienno\u015bci\u0105 i p\u0142ynnym przechodzeniem mi\u0119dzy pozytywn\u0105 a negatywn\u0105 stron\u0105 \u015bwiata: \u201eA o \u015bwicie rzeka by\u0142a ju\u017c dawno w innej wodzie \/ i nigdy wi\u0119cej nie nazwa\u0142a si\u0119 tak samo\u201d.<br \/>\n<a href=\"http:\/\/szelestkartek.pl\/2020\/07\/07\/dmwp\/\"><strong>Przemys\u0142aw Koniuszy, szelestkartek.pl<\/strong><\/a><\/p>\n<p style=\"text-align: left;\">Ten zbi\u00f3r wierszy jest opowie\u015bci\u0105 o \u201estaniu rozkrokiem\u201d mi\u0119dzy jedn\u0105 ojczyzn\u0105 a drug\u0105. \u201eDwupa\u0144stwowo\u015b\u0107\u201d Muszera jest nie tyle problemem, ile raczej wmy\u015blaniem si\u0119 w swoj\u0105 sytuacj\u0119. Ka\u017cde pogranicze, ka\u017cda diaspora s\u0105 osobliwym staniem w rozkroku. Dwukulturowo\u015b\u0107 to i dar, i zamys\u0142, i zapewne czasami problem. (&#8230;) Podczas lektury szeroko otwiera\u0142em oczy, poniewa\u017c Muszer zacz\u0105\u0142 od tej swojej diaspory, a potem przeszed\u0142 do czystej liryki. Znakomitej. Wiersze \u201eponiemieckie\u201d okaza\u0142y si\u0119 nie jedyn\u0105 jego \u201erozpraw\u0105\u201d. Dariusz Muszer jest m\u0142odszy ode mnie o 10 lat (rocznik 1959). Zdumiewa mnie, \u017ce ten \u201em\u0142okos\u201d tak umia\u0142 wej\u015b\u0107 w m\u00f3j \u015bwiat i opowiedzie\u0107 go w spos\u00f3b i przejmuj\u0105cy, i liryczny.<br \/>\n<a href=\"http:\/\/latarnia-morska.eu\/pl\/z-dnia-na-dzien\/3155-\u201ewiersze-poniemieckie\u201d-dariusz-muszera\"><strong>Leszek \u017buli\u0144ski, Latarnia Morska<\/strong><\/a><\/p>\n<\/blockquote>\n<p>&nbsp;<\/p>\n","protected":false},"excerpt":{"rendered":"<p>Dariusz Muszer Wiersze poniemieckie 92 strony obraz na ok\u0142adce: Nina Zieli\u0144ska-Krudysz Wydawnictwo Forma Szczecin 2019 ISBN 978-83-66180-34-5 &nbsp; &nbsp; O ksi\u0105\u017cce: To nie spogl\u0105danie w okno \u015bwiata. To defenestracja, chocia\u017c tym razem \u2013 inaczej ni\u017c w wypadku swoich poprzednich tom\u00f3w wierszy \u2013 Muszer jak gdyby si\u0119 waha\u0142. Jest nostalgiczny (gdy powraca do Rzepina, miasta swojego [&hellip;]<\/p>\n","protected":false},"author":1,"featured_media":0,"parent":5,"menu_order":0,"comment_status":"closed","ping_status":"closed","template":"","meta":{"footnotes":""},"class_list":["post-1311","page","type-page","status-publish","hentry"],"yoast_head":"<!-- This site is optimized with the Yoast SEO plugin v27.5 - https:\/\/yoast.com\/product\/yoast-seo-wordpress\/ -->\n<title>Wiersze poniemieckie - Dariusz Muszer<\/title>\n<meta name=\"description\" content=\"Dariusz Muszer Wiersze poniemieckie 92 strony obraz na ok\u0142adce: Nina Zieli\u0144ska-Krudysz Wydawnictwo FormaSzczecin 2019 ISBN 978-83-66180-34-5\" \/>\n<meta name=\"robots\" content=\"index, follow, max-snippet:-1, max-image-preview:large, max-video-preview:-1\" \/>\n<link rel=\"canonical\" href=\"https:\/\/dariusz-muszer.de\/pl\/poezja\/wiersze-poniemieckie\/\" \/>\n<meta property=\"og:locale\" content=\"pl_PL\" \/>\n<meta property=\"og:type\" content=\"article\" \/>\n<meta property=\"og:title\" content=\"Wiersze poniemieckie - Dariusz Muszer\" \/>\n<meta property=\"og:description\" content=\"Dariusz Muszer Wiersze poniemieckie 92 strony obraz na ok\u0142adce: Nina Zieli\u0144ska-Krudysz Wydawnictwo FormaSzczecin 2019 ISBN 978-83-66180-34-5\" \/>\n<meta property=\"og:url\" content=\"https:\/\/dariusz-muszer.de\/pl\/poezja\/wiersze-poniemieckie\/\" \/>\n<meta property=\"og:site_name\" content=\"Dariusz Muszer\" \/>\n<meta property=\"article:modified_time\" content=\"2021-05-29T15:07:58+00:00\" \/>\n<meta property=\"og:image\" content=\"http:\/\/dariusz-muszer.de\/pl\/wp-content\/uploads\/sites\/2\/2019\/09\/muszer-wiersze-poniemieckie-229x300.jpg\" \/>\n<meta name=\"twitter:card\" content=\"summary_large_image\" \/>\n<meta name=\"twitter:label1\" content=\"Szacowany czas czytania\" \/>\n\t<meta name=\"twitter:data1\" content=\"4 minuty\" \/>\n<script type=\"application\/ld+json\" class=\"yoast-schema-graph\">{\"@context\":\"https:\\\/\\\/schema.org\",\"@graph\":[{\"@type\":\"WebPage\",\"@id\":\"https:\\\/\\\/dariusz-muszer.de\\\/pl\\\/poezja\\\/wiersze-poniemieckie\\\/\",\"url\":\"https:\\\/\\\/dariusz-muszer.de\\\/pl\\\/poezja\\\/wiersze-poniemieckie\\\/\",\"name\":\"Wiersze poniemieckie - Dariusz Muszer\",\"isPartOf\":{\"@id\":\"https:\\\/\\\/dariusz-muszer.de\\\/pl\\\/#website\"},\"primaryImageOfPage\":{\"@id\":\"https:\\\/\\\/dariusz-muszer.de\\\/pl\\\/poezja\\\/wiersze-poniemieckie\\\/#primaryimage\"},\"image\":{\"@id\":\"https:\\\/\\\/dariusz-muszer.de\\\/pl\\\/poezja\\\/wiersze-poniemieckie\\\/#primaryimage\"},\"thumbnailUrl\":\"http:\\\/\\\/dariusz-muszer.de\\\/pl\\\/wp-content\\\/uploads\\\/sites\\\/2\\\/2019\\\/09\\\/muszer-wiersze-poniemieckie-229x300.jpg\",\"datePublished\":\"2019-09-11T19:59:37+00:00\",\"dateModified\":\"2021-05-29T15:07:58+00:00\",\"description\":\"Dariusz Muszer Wiersze poniemieckie 92 strony obraz na ok\u0142adce: Nina Zieli\u0144ska-Krudysz Wydawnictwo FormaSzczecin 2019 ISBN 978-83-66180-34-5\",\"breadcrumb\":{\"@id\":\"https:\\\/\\\/dariusz-muszer.de\\\/pl\\\/poezja\\\/wiersze-poniemieckie\\\/#breadcrumb\"},\"inLanguage\":\"pl-PL\",\"potentialAction\":[{\"@type\":\"ReadAction\",\"target\":[\"https:\\\/\\\/dariusz-muszer.de\\\/pl\\\/poezja\\\/wiersze-poniemieckie\\\/\"]}]},{\"@type\":\"ImageObject\",\"inLanguage\":\"pl-PL\",\"@id\":\"https:\\\/\\\/dariusz-muszer.de\\\/pl\\\/poezja\\\/wiersze-poniemieckie\\\/#primaryimage\",\"url\":\"https:\\\/\\\/dariusz-muszer.de\\\/pl\\\/wp-content\\\/uploads\\\/sites\\\/2\\\/2019\\\/09\\\/muszer-wiersze-poniemieckie.jpg\",\"contentUrl\":\"https:\\\/\\\/dariusz-muszer.de\\\/pl\\\/wp-content\\\/uploads\\\/sites\\\/2\\\/2019\\\/09\\\/muszer-wiersze-poniemieckie.jpg\",\"width\":732,\"height\":960,\"caption\":\"Muszer Wiersze poniemieckie\"},{\"@type\":\"BreadcrumbList\",\"@id\":\"https:\\\/\\\/dariusz-muszer.de\\\/pl\\\/poezja\\\/wiersze-poniemieckie\\\/#breadcrumb\",\"itemListElement\":[{\"@type\":\"ListItem\",\"position\":1,\"name\":\"Strona g\u0142\u00f3wna\",\"item\":\"https:\\\/\\\/dariusz-muszer.de\\\/pl\\\/\"},{\"@type\":\"ListItem\",\"position\":2,\"name\":\"Poezja\",\"item\":\"https:\\\/\\\/dariusz-muszer.de\\\/pl\\\/poezja\\\/\"},{\"@type\":\"ListItem\",\"position\":3,\"name\":\"Wiersze poniemieckie\"}]},{\"@type\":\"WebSite\",\"@id\":\"https:\\\/\\\/dariusz-muszer.de\\\/pl\\\/#website\",\"url\":\"https:\\\/\\\/dariusz-muszer.de\\\/pl\\\/\",\"name\":\"Dariusz Muszer\",\"description\":\"pisarz\",\"potentialAction\":[{\"@type\":\"SearchAction\",\"target\":{\"@type\":\"EntryPoint\",\"urlTemplate\":\"https:\\\/\\\/dariusz-muszer.de\\\/pl\\\/?s={search_term_string}\"},\"query-input\":{\"@type\":\"PropertyValueSpecification\",\"valueRequired\":true,\"valueName\":\"search_term_string\"}}],\"inLanguage\":\"pl-PL\"}]}<\/script>\n<!-- \/ Yoast SEO plugin. -->","yoast_head_json":{"title":"Wiersze poniemieckie - Dariusz Muszer","description":"Dariusz Muszer Wiersze poniemieckie 92 strony obraz na ok\u0142adce: Nina Zieli\u0144ska-Krudysz Wydawnictwo FormaSzczecin 2019 ISBN 978-83-66180-34-5","robots":{"index":"index","follow":"follow","max-snippet":"max-snippet:-1","max-image-preview":"max-image-preview:large","max-video-preview":"max-video-preview:-1"},"canonical":"https:\/\/dariusz-muszer.de\/pl\/poezja\/wiersze-poniemieckie\/","og_locale":"pl_PL","og_type":"article","og_title":"Wiersze poniemieckie - Dariusz Muszer","og_description":"Dariusz Muszer Wiersze poniemieckie 92 strony obraz na ok\u0142adce: Nina Zieli\u0144ska-Krudysz Wydawnictwo FormaSzczecin 2019 ISBN 978-83-66180-34-5","og_url":"https:\/\/dariusz-muszer.de\/pl\/poezja\/wiersze-poniemieckie\/","og_site_name":"Dariusz Muszer","article_modified_time":"2021-05-29T15:07:58+00:00","og_image":[{"url":"http:\/\/dariusz-muszer.de\/pl\/wp-content\/uploads\/sites\/2\/2019\/09\/muszer-wiersze-poniemieckie-229x300.jpg","type":"","width":"","height":""}],"twitter_card":"summary_large_image","twitter_misc":{"Szacowany czas czytania":"4 minuty"},"schema":{"@context":"https:\/\/schema.org","@graph":[{"@type":"WebPage","@id":"https:\/\/dariusz-muszer.de\/pl\/poezja\/wiersze-poniemieckie\/","url":"https:\/\/dariusz-muszer.de\/pl\/poezja\/wiersze-poniemieckie\/","name":"Wiersze poniemieckie - Dariusz Muszer","isPartOf":{"@id":"https:\/\/dariusz-muszer.de\/pl\/#website"},"primaryImageOfPage":{"@id":"https:\/\/dariusz-muszer.de\/pl\/poezja\/wiersze-poniemieckie\/#primaryimage"},"image":{"@id":"https:\/\/dariusz-muszer.de\/pl\/poezja\/wiersze-poniemieckie\/#primaryimage"},"thumbnailUrl":"http:\/\/dariusz-muszer.de\/pl\/wp-content\/uploads\/sites\/2\/2019\/09\/muszer-wiersze-poniemieckie-229x300.jpg","datePublished":"2019-09-11T19:59:37+00:00","dateModified":"2021-05-29T15:07:58+00:00","description":"Dariusz Muszer Wiersze poniemieckie 92 strony obraz na ok\u0142adce: Nina Zieli\u0144ska-Krudysz Wydawnictwo FormaSzczecin 2019 ISBN 978-83-66180-34-5","breadcrumb":{"@id":"https:\/\/dariusz-muszer.de\/pl\/poezja\/wiersze-poniemieckie\/#breadcrumb"},"inLanguage":"pl-PL","potentialAction":[{"@type":"ReadAction","target":["https:\/\/dariusz-muszer.de\/pl\/poezja\/wiersze-poniemieckie\/"]}]},{"@type":"ImageObject","inLanguage":"pl-PL","@id":"https:\/\/dariusz-muszer.de\/pl\/poezja\/wiersze-poniemieckie\/#primaryimage","url":"https:\/\/dariusz-muszer.de\/pl\/wp-content\/uploads\/sites\/2\/2019\/09\/muszer-wiersze-poniemieckie.jpg","contentUrl":"https:\/\/dariusz-muszer.de\/pl\/wp-content\/uploads\/sites\/2\/2019\/09\/muszer-wiersze-poniemieckie.jpg","width":732,"height":960,"caption":"Muszer Wiersze poniemieckie"},{"@type":"BreadcrumbList","@id":"https:\/\/dariusz-muszer.de\/pl\/poezja\/wiersze-poniemieckie\/#breadcrumb","itemListElement":[{"@type":"ListItem","position":1,"name":"Strona g\u0142\u00f3wna","item":"https:\/\/dariusz-muszer.de\/pl\/"},{"@type":"ListItem","position":2,"name":"Poezja","item":"https:\/\/dariusz-muszer.de\/pl\/poezja\/"},{"@type":"ListItem","position":3,"name":"Wiersze poniemieckie"}]},{"@type":"WebSite","@id":"https:\/\/dariusz-muszer.de\/pl\/#website","url":"https:\/\/dariusz-muszer.de\/pl\/","name":"Dariusz Muszer","description":"pisarz","potentialAction":[{"@type":"SearchAction","target":{"@type":"EntryPoint","urlTemplate":"https:\/\/dariusz-muszer.de\/pl\/?s={search_term_string}"},"query-input":{"@type":"PropertyValueSpecification","valueRequired":true,"valueName":"search_term_string"}}],"inLanguage":"pl-PL"}]}},"_links":{"self":[{"href":"https:\/\/dariusz-muszer.de\/pl\/wp-json\/wp\/v2\/pages\/1311","targetHints":{"allow":["GET"]}}],"collection":[{"href":"https:\/\/dariusz-muszer.de\/pl\/wp-json\/wp\/v2\/pages"}],"about":[{"href":"https:\/\/dariusz-muszer.de\/pl\/wp-json\/wp\/v2\/types\/page"}],"author":[{"embeddable":true,"href":"https:\/\/dariusz-muszer.de\/pl\/wp-json\/wp\/v2\/users\/1"}],"replies":[{"embeddable":true,"href":"https:\/\/dariusz-muszer.de\/pl\/wp-json\/wp\/v2\/comments?post=1311"}],"version-history":[{"count":10,"href":"https:\/\/dariusz-muszer.de\/pl\/wp-json\/wp\/v2\/pages\/1311\/revisions"}],"predecessor-version":[{"id":1317,"href":"https:\/\/dariusz-muszer.de\/pl\/wp-json\/wp\/v2\/pages\/1311\/revisions\/1317"}],"up":[{"embeddable":true,"href":"https:\/\/dariusz-muszer.de\/pl\/wp-json\/wp\/v2\/pages\/5"}],"wp:attachment":[{"href":"https:\/\/dariusz-muszer.de\/pl\/wp-json\/wp\/v2\/media?parent=1311"}],"curies":[{"name":"wp","href":"https:\/\/api.w.org\/{rel}","templated":true}]}}