{"id":1209,"date":"2018-10-05T18:26:37","date_gmt":"2018-10-05T16:26:37","guid":{"rendered":"http:\/\/dariusz-muszer.de\/pl\/?page_id=1209"},"modified":"2019-09-11T22:42:24","modified_gmt":"2019-09-11T20:42:24","slug":"basnie-norweskie","status":"publish","type":"page","link":"https:\/\/dariusz-muszer.de\/pl\/proza\/basnie-norweskie\/","title":{"rendered":"Ba\u015bnie norweskie"},"content":{"rendered":"<h3><img loading=\"lazy\" decoding=\"async\" class=\"alignleft size-medium wp-image-1255\" src=\"https:\/\/dariusz-muszer.de\/pl\/wp-content\/uploads\/sites\/2\/2019\/02\/basnie-norweskie_rgb-229x300.jpg\" alt=\"Ba\u015bnie norweskie\" width=\"229\" height=\"300\" srcset=\"https:\/\/dariusz-muszer.de\/pl\/wp-content\/uploads\/sites\/2\/2019\/02\/basnie-norweskie_rgb-229x300.jpg 229w, https:\/\/dariusz-muszer.de\/pl\/wp-content\/uploads\/sites\/2\/2019\/02\/basnie-norweskie_rgb-768x1008.jpg 768w, https:\/\/dariusz-muszer.de\/pl\/wp-content\/uploads\/sites\/2\/2019\/02\/basnie-norweskie_rgb-780x1024.jpg 780w, https:\/\/dariusz-muszer.de\/pl\/wp-content\/uploads\/sites\/2\/2019\/02\/basnie-norweskie_rgb.jpg 1000w\" sizes=\"auto, (max-width: 229px) 100vw, 229px\" \/>Ba\u015bnie norweskie<\/h3>\n<p>opowiedzia\u0142<br \/>\nDariusz Muszer<\/p>\n<p><a href=\"http:\/\/www.wforma.eu\/dariusz-muszer-wybor.html\">Wydawnictwo Forma<\/a><br \/>\nSzczecin, Bezrzecze 2018<br \/>\n424 str.<\/p>\n<p>ISBN 978-83-66180-00-0<\/p>\n<p>&nbsp;<\/p>\n<p>&nbsp;<\/p>\n<p>&nbsp;<\/p>\n<hr \/>\n<h2>Nota wydawcy:<\/h2>\n<p>Ba\u015b\u0144 ludowa to anonimowy tekst prozatorski, opowiadaj\u0105cy o cudownych, nadzwyczajnych wydarzeniach. Czas i miejsce akcji pozostaj\u0105 nieokre\u015blone, bohaterowie swobodnie przekraczaj\u0105 granice mi\u0119dzy \u015bwiatem realnym a nadnaturalnym i najdalsze odleg\u0142o\u015bci potrafi\u0105 pokonywa\u0107 w mgnieniu oka.<br \/>\nNad opowiedzeniem <em>Ba\u015bni norweskich<\/em> Dariusz Muszer pracowa\u0142 z przerwami od 1991 roku, wielokrotnie w tym czasie odwiedzaj\u0105c Norwegi\u0119 w celu kwerendy. Proponowany zbi\u00f3r zawiera 90 najbardziej reprezentatywnych utwor\u00f3w, wybranych z istniej\u0105cego kanonu ba\u015bni norweskich, ca\u0142kowicie na nowo opowiedzianych i w wi\u0119kszo\u015bci dot\u0105d nie prezentowanych polskoj\u0119zycznemu czytelnikowi. Niniejsze wydanie jest wi\u0119c niespotykane na polskim rynku ksi\u0105\u017ckowym,\u00a0 przedstawia ludowe ba\u015bnie norweskie w postaci najbardziej zbli\u017conej do pierwotnej, bez ilustracji i w pe\u0142nej wersji.<\/p>\n<hr \/>\n<p>&nbsp;<\/p>\n","protected":false},"excerpt":{"rendered":"<p>Ba\u015bnie norweskie opowiedzia\u0142 Dariusz Muszer Wydawnictwo Forma Szczecin, Bezrzecze 2018 424 str. ISBN 978-83-66180-00-0 &nbsp; &nbsp; &nbsp; Nota wydawcy: Ba\u015b\u0144 ludowa to anonimowy tekst prozatorski, opowiadaj\u0105cy o cudownych, nadzwyczajnych wydarzeniach. Czas i miejsce akcji pozostaj\u0105 nieokre\u015blone, bohaterowie swobodnie przekraczaj\u0105 granice mi\u0119dzy \u015bwiatem realnym a nadnaturalnym i najdalsze odleg\u0142o\u015bci potrafi\u0105 pokonywa\u0107 w mgnieniu oka. Nad opowiedzeniem [&hellip;]<\/p>\n","protected":false},"author":1,"featured_media":0,"parent":92,"menu_order":2,"comment_status":"closed","ping_status":"closed","template":"","meta":{"footnotes":""},"class_list":["post-1209","page","type-page","status-publish","hentry"],"yoast_head":"<!-- This site is optimized with the Yoast SEO plugin v27.0 - https:\/\/yoast.com\/product\/yoast-seo-wordpress\/ -->\n<title>Ba\u015bnie norweskie - Dariusz Muszer<\/title>\n<meta name=\"robots\" content=\"index, follow, max-snippet:-1, max-image-preview:large, max-video-preview:-1\" \/>\n<link rel=\"canonical\" href=\"https:\/\/dariusz-muszer.de\/pl\/proza\/basnie-norweskie\/\" \/>\n<meta property=\"og:locale\" content=\"pl_PL\" \/>\n<meta property=\"og:type\" content=\"article\" \/>\n<meta property=\"og:title\" content=\"Ba\u015bnie norweskie - Dariusz Muszer\" \/>\n<meta property=\"og:description\" content=\"Ba\u015bnie norweskie opowiedzia\u0142 Dariusz Muszer Wydawnictwo Forma Szczecin, Bezrzecze 2018 424 str. ISBN 978-83-66180-00-0 &nbsp; &nbsp; &nbsp; Nota wydawcy: Ba\u015b\u0144 ludowa to anonimowy tekst prozatorski, opowiadaj\u0105cy o cudownych, nadzwyczajnych wydarzeniach. Czas i miejsce akcji pozostaj\u0105 nieokre\u015blone, bohaterowie swobodnie przekraczaj\u0105 granice mi\u0119dzy \u015bwiatem realnym a nadnaturalnym i najdalsze odleg\u0142o\u015bci potrafi\u0105 pokonywa\u0107 w mgnieniu oka. Nad opowiedzeniem [&hellip;]\" \/>\n<meta property=\"og:url\" content=\"https:\/\/dariusz-muszer.de\/pl\/proza\/basnie-norweskie\/\" \/>\n<meta property=\"og:site_name\" content=\"Dariusz Muszer\" \/>\n<meta property=\"article:modified_time\" content=\"2019-09-11T20:42:24+00:00\" \/>\n<meta property=\"og:image\" content=\"http:\/\/dariusz-muszer.de\/pl\/wp-content\/uploads\/sites\/2\/2019\/02\/basnie-norweskie_rgb-229x300.jpg\" \/>\n<meta name=\"twitter:card\" content=\"summary_large_image\" \/>\n<meta name=\"twitter:label1\" content=\"Szacowany czas czytania\" \/>\n\t<meta name=\"twitter:data1\" content=\"1 minuta\" \/>\n<script type=\"application\/ld+json\" class=\"yoast-schema-graph\">{\"@context\":\"https:\/\/schema.org\",\"@graph\":[{\"@type\":\"WebPage\",\"@id\":\"https:\/\/dariusz-muszer.de\/pl\/proza\/basnie-norweskie\/\",\"url\":\"https:\/\/dariusz-muszer.de\/pl\/proza\/basnie-norweskie\/\",\"name\":\"Ba\u015bnie norweskie - Dariusz Muszer\",\"isPartOf\":{\"@id\":\"https:\/\/dariusz-muszer.de\/pl\/#website\"},\"primaryImageOfPage\":{\"@id\":\"https:\/\/dariusz-muszer.de\/pl\/proza\/basnie-norweskie\/#primaryimage\"},\"image\":{\"@id\":\"https:\/\/dariusz-muszer.de\/pl\/proza\/basnie-norweskie\/#primaryimage\"},\"thumbnailUrl\":\"http:\/\/dariusz-muszer.de\/pl\/wp-content\/uploads\/sites\/2\/2019\/02\/basnie-norweskie_rgb-229x300.jpg\",\"datePublished\":\"2018-10-05T16:26:37+00:00\",\"dateModified\":\"2019-09-11T20:42:24+00:00\",\"breadcrumb\":{\"@id\":\"https:\/\/dariusz-muszer.de\/pl\/proza\/basnie-norweskie\/#breadcrumb\"},\"inLanguage\":\"pl-PL\",\"potentialAction\":[{\"@type\":\"ReadAction\",\"target\":[\"https:\/\/dariusz-muszer.de\/pl\/proza\/basnie-norweskie\/\"]}]},{\"@type\":\"ImageObject\",\"inLanguage\":\"pl-PL\",\"@id\":\"https:\/\/dariusz-muszer.de\/pl\/proza\/basnie-norweskie\/#primaryimage\",\"url\":\"http:\/\/dariusz-muszer.de\/pl\/wp-content\/uploads\/sites\/2\/2019\/02\/basnie-norweskie_rgb-229x300.jpg\",\"contentUrl\":\"http:\/\/dariusz-muszer.de\/pl\/wp-content\/uploads\/sites\/2\/2019\/02\/basnie-norweskie_rgb-229x300.jpg\"},{\"@type\":\"BreadcrumbList\",\"@id\":\"https:\/\/dariusz-muszer.de\/pl\/proza\/basnie-norweskie\/#breadcrumb\",\"itemListElement\":[{\"@type\":\"ListItem\",\"position\":1,\"name\":\"Strona g\u0142\u00f3wna\",\"item\":\"https:\/\/dariusz-muszer.de\/pl\/\"},{\"@type\":\"ListItem\",\"position\":2,\"name\":\"Proza\",\"item\":\"https:\/\/dariusz-muszer.de\/pl\/proza\/\"},{\"@type\":\"ListItem\",\"position\":3,\"name\":\"Ba\u015bnie norweskie\"}]},{\"@type\":\"WebSite\",\"@id\":\"https:\/\/dariusz-muszer.de\/pl\/#website\",\"url\":\"https:\/\/dariusz-muszer.de\/pl\/\",\"name\":\"Dariusz Muszer\",\"description\":\"pisarz\",\"potentialAction\":[{\"@type\":\"SearchAction\",\"target\":{\"@type\":\"EntryPoint\",\"urlTemplate\":\"https:\/\/dariusz-muszer.de\/pl\/?s={search_term_string}\"},\"query-input\":{\"@type\":\"PropertyValueSpecification\",\"valueRequired\":true,\"valueName\":\"search_term_string\"}}],\"inLanguage\":\"pl-PL\"}]}<\/script>\n<!-- \/ Yoast SEO plugin. -->","yoast_head_json":{"title":"Ba\u015bnie norweskie - Dariusz Muszer","robots":{"index":"index","follow":"follow","max-snippet":"max-snippet:-1","max-image-preview":"max-image-preview:large","max-video-preview":"max-video-preview:-1"},"canonical":"https:\/\/dariusz-muszer.de\/pl\/proza\/basnie-norweskie\/","og_locale":"pl_PL","og_type":"article","og_title":"Ba\u015bnie norweskie - Dariusz Muszer","og_description":"Ba\u015bnie norweskie opowiedzia\u0142 Dariusz Muszer Wydawnictwo Forma Szczecin, Bezrzecze 2018 424 str. ISBN 978-83-66180-00-0 &nbsp; &nbsp; &nbsp; Nota wydawcy: Ba\u015b\u0144 ludowa to anonimowy tekst prozatorski, opowiadaj\u0105cy o cudownych, nadzwyczajnych wydarzeniach. Czas i miejsce akcji pozostaj\u0105 nieokre\u015blone, bohaterowie swobodnie przekraczaj\u0105 granice mi\u0119dzy \u015bwiatem realnym a nadnaturalnym i najdalsze odleg\u0142o\u015bci potrafi\u0105 pokonywa\u0107 w mgnieniu oka. Nad opowiedzeniem [&hellip;]","og_url":"https:\/\/dariusz-muszer.de\/pl\/proza\/basnie-norweskie\/","og_site_name":"Dariusz Muszer","article_modified_time":"2019-09-11T20:42:24+00:00","og_image":[{"url":"http:\/\/dariusz-muszer.de\/pl\/wp-content\/uploads\/sites\/2\/2019\/02\/basnie-norweskie_rgb-229x300.jpg","type":"","width":"","height":""}],"twitter_card":"summary_large_image","twitter_misc":{"Szacowany czas czytania":"1 minuta"},"schema":{"@context":"https:\/\/schema.org","@graph":[{"@type":"WebPage","@id":"https:\/\/dariusz-muszer.de\/pl\/proza\/basnie-norweskie\/","url":"https:\/\/dariusz-muszer.de\/pl\/proza\/basnie-norweskie\/","name":"Ba\u015bnie norweskie - Dariusz Muszer","isPartOf":{"@id":"https:\/\/dariusz-muszer.de\/pl\/#website"},"primaryImageOfPage":{"@id":"https:\/\/dariusz-muszer.de\/pl\/proza\/basnie-norweskie\/#primaryimage"},"image":{"@id":"https:\/\/dariusz-muszer.de\/pl\/proza\/basnie-norweskie\/#primaryimage"},"thumbnailUrl":"http:\/\/dariusz-muszer.de\/pl\/wp-content\/uploads\/sites\/2\/2019\/02\/basnie-norweskie_rgb-229x300.jpg","datePublished":"2018-10-05T16:26:37+00:00","dateModified":"2019-09-11T20:42:24+00:00","breadcrumb":{"@id":"https:\/\/dariusz-muszer.de\/pl\/proza\/basnie-norweskie\/#breadcrumb"},"inLanguage":"pl-PL","potentialAction":[{"@type":"ReadAction","target":["https:\/\/dariusz-muszer.de\/pl\/proza\/basnie-norweskie\/"]}]},{"@type":"ImageObject","inLanguage":"pl-PL","@id":"https:\/\/dariusz-muszer.de\/pl\/proza\/basnie-norweskie\/#primaryimage","url":"http:\/\/dariusz-muszer.de\/pl\/wp-content\/uploads\/sites\/2\/2019\/02\/basnie-norweskie_rgb-229x300.jpg","contentUrl":"http:\/\/dariusz-muszer.de\/pl\/wp-content\/uploads\/sites\/2\/2019\/02\/basnie-norweskie_rgb-229x300.jpg"},{"@type":"BreadcrumbList","@id":"https:\/\/dariusz-muszer.de\/pl\/proza\/basnie-norweskie\/#breadcrumb","itemListElement":[{"@type":"ListItem","position":1,"name":"Strona g\u0142\u00f3wna","item":"https:\/\/dariusz-muszer.de\/pl\/"},{"@type":"ListItem","position":2,"name":"Proza","item":"https:\/\/dariusz-muszer.de\/pl\/proza\/"},{"@type":"ListItem","position":3,"name":"Ba\u015bnie norweskie"}]},{"@type":"WebSite","@id":"https:\/\/dariusz-muszer.de\/pl\/#website","url":"https:\/\/dariusz-muszer.de\/pl\/","name":"Dariusz Muszer","description":"pisarz","potentialAction":[{"@type":"SearchAction","target":{"@type":"EntryPoint","urlTemplate":"https:\/\/dariusz-muszer.de\/pl\/?s={search_term_string}"},"query-input":{"@type":"PropertyValueSpecification","valueRequired":true,"valueName":"search_term_string"}}],"inLanguage":"pl-PL"}]}},"_links":{"self":[{"href":"https:\/\/dariusz-muszer.de\/pl\/wp-json\/wp\/v2\/pages\/1209","targetHints":{"allow":["GET"]}}],"collection":[{"href":"https:\/\/dariusz-muszer.de\/pl\/wp-json\/wp\/v2\/pages"}],"about":[{"href":"https:\/\/dariusz-muszer.de\/pl\/wp-json\/wp\/v2\/types\/page"}],"author":[{"embeddable":true,"href":"https:\/\/dariusz-muszer.de\/pl\/wp-json\/wp\/v2\/users\/1"}],"replies":[{"embeddable":true,"href":"https:\/\/dariusz-muszer.de\/pl\/wp-json\/wp\/v2\/comments?post=1209"}],"version-history":[{"count":7,"href":"https:\/\/dariusz-muszer.de\/pl\/wp-json\/wp\/v2\/pages\/1209\/revisions"}],"predecessor-version":[{"id":1214,"href":"https:\/\/dariusz-muszer.de\/pl\/wp-json\/wp\/v2\/pages\/1209\/revisions\/1214"}],"up":[{"embeddable":true,"href":"https:\/\/dariusz-muszer.de\/pl\/wp-json\/wp\/v2\/pages\/92"}],"wp:attachment":[{"href":"https:\/\/dariusz-muszer.de\/pl\/wp-json\/wp\/v2\/media?parent=1209"}],"curies":[{"name":"wp","href":"https:\/\/api.w.org\/{rel}","templated":true}]}}