{"id":112,"date":"2015-06-01T21:26:18","date_gmt":"2015-06-01T19:26:18","guid":{"rendered":"http:\/\/dariusz-muszer.de\/pl\/?page_id=112"},"modified":"2019-09-11T22:42:24","modified_gmt":"2019-09-11T20:42:24","slug":"homepage-boga","status":"publish","type":"page","link":"https:\/\/dariusz-muszer.de\/pl\/proza\/homepage-boga\/","title":{"rendered":"Homepage Boga"},"content":{"rendered":"<p><a href=\"https:\/\/dariusz-muszer.de\/pl\/wp-content\/uploads\/sites\/2\/2015\/06\/homepage-boga.jpg\" rel=\"lightbox[112]\"><img loading=\"lazy\" decoding=\"async\" class=\"alignleft size-medium wp-image-446\" src=\"https:\/\/dariusz-muszer.de\/pl\/wp-content\/uploads\/sites\/2\/2015\/06\/homepage-boga-300x300.jpg\" alt=\"Homepage Boga\" width=\"300\" height=\"300\" srcset=\"https:\/\/dariusz-muszer.de\/pl\/wp-content\/uploads\/sites\/2\/2015\/06\/homepage-boga-300x300.jpg 300w, https:\/\/dariusz-muszer.de\/pl\/wp-content\/uploads\/sites\/2\/2015\/06\/homepage-boga-200x200.jpg 200w, https:\/\/dariusz-muszer.de\/pl\/wp-content\/uploads\/sites\/2\/2015\/06\/homepage-boga.jpg 600w\" sizes=\"auto, (max-width: 300px) 100vw, 300px\" \/><\/a>Dariusz Muszer<br \/>\n<strong>Homepage Boga<\/strong><br \/>\n(Gottes Homepage)<br \/>\npowie\u015b\u0107<\/p>\n<p><a href=\"http:\/\/www.wforma.eu\/muszer-dariusz,60.html\">Wydawnictwo Forma<\/a><br \/>\nSzczecin 2013<br \/>\n178 str.<\/p>\n<p>ISBN 978-83-63316-27-3<br \/>\nwydanie 1 w j\u0119zyku polskim<\/p>\n<p>Rok wydania niemieckiego: 2007<\/p>\n<hr \/>\n<h3>Nota wydawcy:<\/h3>\n<p>Gospodin Gepin \u017cyje szcz\u0119\u015bliwie z \u017con\u0105 w Epoce T\u0119czy. Jest rok Osiemdziesi\u0105tego \u00d3smego Fioletu i wyniszczaj\u0105ce wojny o powietrze s\u0105 niemal\u017ce zapomniane. Na Ziemi mieszka tylko garstka prawdziwych ludzi. Hologramy i klony zaludniaj\u0105 \u015bwiat, \u015bmierci nie ma.<\/p>\n<p>Kiedy Gepin w wieku 128 lat postanawia spisa\u0107 swoje wspomnienia, w z\u0142udnej idylli \u017cycia we dwoje pojawia si\u0119 rysa i \u015bwiat staje na g\u0142owie. Z dnia na dzie\u0144 bohater zostaje przeniesiony do kwatery pracy tw\u00f3rczej w po\u0142udniowej Norwegii, gdzie ma pracowa\u0107 nad memuarami, u\u017cywaj\u0105c do tego martwego j\u0119zyka, jakim sta\u0142 si\u0119 niemiecki.<\/p>\n<p>Retrospekcja Gepina jest jednak sprzeczna z oficjaln\u0105 historiografi\u0105. Nikt ju\u017c nie chce wiedzie\u0107, jak brutalne i okrutne by\u0142y wojny o powietrze, w kt\u00f3rych Gepin bra\u0142 udzia\u0142, jako cz\u0142onek ruchu oporu.<\/p>\n<p>Fantastyczno-komiczna powie\u015b\u0107 Dariusza Muszera o mi\u0142o\u015bci, prawdzie, k\u0142amstwie i manipulacji w epoce informacji pokazuje bezlito\u015bnie odbicie naszych twarzy w krzywym zwierciadle.<\/p>\n<hr \/>\n<h3>G\u0142osy krytyki polskiej:<\/h3>\n<blockquote><p>Je\u015bli chcieliby\u015bmy z tej ksi\u0105\u017cki wyprowadzi\u0107 artystyczny zamys\u0142 autora, ods\u0142oni\u0107 nieco jego \u015bwiadomo\u015b\u0107 tw\u00f3rcz\u0105, to uwag\u0119 powinni\u015bmy ponownie skierowa\u0107 na posta\u0107 Gepina, kt\u00f3ry pisze w spos\u00f3b \u2013 nie ma co ukrywa\u0107 \u2013 doskona\u0142y, co tyle mniej wi\u0119cej oznacza, \u017ce on swych wspomnie\u0144 \u2013 w tradycyjnym sensie \u2013 w og\u00f3le nie spisuje. Osi\u0105ga \u201ewy\u017csz\u0105\u201d form\u0119 pisma, kt\u00f3ra wymaga zmiany sk\u0142adni, a tym samym przekroczenia jej regu\u0142: \u017cyje sw\u0105 ksi\u0105\u017ck\u0119 przy pomocy kciukompa, \u017cyje j\u0105 pismem wbudowanym w cia\u0142o, kosmicznym pismem cia\u0142a lub przynajmniej doskonale do\u0144 przylegaj\u0105cym, zsynchronizowanym z \u017cyciem, nieprzesuni\u0119tym, a jednak rozszczepionym. Gepin, inaczej m\u00f3wi\u0105c, pisze tak, jak by\u0107 mo\u017ce \u201eprzed wiekami\u201d chcia\u0142 pisa\u0107 Norwid, \u00f3w rzekomo najwi\u0119kszy \u2013 zdaniem jego matki, Natalii Filipownej \u2013 poeta-wizjoner.<br \/>\n<strong>Grzegorz Pertek, ProArte<\/strong><\/p>\n<p>Muszer (\u2026) daje nam kawa\u0142 intryguj\u0105cej lektury. I to nie tylko ze wzgl\u0119du na szalone tempo akcji oraz mno\u017c\u0105ce si\u0119 pomys\u0142y fabularne, ale i z powodu warto\u015bci czysto literackich tej prozy. To dzi\u0119ki nim obraz przysz\u0142o\u015bci (\u2026) nabiera cech uniwersalnych, pozapolitycznych, a Homepage Boga jawi si\u0119 jako zabawna, lecz w istocie bardzo gorzka wypowied\u017a humanisty w obronie wolno\u015bci i prawdy.<br \/>\n<strong>Artur D. Liskowacki, Kurier Szczeci\u0144ski<\/strong><\/p>\n<p>(\u2026) to proza dynamiczna, literacko zabawna i rze\u017awi\u0105ca. Dzi\u0119ki inteligencji, przewrotno\u015bci, swoistemu sarkazmowi, a te\u017c grze znacze\u0144 oraz konwencji. Lecz \u201ezabawa\u201d tu prezentowana nie istnieje dla samej zabawy; wnioski wiod\u0105 ku refleksjom raczej niepogodnym: o zagro\u017ceniach wolno\u015bci oraz prawdy. I ca\u0142y sztafa\u017c pisarskich sztuczek ma w\u0142a\u015bnie temu \u2013 jak to widz\u0119 \u2013 per saldo s\u0142u\u017cy\u0107. Dlatego nie zdziwi\u0142abym si\u0119, gdyby po latach ta w\u0142a\u015bnie powie\u015b\u0107 doczeka\u0142a si\u0119 wznowie\u0144. Bo nale\u017cy do tego (rzadkiego) rodzaju ksi\u0105\u017cek, kt\u00f3re \u2013 zapadaj\u0105c w pami\u0119\u0107 \u2013 nie trac\u0105 za szybko si\u0142y no\u015bnej. Co jest tajemnic\u0105 dobrej, niebanalnie skrojonej literatury.<br \/>\n<strong>Wanda Skalska, Latarnia Morska<\/strong><\/p>\n<p>Muszer znacznie wi\u0119ksze sukcesy literackie odnosi jednak w Niemczech. Wydaje si\u0119, \u017ce zas\u0142u\u017cenie. (\u2026) Ksi\u0105\u017cka ta zas\u0142uguje na co\u015b wi\u0119cej ni\u017c tylko skromne recenzje. To rzecz atrakcyjna fabularnie, sprawnie napisana, zawieraj\u0105ca oryginalne i celne spostrze\u017cenia dotycz\u0105ce kondycji cz\u0142owieka w \u015bwiecie, w kt\u00f3rym internet staje si\u0119 wa\u017cniejszym \u017ar\u00f3d\u0142em informacji od ksi\u0105\u017cek i gazet.<br \/>\n<strong>Tymoteusz Milas, Lampa<\/strong><\/p>\n<p>Dariusz Muszer jest ironiczny, przy genialnym wr\u0119cz wyczuciu groteski. Owo groteskowe spojrzenie na \u015bwiat daje zna\u0107 o sobie w \u015bwietnych dialogach. (\u2026) ksi\u0105\u017ck\u0119 czyta si\u0119 z rosn\u0105c\u0105 fascynacj\u0105 towarzysz\u0105c\u0105 wszystkim zwrotom akcji. J\u0119zykowo powie\u015b\u0107 jest majstersztykiem, ciekaw jestem, jak wypada w oryginale. Musz\u0119 j\u0105 poleci\u0107 wszystkim mi\u0142o\u015bnikom dobrej lektury.<br \/>\n<strong>Krzysztof Maciejewski, Papierowe My\u015bli<\/strong><\/p>\n<p>Tutaj mamy co\u015b, z czym nigdy wcze\u015bniej si\u0119 jeszcze nie spotka\u0142am. Przysz\u0142o\u015b\u0107, jak\u0105 stworzy\u0142 autor, jest mo\u017cliwa. Je\u015bli ludzie nie znajd\u0105 odpowiedzi na niekt\u00f3re pytania, w\u0142a\u015bnie tak mo\u017ce sko\u0144czy\u0107 si\u0119 nasz \u015bwiat.<br \/>\n<strong>Kyou, Sztukateria<\/strong><\/p>\n<p>Powie\u015b\u0107 Muszera to artystyczny misz-masz: co\u015b pomi\u0119dzy Solaris Lema i Trylogi\u0105 Sienkiewicza. (\u2026) \u015awiat stan\u0105\u0142 na g\u0142owie, zwierz\u0119ta wygin\u0119\u0142y, ludzie pos\u0142uguj\u0105 si\u0119 uniwersalnym j\u0119zykiem angloskim, a \u017cycie codzienne zdominowa\u0142a wszechogarniaj\u0105ca informatyzacja oraz cybernetyka. Tak\u0105 wizj\u0119 przysz\u0142o\u015bci ukazuje nam w swojej powie\u015bci Homepage Boga Dariusz Muszer. Opowie\u015b\u0107 z pogranicza fantastyki naukowej i szlacheckiej gaw\u0119dy okrasza rozwa\u017caniami na temat to\u017csamo\u015bci \u2013 narodowej, europejskiej, cz\u0142owieczej.<br \/>\n<strong>Ma\u0142gorzata Orlewicz, eleWator.kultury.org<\/strong><\/p><\/blockquote>\n<h3>G\u0142osy krytyki niemieckoj\u0119zycznej:<\/h3>\n<blockquote><p>S\u0105 powie\u015bci tak zwariowane, \u017ce albo nie chce si\u0119 ich dalej czyta\u0107, albo dos\u0142ownie si\u0119 je po\u0142yka. Nowa powie\u015b\u0107 Dariusz Muszera nale\u017cy do tej drugiej kategorii. (&#8230;) Podobnie jak Kurt Vonnegut u\u017cywa Muszer swoich wizji przysz\u0142o\u015bci do komentowania naszych czas\u00f3w i obecnej epoki, co zbli\u017ca go r\u00f3wnie\u017c do literackiej metody stosowanej przez Stanis\u0142awa Lema. Nie jest to jednak w \u017cadnym wypadku klasyczna powie\u015b\u0107 science fiction, tylko rozpaczliwy krzyk przeciwko dominacji rozumu i intelektu we wsp\u00f3\u0142czesnym \u015bwiecie.<br \/>\n<strong>Artur Becker, Rheinischer Merkur<\/strong><\/p>\n<p>Mog\u0142oby si\u0119 zakr\u0119ci\u0107 komu\u015b w g\u0142owie podczas lektury, w tak zawrotnym tempie mknie bowiem w czasie i przestrzeni Gottes Homepage, nowa powie\u015b\u0107 tego Polaka, Dariusza Muszera.<br \/>\n<strong>Martina Scherf, S\u00fcdeutsche Zeitung<\/strong><\/p>\n<p>Pisz\u0105c Gottes Hoemepage, urodzony w Polsce Dariusz Muszer nawi\u0105zuje doskonale do wielkiego dorobku tw\u00f3rczego w dziedzinie science fiction swojego rodaka, Stanis\u0142awa Lema, i prowadzi go p\u0142ynnie dalej. Jego powie\u015b\u0107 z dalekiej przysz\u0142o\u015bci jest jednocze\u015bnie niepokoj\u0105ca, tragikomiczna i m\u0105dra, to udana satyra na sen o \u017cyciu wiecznym i beznadziej\u0119 wirtualnych \u015bwiat\u00f3w Internetu.<br \/>\n<strong>Bruno L\u00e4sser, Vorarlberger Nachrichten<\/strong><\/p>\n<p>Dariusz Muszer stworzy\u0142 kuriozalny \u015bwiat, tragikomedi\u0119, w kt\u00f3rej niepo\u017c\u0105dane fakty zostaj\u0105 wymazane z ksi\u0105\u017cek do historii. Z przysz\u0142o\u015bci spogl\u0105da na przesz\u0142o\u015b\u0107 i jego retrospekcja wypada osobliwie. Prowadzone s\u0105 wojny o powietrze, a istoty pozaziemskie postanawiaj\u0105 przej\u0105\u0107 w\u0142adz\u0119 nad \u015bwiatem, gdy\u017c ludzie zachowuj\u0105 si\u0119 zbyt g\u0142o\u015bno. (&#8230;) Dariusz Muszer fantazjuje, a\u017c wi\u00f3ry lec\u0105, na\u015bwietlaj\u0105c przy pomocy komizmu absurdalno\u015b\u0107 ludzkiej egzystencji. W przysz\u0142o\u015bci nie b\u0119dzie miejsca dla Homo sapiens. To kuriozalny \u015bwiat, w kt\u00f3rym cz\u0142owiek jest w stanie swym s\u0142abym m\u00f3zgiem ogarn\u0105\u0107 od biedy swoje podstawowe potrzeby, a tego, co dzieje si\u0119 wok\u00f3\u0142 niego, ju\u017c nie. Najwi\u0119cej problem\u00f3w ludzko\u015b\u0107 ma z sam\u0105 sob\u0105, gdy\u017c komplikuje sprawy i rzeczy ponad wszelk\u0105 miar\u0119.<br \/>\n<strong>Ulrich Blode, Titel-Magazin<\/strong><\/p>\n<p>Co dzieje si\u0119 naprawd\u0119, co jest snem, a co symulacj\u0105? \u015amierci nie ma, liczby miesza si\u0119 z barwami t\u0119czy, ludzie poddawani s\u0105 kapitalnym remontom, chirurgia plastyczna to codzienno\u015b\u0107, a w domach czynszowych nie wolno uprawia\u0107 literatury. Gottes Homepage jest zar\u00f3wno groteskowa, jak i przera\u017caj\u0105co bliska przysz\u0142o\u015bci. A mo\u017ce tera\u017aniejszo\u015bci? Poprzez wspomnienia bohatera Muszer opisuje mechanizmy manipulacji w epoce informacji oraz perwersj\u0119 wojny, a robi to i niezwykle dowcipnie, i bezlito\u015bnie.<br \/>\n<strong>Kersten Flenter, Hannoversche Allgemeine Zeitung<\/strong><\/p>\n<p>(&#8230;) arcydzie\u0142o rekreacji. (&#8230;) I znowu Polak napisa\u0142 orwellowskie scenariusz okrutnej przysz\u0142o\u015bci, m\u0105drze, niezwykle ostro i wizjonersko. (&#8230;) Ta zwi\u0119z\u0142a, przera\u017caj\u0105ca i mocno wci\u0105gaj\u0105ca powie\u015b\u0107 mo\u017ce sta\u0107 si\u0119 niebawem klasykiem, a Dariusz Muszer godnym nast\u0119pc\u0105 starego mistrza, Stanis\u0142awa Lema\u201d.<br \/>\n<strong>Hilde Meier, Kultur-Extra<\/strong><\/p>\n<p>Powie\u015b\u0107 Muszera jest niezwyk\u0142\u0105 mieszank\u0105 z konsekwentnych kontynuacji wnikliwie zaobserwowanych rozwoj\u00f3w spo\u0142ecze\u0144stw i ironicznego spojrzenia na nie przez groteskowe szk\u0142o powi\u0119kszaj\u0105ce. Jako \u017cyj\u0105cy w Niemczech Polak, autor jest w stanie drobiazgowo przedstawi\u0107 zdarzenia wsp\u00f3\u0142czesne oraz maj\u0105ce niedawno miejsce zar\u00f3wno we wschodniej, jak i zachodniej Europie. Wyprowadzone przez niego obrazy og\u00f3lnoeuropejskiego chaosu, spowodowanego nadchodz\u0105c\u0105 wojn\u0105 domow\u0105, nie nape\u0142niaj\u0105 wcale otuch\u0105. Przekomicznie natomiast zosta\u0142 przedstawiony koniec \u015bwiata w Epoce T\u0119czy oraz raport z wr\u0119cz makabrycznego manipulowania przesz\u0142o\u015bci\u0105 i przysz\u0142o\u015bci\u0105.<br \/>\n<strong>Gerd Bedszent, Die Br\u00fccke<\/strong><\/p>\n<p>Ironiczna ballada Dariusza Muszera o ko\u0144cu \u015bwiata doprowadza do ostateczno\u015bci. Autor pokazuje, co z planety Ziemi pozostanie po katastrofach klimatycznych, regionalnych wybuchach nuklearnych i og\u00f3lno\u015bwiatowych wojnach domowych, a mianowicie mocno zafa\u0142szowany, digitalny obraz pewnej r\u00f3\u017cnorodno\u015bci gatunk\u00f3w, na zawsze pogr\u0105\u017conej w niebycie, pewnego rodzaju \u015bwiat na drucie, kt\u00f3ry w zale\u017cno\u015bci od potrzeb w ka\u017cdym momencie mo\u017cna b\u0119dzie wy\u0142\u0105czy\u0107 albo przebiegunowa\u0107. Potworny to sen, z kt\u00f3rego ostatecznie bohater jest w stanie wyrwa\u0107 si\u0119 tylko dzi\u0119ki uniwersalnej sile mi\u0142o\u015bci. Ksi\u0105\u017cka Muszera napisana jest z takiej przysz\u0142o\u015bci, kt\u00f3ra nas, wsp\u00f3\u0142czesnych, czeka, je\u015bli nie uda si\u0119 nam ju\u017c niebawem znale\u017a\u0107 inteligentnego rozwi\u0105zania najwa\u017cniejszych problem\u00f3w naszego wci\u0105\u017c jeszcze m\u0142odego wieku. Kto w to nie wierzy, mo\u017ce sam spr\u00f3bowa\u0107 po\u0142\u0105czy\u0107 si\u0119 z Homepage Boga.<br \/>\n<strong>Johannes Schulz, Radio Flora<\/strong><\/p>\n<p>Dariusz Muszer prezentuje w swojej powie\u015bci Gottes Homepage \u015bwietn\u0105 mieszank\u0119 z\u0142o\u017con\u0105 z akcji i niesamowitych pomys\u0142\u00f3w. Zadziwiaj\u0105ce jest, w jaki spos\u00f3b udaje mu si\u0119 ca\u0142kowicie wiarygodnie przedstawi\u0107 ca\u0142\u0105 histori\u0119, pomimo fajerwerk\u00f3w idei, kt\u00f3rymi co jaki\u015b czas wprost o\u015blepia czytelnika. W\u0142a\u015bnie te niekiedy nieco absurdalne pomys\u0142y i podkre\u015blanie szczeg\u00f3\u0142\u00f3w, kt\u00f3rych inny autor pewnie nawet nie uzna\u0142by za godne wzmianki, tworz\u0105 fascynuj\u0105cy i czasami niezmiernie niepokoj\u0105cy szkic o przysz\u0142o\u015bci Europy wschodniej i Niemiec.<br \/>\n<strong>Jan Gardemann, Phantastik-News<\/strong><\/p>\n<p>Nale\u017cy by\u0107 gotowym do ca\u0142kowitego zanurzenia si\u0119 w niecodziennym \u015bwiecie fantazji tego polskiego pisarza. Wtedy \u2013 ale tylko wtedy \u2013 ta satyra o ca\u0142kowicie zdigitalizowanym \u015bwiecie przysz\u0142o\u015bci uka\u017ce si\u0119 czytelnikowi w pe\u0142nej krasie.<br \/>\n<strong>J\u00fcrgen Hoppmann, www.positiv-web.de<\/strong><\/p><\/blockquote>\n","protected":false},"excerpt":{"rendered":"<p>Dariusz Muszer Homepage Boga (Gottes Homepage) powie\u015b\u0107 Wydawnictwo Forma Szczecin 2013 178 str. ISBN 978-83-63316-27-3 wydanie 1 w j\u0119zyku polskim Rok wydania niemieckiego: 2007 Nota wydawcy: Gospodin Gepin \u017cyje szcz\u0119\u015bliwie z \u017con\u0105 w Epoce T\u0119czy. Jest rok Osiemdziesi\u0105tego \u00d3smego Fioletu i wyniszczaj\u0105ce wojny o powietrze s\u0105 niemal\u017ce zapomniane. Na Ziemi mieszka tylko garstka prawdziwych ludzi. [&hellip;]<\/p>\n","protected":false},"author":1,"featured_media":0,"parent":92,"menu_order":4,"comment_status":"closed","ping_status":"closed","template":"","meta":{"footnotes":""},"class_list":["post-112","page","type-page","status-publish","hentry"],"yoast_head":"<!-- This site is optimized with the Yoast SEO plugin v27.0 - https:\/\/yoast.com\/product\/yoast-seo-wordpress\/ -->\n<title>Homepage Boga - Dariusz Muszer<\/title>\n<meta name=\"description\" content=\"Dariusz Muszer: Homepage Boga (Gottes Homepage). Fantastyczno-komiczna powie\u015b\u0107 Dariusza Muszera o mi\u0142o\u015bci, prawdzie, k\u0142amstwie i manipulacji.\" \/>\n<meta name=\"robots\" content=\"index, follow, max-snippet:-1, max-image-preview:large, max-video-preview:-1\" \/>\n<link rel=\"canonical\" href=\"https:\/\/dariusz-muszer.de\/pl\/proza\/homepage-boga\/\" \/>\n<meta property=\"og:locale\" content=\"pl_PL\" \/>\n<meta property=\"og:type\" content=\"article\" \/>\n<meta property=\"og:title\" content=\"Homepage Boga - Dariusz Muszer\" \/>\n<meta property=\"og:description\" content=\"Dariusz Muszer: Homepage Boga (Gottes Homepage). Fantastyczno-komiczna powie\u015b\u0107 Dariusza Muszera o mi\u0142o\u015bci, prawdzie, k\u0142amstwie i manipulacji.\" \/>\n<meta property=\"og:url\" content=\"https:\/\/dariusz-muszer.de\/pl\/proza\/homepage-boga\/\" \/>\n<meta property=\"og:site_name\" content=\"Dariusz Muszer\" \/>\n<meta property=\"article:modified_time\" content=\"2019-09-11T20:42:24+00:00\" \/>\n<meta property=\"og:image\" content=\"http:\/\/dariusz-muszer.de\/pl\/wp-content\/uploads\/sites\/2\/2015\/06\/homepage-boga-300x300.jpg\" \/>\n<meta name=\"twitter:card\" content=\"summary_large_image\" \/>\n<meta name=\"twitter:label1\" content=\"Szacowany czas czytania\" \/>\n\t<meta name=\"twitter:data1\" content=\"8 minut\" \/>\n<script type=\"application\/ld+json\" class=\"yoast-schema-graph\">{\"@context\":\"https:\/\/schema.org\",\"@graph\":[{\"@type\":\"WebPage\",\"@id\":\"https:\/\/dariusz-muszer.de\/pl\/proza\/homepage-boga\/\",\"url\":\"https:\/\/dariusz-muszer.de\/pl\/proza\/homepage-boga\/\",\"name\":\"Homepage Boga - Dariusz Muszer\",\"isPartOf\":{\"@id\":\"https:\/\/dariusz-muszer.de\/pl\/#website\"},\"primaryImageOfPage\":{\"@id\":\"https:\/\/dariusz-muszer.de\/pl\/proza\/homepage-boga\/#primaryimage\"},\"image\":{\"@id\":\"https:\/\/dariusz-muszer.de\/pl\/proza\/homepage-boga\/#primaryimage\"},\"thumbnailUrl\":\"http:\/\/dariusz-muszer.de\/pl\/wp-content\/uploads\/sites\/2\/2015\/06\/homepage-boga-300x300.jpg\",\"datePublished\":\"2015-06-01T19:26:18+00:00\",\"dateModified\":\"2019-09-11T20:42:24+00:00\",\"description\":\"Dariusz Muszer: Homepage Boga (Gottes Homepage). Fantastyczno-komiczna powie\u015b\u0107 Dariusza Muszera o mi\u0142o\u015bci, prawdzie, k\u0142amstwie i manipulacji.\",\"breadcrumb\":{\"@id\":\"https:\/\/dariusz-muszer.de\/pl\/proza\/homepage-boga\/#breadcrumb\"},\"inLanguage\":\"pl-PL\",\"potentialAction\":[{\"@type\":\"ReadAction\",\"target\":[\"https:\/\/dariusz-muszer.de\/pl\/proza\/homepage-boga\/\"]}]},{\"@type\":\"ImageObject\",\"inLanguage\":\"pl-PL\",\"@id\":\"https:\/\/dariusz-muszer.de\/pl\/proza\/homepage-boga\/#primaryimage\",\"url\":\"http:\/\/dariusz-muszer.de\/pl\/wp-content\/uploads\/sites\/2\/2015\/06\/homepage-boga-300x300.jpg\",\"contentUrl\":\"http:\/\/dariusz-muszer.de\/pl\/wp-content\/uploads\/sites\/2\/2015\/06\/homepage-boga-300x300.jpg\"},{\"@type\":\"BreadcrumbList\",\"@id\":\"https:\/\/dariusz-muszer.de\/pl\/proza\/homepage-boga\/#breadcrumb\",\"itemListElement\":[{\"@type\":\"ListItem\",\"position\":1,\"name\":\"Strona g\u0142\u00f3wna\",\"item\":\"https:\/\/dariusz-muszer.de\/pl\/\"},{\"@type\":\"ListItem\",\"position\":2,\"name\":\"Proza\",\"item\":\"https:\/\/dariusz-muszer.de\/pl\/proza\/\"},{\"@type\":\"ListItem\",\"position\":3,\"name\":\"Homepage Boga\"}]},{\"@type\":\"WebSite\",\"@id\":\"https:\/\/dariusz-muszer.de\/pl\/#website\",\"url\":\"https:\/\/dariusz-muszer.de\/pl\/\",\"name\":\"Dariusz Muszer\",\"description\":\"pisarz\",\"potentialAction\":[{\"@type\":\"SearchAction\",\"target\":{\"@type\":\"EntryPoint\",\"urlTemplate\":\"https:\/\/dariusz-muszer.de\/pl\/?s={search_term_string}\"},\"query-input\":{\"@type\":\"PropertyValueSpecification\",\"valueRequired\":true,\"valueName\":\"search_term_string\"}}],\"inLanguage\":\"pl-PL\"}]}<\/script>\n<!-- \/ Yoast SEO plugin. -->","yoast_head_json":{"title":"Homepage Boga - Dariusz Muszer","description":"Dariusz Muszer: Homepage Boga (Gottes Homepage). Fantastyczno-komiczna powie\u015b\u0107 Dariusza Muszera o mi\u0142o\u015bci, prawdzie, k\u0142amstwie i manipulacji.","robots":{"index":"index","follow":"follow","max-snippet":"max-snippet:-1","max-image-preview":"max-image-preview:large","max-video-preview":"max-video-preview:-1"},"canonical":"https:\/\/dariusz-muszer.de\/pl\/proza\/homepage-boga\/","og_locale":"pl_PL","og_type":"article","og_title":"Homepage Boga - Dariusz Muszer","og_description":"Dariusz Muszer: Homepage Boga (Gottes Homepage). Fantastyczno-komiczna powie\u015b\u0107 Dariusza Muszera o mi\u0142o\u015bci, prawdzie, k\u0142amstwie i manipulacji.","og_url":"https:\/\/dariusz-muszer.de\/pl\/proza\/homepage-boga\/","og_site_name":"Dariusz Muszer","article_modified_time":"2019-09-11T20:42:24+00:00","og_image":[{"url":"http:\/\/dariusz-muszer.de\/pl\/wp-content\/uploads\/sites\/2\/2015\/06\/homepage-boga-300x300.jpg","type":"","width":"","height":""}],"twitter_card":"summary_large_image","twitter_misc":{"Szacowany czas czytania":"8 minut"},"schema":{"@context":"https:\/\/schema.org","@graph":[{"@type":"WebPage","@id":"https:\/\/dariusz-muszer.de\/pl\/proza\/homepage-boga\/","url":"https:\/\/dariusz-muszer.de\/pl\/proza\/homepage-boga\/","name":"Homepage Boga - Dariusz Muszer","isPartOf":{"@id":"https:\/\/dariusz-muszer.de\/pl\/#website"},"primaryImageOfPage":{"@id":"https:\/\/dariusz-muszer.de\/pl\/proza\/homepage-boga\/#primaryimage"},"image":{"@id":"https:\/\/dariusz-muszer.de\/pl\/proza\/homepage-boga\/#primaryimage"},"thumbnailUrl":"http:\/\/dariusz-muszer.de\/pl\/wp-content\/uploads\/sites\/2\/2015\/06\/homepage-boga-300x300.jpg","datePublished":"2015-06-01T19:26:18+00:00","dateModified":"2019-09-11T20:42:24+00:00","description":"Dariusz Muszer: Homepage Boga (Gottes Homepage). Fantastyczno-komiczna powie\u015b\u0107 Dariusza Muszera o mi\u0142o\u015bci, prawdzie, k\u0142amstwie i manipulacji.","breadcrumb":{"@id":"https:\/\/dariusz-muszer.de\/pl\/proza\/homepage-boga\/#breadcrumb"},"inLanguage":"pl-PL","potentialAction":[{"@type":"ReadAction","target":["https:\/\/dariusz-muszer.de\/pl\/proza\/homepage-boga\/"]}]},{"@type":"ImageObject","inLanguage":"pl-PL","@id":"https:\/\/dariusz-muszer.de\/pl\/proza\/homepage-boga\/#primaryimage","url":"http:\/\/dariusz-muszer.de\/pl\/wp-content\/uploads\/sites\/2\/2015\/06\/homepage-boga-300x300.jpg","contentUrl":"http:\/\/dariusz-muszer.de\/pl\/wp-content\/uploads\/sites\/2\/2015\/06\/homepage-boga-300x300.jpg"},{"@type":"BreadcrumbList","@id":"https:\/\/dariusz-muszer.de\/pl\/proza\/homepage-boga\/#breadcrumb","itemListElement":[{"@type":"ListItem","position":1,"name":"Strona g\u0142\u00f3wna","item":"https:\/\/dariusz-muszer.de\/pl\/"},{"@type":"ListItem","position":2,"name":"Proza","item":"https:\/\/dariusz-muszer.de\/pl\/proza\/"},{"@type":"ListItem","position":3,"name":"Homepage Boga"}]},{"@type":"WebSite","@id":"https:\/\/dariusz-muszer.de\/pl\/#website","url":"https:\/\/dariusz-muszer.de\/pl\/","name":"Dariusz Muszer","description":"pisarz","potentialAction":[{"@type":"SearchAction","target":{"@type":"EntryPoint","urlTemplate":"https:\/\/dariusz-muszer.de\/pl\/?s={search_term_string}"},"query-input":{"@type":"PropertyValueSpecification","valueRequired":true,"valueName":"search_term_string"}}],"inLanguage":"pl-PL"}]}},"_links":{"self":[{"href":"https:\/\/dariusz-muszer.de\/pl\/wp-json\/wp\/v2\/pages\/112","targetHints":{"allow":["GET"]}}],"collection":[{"href":"https:\/\/dariusz-muszer.de\/pl\/wp-json\/wp\/v2\/pages"}],"about":[{"href":"https:\/\/dariusz-muszer.de\/pl\/wp-json\/wp\/v2\/types\/page"}],"author":[{"embeddable":true,"href":"https:\/\/dariusz-muszer.de\/pl\/wp-json\/wp\/v2\/users\/1"}],"replies":[{"embeddable":true,"href":"https:\/\/dariusz-muszer.de\/pl\/wp-json\/wp\/v2\/comments?post=112"}],"version-history":[{"count":1,"href":"https:\/\/dariusz-muszer.de\/pl\/wp-json\/wp\/v2\/pages\/112\/revisions"}],"predecessor-version":[{"id":1026,"href":"https:\/\/dariusz-muszer.de\/pl\/wp-json\/wp\/v2\/pages\/112\/revisions\/1026"}],"up":[{"embeddable":true,"href":"https:\/\/dariusz-muszer.de\/pl\/wp-json\/wp\/v2\/pages\/92"}],"wp:attachment":[{"href":"https:\/\/dariusz-muszer.de\/pl\/wp-json\/wp\/v2\/media?parent=112"}],"curies":[{"name":"wp","href":"https:\/\/api.w.org\/{rel}","templated":true}]}}