{"id":1021,"date":"2017-02-08T12:13:28","date_gmt":"2017-02-08T11:13:28","guid":{"rendered":"http:\/\/dariusz-muszer.de\/pl\/?page_id=1021"},"modified":"2019-09-11T22:42:24","modified_gmt":"2019-09-11T20:42:24","slug":"pole-czaszek","status":"publish","type":"page","link":"https:\/\/dariusz-muszer.de\/pl\/proza\/pole-czaszek\/","title":{"rendered":"Pole Czaszek"},"content":{"rendered":"<p><img loading=\"lazy\" decoding=\"async\" class=\"alignleft size-medium wp-image-1094\" src=\"https:\/\/dariusz-muszer.de\/pl\/wp-content\/uploads\/sites\/2\/2018\/01\/pole-czaszek-muszer-web-229x300.jpg\" alt=\"Pole Czaszek\" width=\"229\" height=\"300\" srcset=\"https:\/\/dariusz-muszer.de\/pl\/wp-content\/uploads\/sites\/2\/2018\/01\/pole-czaszek-muszer-web-229x300.jpg 229w, https:\/\/dariusz-muszer.de\/pl\/wp-content\/uploads\/sites\/2\/2018\/01\/pole-czaszek-muszer-web-768x1007.jpg 768w, https:\/\/dariusz-muszer.de\/pl\/wp-content\/uploads\/sites\/2\/2018\/01\/pole-czaszek-muszer-web-781x1024.jpg 781w, https:\/\/dariusz-muszer.de\/pl\/wp-content\/uploads\/sites\/2\/2018\/01\/pole-czaszek-muszer-web.jpg 800w\" sizes=\"auto, (max-width: 229px) 100vw, 229px\" \/>Dariusz Muszer<br \/>\n<strong>Pole Czaszek<\/strong><br \/>\n(<a href=\"http:\/\/dariusz-muszer.de\/buecher\/schaedelfeld\/\">Sch\u00e4delfeld<\/a>)<br \/>\npowie\u015b\u0107<\/p>\n<p><a href=\"http:\/\/www.wforma.eu\/muszer-dariusz,60.html\">Wydawnictwo Forma<\/a><br \/>\nSzczecin, Bezrzecze 2017<br \/>\n320 str.<\/p>\n<p>ISBN 978-83-65778-14-7<br \/>\nwydanie 1 w j\u0119zyku polskim<br \/>\nrok wydania niemieckiego: 2015<\/p>\n<p>&nbsp;<\/p>\n<hr \/>\n<h2>Nota wydawcy:<\/h2>\n<p>Wojna na paralelnej Ziemi dobieg\u0142a ko\u0144ca, Unia Europejska jest rozwi\u0105zana, ziemia spustoszona i niezdatna do u\u017cytku. Wygin\u0119\u0142y zwierz\u0119ta i ro\u015bliny, brakuje po\u017cywienia. Popio\u0142osk\u00f3rzy, ocala\u0142a z po\u017cogi ludzko\u015b\u0107, walcz\u0105 o prze\u017cycie. W tych apokaliptycznych dekoracjach Kalong i jego syn Justus pracuj\u0105 na polu, gdzie podczas wojny chowano ofiary z pobliskiego obozu. Wraz z innymi kopaczami zajmuj\u0105 si\u0119 wygrzebywaniem szkielet\u00f3w i pozyskiwaniem z nich przydatnych materia\u0142\u00f3w i cz\u0119\u015bci zamiennych.<\/p>\n<p>Tymczasem Liv, \u017cona Kalonga, oraz jej c\u00f3rka Kara prowadz\u0105 podupad\u0142e gospodarstwo rolno-kostne, w kt\u00f3rym ponadto przebywa Zunrita, zuchwa\u0142a kobieta, dla kt\u00f3rej nie ma zada\u0144 nie do rozwi\u0105zania, oraz Hagid, by\u0142y \u017co\u0142nierz, kt\u00f3ry straci\u0142 r\u0119ce, i czeka, a\u017c mu odrosn\u0105.<br \/>\nGdy pewnego dnia kapitan Triglahn postanawia napa\u015b\u0107 na gospodarstwo ze swoimi askarysami, mieszka\u0144cy musz\u0105 znale\u017a\u0107 spos\u00f3b, aby ocali\u0107 \u017cycie.<\/p>\n<p>Pe\u0142na fantazji, ekscentryczna opowie\u015b\u0107 o mi\u0142o\u015bci, cz\u0142owiecze\u0144stwie, odpowiedzialno\u015bci, okrucie\u0144stwie i nienawi\u015bci na planecie zniszczonej r\u0119k\u0105 jej mieszka\u0144c\u00f3w. To powie\u015b\u0107, w kt\u00f3rej r\u00f3wnie\u017c sama Ziemia dochodzi do g\u0142osu i \u015bpiewa swoj\u0105 pie\u015b\u0144 \u017ca\u0142obn\u0105. A multiwersum uwa\u017cnie si\u0119 przys\u0142uchuje.<\/p>\n<hr \/>\n<h2>G\u0142osy krytyki niemieckiej, austriackiej i szwajcarskiej:<\/h2>\n<blockquote><p>Pole Czaszek wysy\u0142a ludzi na bezdro\u017ca multiwersum. T\u0119 cudownie zwariowan\u0105 powie\u015b\u0107 nale\u017cy w pierwszej linii rozumie\u0107 jako przestrog\u0119 dla igraj\u0105cej z ogniem ludzko\u015bci, i ma ona w\u0142a\u015bciwie tylko jedno zadanie: realizacj\u0119 utopii, w kt\u00f3rej nie b\u0119dzie ju\u017c miejsca dla oboz\u00f3w koncentracyjnych i broni masowego ra\u017cenia. Dariusz Muszer jest moralist\u0105 par excellence, bezsprzecznie zaliczy\u0107 go mo\u017cna do tych, co stoj\u0105 po stronie dobra, gdy\u017c \u2013 jak m\u00f3wi polski autor \u2013 \u201ewolno\u015b\u0107 to dobro, kt\u00f3re za wszelk\u0105 cen\u0119 trzeba chroni\u0107\u201d.<br \/>\n<strong>Artur Becker, Frankfurter Rundschau<\/strong><\/p>\n<p>Muszer bryluje w swojej fantastycznej powie\u015bci fajerwerkami niesamowitych pomys\u0142\u00f3w. Do tego dochodz\u0105 g\u0142\u0119boko filozoficzne pytania, na przyk\u0142ad te o mo\u017cliwo\u015bci post\u0119powania po ludzku w spo\u0142ecze\u0144stwie, kt\u00f3re nie dopuszcza cz\u0142owiecze\u0144stwa. Albo to, jak cz\u0142owiek staje si\u0119 masowym morderc\u0105.<br \/>\n<strong>Gerd Bedszent, Die Tageszeitung \u201ejunge Welt\u201d<\/strong><\/p>\n<p>Pole Czaszek to z\u0142owr\u00f3\u017cbna ba\u015b\u0144 o zniszczeniu planety Ziemi, kt\u00f3re dokonane zosta\u0142o przez jej mieszka\u0144c\u00f3w, ludzi. Czytelnik musi mie\u0107 mocne nerwy, gdy\u017c nic nie zostanie mu oszcz\u0119dzone. To nie jest historia dla delikatnych dusz.<br \/>\n<strong>Michael Zeller, N\u00fcrnberger Nachrichten<\/strong><\/p>\n<p>\u015awiat, do kt\u00f3rego porywa nas ta ksi\u0105\u017cka, zatacza si\u0119 kolejny raz na skraju przepa\u015bci. Unia (szelm\u0105 b\u0119dzie ten, kto pomy\u015bli tu o Unii Europejskiej) od dawna prowadzi wojn\u0119 przeciwko ludziom nazywanym popio\u0142osk\u00f3rymi, mianem pasuj\u0105cym do ich wyko\u0144czonej, odartej z zieleni Ziemi. Z kolei w nich samych tkwi ogrom technologii, s\u0105 bardziej \u017cywymi p\u00f3\u0142przewodnikami ni\u017c mi\u0119sem, kt\u00f3rym musz\u0105 si\u0119 od\u017cywia\u0107. Tam jednak, gdzie nawet kr\u00f3liki chodz\u0105 tylko na baterie, ostatni\u0105 podstaw\u0105 wy\u017cywienia pozostaj\u0105 wy\u0142\u0105cznie osobnicy tego samego gatunku. Przez ten \u015bwiat, pe\u0142en wojowniczych askarys\u00f3w, kt\u00f3rzy \u2013 jakby pobierali nauki u hitlerowc\u00f3w \u2013 likwiduj\u0105 w przemys\u0142owy spos\u00f3b popio\u0142osk\u00f3rych i Lunak\u00f3w (nowy gatunek mieszka\u0144c\u00f3w Ksi\u0119\u017cyca), by przetworzy\u0107 ich szcz\u0105tki na pokarm i energi\u0119, przedzieraj\u0105 si\u0119 Kalong oraz jego adoptowany syn Justus (w\u0142a\u015bciwie zepsuty joldak, tzn. pomi\u0119dzyn) wsp\u00f3lnie z trzema kobietami, trzymaj\u0105c wysoko w g\u00f3rze flag\u0119 cz\u0142owiecze\u0144stwa. I mi\u0142o\u015bci. Bo ten, kto kocha, tak\u017ce w swej nowej egzystencji w innym \u015bwiecie paralelnym b\u0119dzie pami\u0119ta\u0142 o tych, kt\u00f3rych kocha\u0142.<br \/>\n<strong>Jkf, Neue Z\u00fcrcher Zeitung<\/strong><\/p>\n<p>Pole Czaszek to mroczny, suwerennie napisany projekt, konkurencyjny do b\u0142yszcz\u0105cych, wyinscenizowanych, komercyjnych \u015bwiat\u00f3w science fiction \u00e0 la Star Wars. Pomimo ca\u0142ej zrujnowanej scenerii, w ksi\u0105\u017cce stale obecna jest solidna porcja ironii; u Dariusza Muszera figlarz i anarchista nawet w najczarniejszych momentach wychyla si\u0119 zza rogu.<br \/>\n<strong>Bruno L\u00e4sser, Vorarlberger Nachrichten<\/strong><\/p>\n<p>Ka\u017cdy, kto ch\u0119tnie daje si\u0119 zaci\u0105gn\u0105\u0107 do fantastycznych \u015bwiat\u00f3w o nietuzinkowych dekoracjach, w kt\u00f3rych dzia\u0142aj\u0105 protagoni\u015bci urzekaj\u0105cy swoj\u0105 wielowarstwowo\u015bci\u0105, powinien pozwoli\u0107, aby Dariusz Muszer zaprowadzi\u0142 go na Pole Czaszek \u2013 i niech si\u0119 tylko potem nie dziwi, gdy napotka tam profanator\u00f3w zw\u0142ok, ludo\u017cerc\u00f3w, istoty pozaziemskie, a tak\u017ce cybernetycznie i genetycznie zmutowane postacie.<br \/>\n<strong>Jan Gardemann, Phantastisch!<\/strong><\/p>\n<p>Dariusz Muszer pozostaje wielkim fanem Knuta Hamsuna. I tak samo, jak u norweskiego laureata Literackiej Nagrody Nobla, r\u00f3wnie\u017c u Muszera w centrum zainteresowa\u0144 znajduje si\u0119 egzystencjalna sytuacja wyj\u0105tkowa oraz to, co mo\u017ce ona zrobi\u0107 z ludzi i z cz\u0142ekopodobnych istot. Jego powie\u015b\u0107 to przeciwie\u0144stwo Utopii Thomasa Morusa: kre\u015bli w niej, w najwy\u017cszym stopniu mroczny scenariusz o spo\u0142ecze\u0144stwie przysz\u0142ych mieszka\u0144c\u00f3w Ziemi.<br \/>\n<strong>Katrin Hillgrube, Bayern 2, Diwan \u2013 Das B\u00fcchermagazin<\/strong><\/p>\n<p>W tej wspania\u0142ej ksi\u0105\u017cce mo\u017cna si\u0119 utopi\u0107 czytaj\u0105c. Kupowa\u0107 i cze\u015b\u0107!<br \/>\n<strong>Urs Heinz Aerni, Berg.link<\/strong><\/p>\n<p>Dariusz Muszer do swojej futurystycznej powie\u015bci zapakowa\u0142 wiele temat\u00f3w. Obok siebie egzystuje jednocze\u015bnie wiele paralelnych \u015bwiat\u00f3w, a z powodu zniszczenia jednej Ziemi, ca\u0142e uniwersum traci r\u00f3wnowag\u0119. Jako ostatni ratunek zostaje zbudowana nowa planeta, kt\u00f3rej r\u00f3wnie\u017c grozi totalne zniszczenie. Cz\u0142owiek, paso\u017cyt, sieje spustoszenie. Na takiej bazie autor kreuje wiarygodny scenariusz, przera\u017caj\u0105cy, brutalny, a zarazem niezwykle wnikliwy.<br \/>\n<strong>Sabine Bovenkerk-M\u00fcller, Schreiblust<\/strong><\/p>\n<p>Porywaj\u0105cy spektakl science fiction. Niesamowita opowie\u015b\u0107 o dobrze wywa\u017conym kontek\u015bcie, w kt\u00f3rej zacieraj\u0105 si\u0119 granice mi\u0119dzy dobrem a z\u0142em. Doskona\u0142a ksi\u0105\u017cka o wysokich walorach rozrywkowych, nie powinno jej zabrakn\u0105\u0107 w \u017cadnej biblioteczce z fantastyk\u0105. Kompleksowo\u015b\u0107 postaci wci\u0105ga czytelnika i zapewnia olbrzymie zmiany w przebiegu akcji. Figury posiadaj\u0105 g\u0142\u0119bi\u0119 i ka\u017cda z nich wyposa\u017cona jest w swoj\u0105 indywidualn\u0105 histori\u0119, co o\u017cywia je i czyni wielowymiarowymi. Fascynuj\u0105ca sceneria, kt\u00f3rej ka\u017cdy ch\u0119tnie da si\u0119 porwa\u0107.<br \/>\n<strong>D\u00fcsseldorfer Lesefreunde<\/strong><\/p>\n<hr \/>\n<\/blockquote>\n","protected":false},"excerpt":{"rendered":"<p>Dariusz Muszer Pole Czaszek (Sch\u00e4delfeld) powie\u015b\u0107 Wydawnictwo Forma Szczecin, Bezrzecze 2017 320 str. ISBN 978-83-65778-14-7 wydanie 1 w j\u0119zyku polskim rok wydania niemieckiego: 2015 &nbsp; Nota wydawcy: Wojna na paralelnej Ziemi dobieg\u0142a ko\u0144ca, Unia Europejska jest rozwi\u0105zana, ziemia spustoszona i niezdatna do u\u017cytku. Wygin\u0119\u0142y zwierz\u0119ta i ro\u015bliny, brakuje po\u017cywienia. Popio\u0142osk\u00f3rzy, ocala\u0142a z po\u017cogi ludzko\u015b\u0107, walcz\u0105 [&hellip;]<\/p>\n","protected":false},"author":1,"featured_media":0,"parent":92,"menu_order":3,"comment_status":"closed","ping_status":"closed","template":"","meta":{"footnotes":""},"class_list":["post-1021","page","type-page","status-publish","hentry"],"yoast_head":"<!-- This site is optimized with the Yoast SEO plugin v27.0 - https:\/\/yoast.com\/product\/yoast-seo-wordpress\/ -->\n<title>Pole Czaszek - Dariusz Muszer<\/title>\n<meta name=\"description\" content=\"Pole Czaszek: Wojna na paralelnej Ziemi dobieg\u0142a ko\u0144ca, Unia Europejska jest rozwi\u0105zana, ziemia spustoszona i niezdatna do u\u017cytku. Wygin\u0119\u0142y zwierz\u0119ta...\" \/>\n<meta name=\"robots\" content=\"index, follow, max-snippet:-1, max-image-preview:large, max-video-preview:-1\" \/>\n<link rel=\"canonical\" href=\"https:\/\/dariusz-muszer.de\/pl\/proza\/pole-czaszek\/\" \/>\n<meta property=\"og:locale\" content=\"pl_PL\" \/>\n<meta property=\"og:type\" content=\"article\" \/>\n<meta property=\"og:title\" content=\"Pole Czaszek - Dariusz Muszer\" \/>\n<meta property=\"og:description\" content=\"Pole Czaszek: Wojna na paralelnej Ziemi dobieg\u0142a ko\u0144ca, Unia Europejska jest rozwi\u0105zana, ziemia spustoszona i niezdatna do u\u017cytku. Wygin\u0119\u0142y zwierz\u0119ta...\" \/>\n<meta property=\"og:url\" content=\"https:\/\/dariusz-muszer.de\/pl\/proza\/pole-czaszek\/\" \/>\n<meta property=\"og:site_name\" content=\"Dariusz Muszer\" \/>\n<meta property=\"article:modified_time\" content=\"2019-09-11T20:42:24+00:00\" \/>\n<meta property=\"og:image\" content=\"http:\/\/dariusz-muszer.de\/pl\/wp-content\/uploads\/sites\/2\/2018\/01\/pole-czaszek-muszer-web-229x300.jpg\" \/>\n<meta name=\"twitter:card\" content=\"summary_large_image\" \/>\n<meta name=\"twitter:label1\" content=\"Szacowany czas czytania\" \/>\n\t<meta name=\"twitter:data1\" content=\"5 minut\" \/>\n<script type=\"application\/ld+json\" class=\"yoast-schema-graph\">{\"@context\":\"https:\/\/schema.org\",\"@graph\":[{\"@type\":\"WebPage\",\"@id\":\"https:\/\/dariusz-muszer.de\/pl\/proza\/pole-czaszek\/\",\"url\":\"https:\/\/dariusz-muszer.de\/pl\/proza\/pole-czaszek\/\",\"name\":\"Pole Czaszek - Dariusz Muszer\",\"isPartOf\":{\"@id\":\"https:\/\/dariusz-muszer.de\/pl\/#website\"},\"primaryImageOfPage\":{\"@id\":\"https:\/\/dariusz-muszer.de\/pl\/proza\/pole-czaszek\/#primaryimage\"},\"image\":{\"@id\":\"https:\/\/dariusz-muszer.de\/pl\/proza\/pole-czaszek\/#primaryimage\"},\"thumbnailUrl\":\"http:\/\/dariusz-muszer.de\/pl\/wp-content\/uploads\/sites\/2\/2018\/01\/pole-czaszek-muszer-web-229x300.jpg\",\"datePublished\":\"2017-02-08T11:13:28+00:00\",\"dateModified\":\"2019-09-11T20:42:24+00:00\",\"description\":\"Pole Czaszek: Wojna na paralelnej Ziemi dobieg\u0142a ko\u0144ca, Unia Europejska jest rozwi\u0105zana, ziemia spustoszona i niezdatna do u\u017cytku. Wygin\u0119\u0142y zwierz\u0119ta...\",\"breadcrumb\":{\"@id\":\"https:\/\/dariusz-muszer.de\/pl\/proza\/pole-czaszek\/#breadcrumb\"},\"inLanguage\":\"pl-PL\",\"potentialAction\":[{\"@type\":\"ReadAction\",\"target\":[\"https:\/\/dariusz-muszer.de\/pl\/proza\/pole-czaszek\/\"]}]},{\"@type\":\"ImageObject\",\"inLanguage\":\"pl-PL\",\"@id\":\"https:\/\/dariusz-muszer.de\/pl\/proza\/pole-czaszek\/#primaryimage\",\"url\":\"http:\/\/dariusz-muszer.de\/pl\/wp-content\/uploads\/sites\/2\/2018\/01\/pole-czaszek-muszer-web-229x300.jpg\",\"contentUrl\":\"http:\/\/dariusz-muszer.de\/pl\/wp-content\/uploads\/sites\/2\/2018\/01\/pole-czaszek-muszer-web-229x300.jpg\"},{\"@type\":\"BreadcrumbList\",\"@id\":\"https:\/\/dariusz-muszer.de\/pl\/proza\/pole-czaszek\/#breadcrumb\",\"itemListElement\":[{\"@type\":\"ListItem\",\"position\":1,\"name\":\"Strona g\u0142\u00f3wna\",\"item\":\"https:\/\/dariusz-muszer.de\/pl\/\"},{\"@type\":\"ListItem\",\"position\":2,\"name\":\"Proza\",\"item\":\"https:\/\/dariusz-muszer.de\/pl\/proza\/\"},{\"@type\":\"ListItem\",\"position\":3,\"name\":\"Pole Czaszek\"}]},{\"@type\":\"WebSite\",\"@id\":\"https:\/\/dariusz-muszer.de\/pl\/#website\",\"url\":\"https:\/\/dariusz-muszer.de\/pl\/\",\"name\":\"Dariusz Muszer\",\"description\":\"pisarz\",\"potentialAction\":[{\"@type\":\"SearchAction\",\"target\":{\"@type\":\"EntryPoint\",\"urlTemplate\":\"https:\/\/dariusz-muszer.de\/pl\/?s={search_term_string}\"},\"query-input\":{\"@type\":\"PropertyValueSpecification\",\"valueRequired\":true,\"valueName\":\"search_term_string\"}}],\"inLanguage\":\"pl-PL\"}]}<\/script>\n<!-- \/ Yoast SEO plugin. -->","yoast_head_json":{"title":"Pole Czaszek - Dariusz Muszer","description":"Pole Czaszek: Wojna na paralelnej Ziemi dobieg\u0142a ko\u0144ca, Unia Europejska jest rozwi\u0105zana, ziemia spustoszona i niezdatna do u\u017cytku. Wygin\u0119\u0142y zwierz\u0119ta...","robots":{"index":"index","follow":"follow","max-snippet":"max-snippet:-1","max-image-preview":"max-image-preview:large","max-video-preview":"max-video-preview:-1"},"canonical":"https:\/\/dariusz-muszer.de\/pl\/proza\/pole-czaszek\/","og_locale":"pl_PL","og_type":"article","og_title":"Pole Czaszek - Dariusz Muszer","og_description":"Pole Czaszek: Wojna na paralelnej Ziemi dobieg\u0142a ko\u0144ca, Unia Europejska jest rozwi\u0105zana, ziemia spustoszona i niezdatna do u\u017cytku. Wygin\u0119\u0142y zwierz\u0119ta...","og_url":"https:\/\/dariusz-muszer.de\/pl\/proza\/pole-czaszek\/","og_site_name":"Dariusz Muszer","article_modified_time":"2019-09-11T20:42:24+00:00","og_image":[{"url":"http:\/\/dariusz-muszer.de\/pl\/wp-content\/uploads\/sites\/2\/2018\/01\/pole-czaszek-muszer-web-229x300.jpg","type":"","width":"","height":""}],"twitter_card":"summary_large_image","twitter_misc":{"Szacowany czas czytania":"5 minut"},"schema":{"@context":"https:\/\/schema.org","@graph":[{"@type":"WebPage","@id":"https:\/\/dariusz-muszer.de\/pl\/proza\/pole-czaszek\/","url":"https:\/\/dariusz-muszer.de\/pl\/proza\/pole-czaszek\/","name":"Pole Czaszek - Dariusz Muszer","isPartOf":{"@id":"https:\/\/dariusz-muszer.de\/pl\/#website"},"primaryImageOfPage":{"@id":"https:\/\/dariusz-muszer.de\/pl\/proza\/pole-czaszek\/#primaryimage"},"image":{"@id":"https:\/\/dariusz-muszer.de\/pl\/proza\/pole-czaszek\/#primaryimage"},"thumbnailUrl":"http:\/\/dariusz-muszer.de\/pl\/wp-content\/uploads\/sites\/2\/2018\/01\/pole-czaszek-muszer-web-229x300.jpg","datePublished":"2017-02-08T11:13:28+00:00","dateModified":"2019-09-11T20:42:24+00:00","description":"Pole Czaszek: Wojna na paralelnej Ziemi dobieg\u0142a ko\u0144ca, Unia Europejska jest rozwi\u0105zana, ziemia spustoszona i niezdatna do u\u017cytku. Wygin\u0119\u0142y zwierz\u0119ta...","breadcrumb":{"@id":"https:\/\/dariusz-muszer.de\/pl\/proza\/pole-czaszek\/#breadcrumb"},"inLanguage":"pl-PL","potentialAction":[{"@type":"ReadAction","target":["https:\/\/dariusz-muszer.de\/pl\/proza\/pole-czaszek\/"]}]},{"@type":"ImageObject","inLanguage":"pl-PL","@id":"https:\/\/dariusz-muszer.de\/pl\/proza\/pole-czaszek\/#primaryimage","url":"http:\/\/dariusz-muszer.de\/pl\/wp-content\/uploads\/sites\/2\/2018\/01\/pole-czaszek-muszer-web-229x300.jpg","contentUrl":"http:\/\/dariusz-muszer.de\/pl\/wp-content\/uploads\/sites\/2\/2018\/01\/pole-czaszek-muszer-web-229x300.jpg"},{"@type":"BreadcrumbList","@id":"https:\/\/dariusz-muszer.de\/pl\/proza\/pole-czaszek\/#breadcrumb","itemListElement":[{"@type":"ListItem","position":1,"name":"Strona g\u0142\u00f3wna","item":"https:\/\/dariusz-muszer.de\/pl\/"},{"@type":"ListItem","position":2,"name":"Proza","item":"https:\/\/dariusz-muszer.de\/pl\/proza\/"},{"@type":"ListItem","position":3,"name":"Pole Czaszek"}]},{"@type":"WebSite","@id":"https:\/\/dariusz-muszer.de\/pl\/#website","url":"https:\/\/dariusz-muszer.de\/pl\/","name":"Dariusz Muszer","description":"pisarz","potentialAction":[{"@type":"SearchAction","target":{"@type":"EntryPoint","urlTemplate":"https:\/\/dariusz-muszer.de\/pl\/?s={search_term_string}"},"query-input":{"@type":"PropertyValueSpecification","valueRequired":true,"valueName":"search_term_string"}}],"inLanguage":"pl-PL"}]}},"_links":{"self":[{"href":"https:\/\/dariusz-muszer.de\/pl\/wp-json\/wp\/v2\/pages\/1021","targetHints":{"allow":["GET"]}}],"collection":[{"href":"https:\/\/dariusz-muszer.de\/pl\/wp-json\/wp\/v2\/pages"}],"about":[{"href":"https:\/\/dariusz-muszer.de\/pl\/wp-json\/wp\/v2\/types\/page"}],"author":[{"embeddable":true,"href":"https:\/\/dariusz-muszer.de\/pl\/wp-json\/wp\/v2\/users\/1"}],"replies":[{"embeddable":true,"href":"https:\/\/dariusz-muszer.de\/pl\/wp-json\/wp\/v2\/comments?post=1021"}],"version-history":[{"count":13,"href":"https:\/\/dariusz-muszer.de\/pl\/wp-json\/wp\/v2\/pages\/1021\/revisions"}],"predecessor-version":[{"id":1095,"href":"https:\/\/dariusz-muszer.de\/pl\/wp-json\/wp\/v2\/pages\/1021\/revisions\/1095"}],"up":[{"embeddable":true,"href":"https:\/\/dariusz-muszer.de\/pl\/wp-json\/wp\/v2\/pages\/92"}],"wp:attachment":[{"href":"https:\/\/dariusz-muszer.de\/pl\/wp-json\/wp\/v2\/media?parent=1021"}],"curies":[{"name":"wp","href":"https:\/\/api.w.org\/{rel}","templated":true}]}}